{"id":7246,"date":"2022-03-06T10:36:11","date_gmt":"2022-03-06T13:36:11","guid":{"rendered":"https:\/\/proservice.com.ar\/?post_type=product&#038;p=7246"},"modified":"2025-03-06T13:00:05","modified_gmt":"2025-03-06T16:00:05","slug":"blackmagic-design-multiview-4","status":"publish","type":"product","link":"https:\/\/proservice.com.ar\/index.php\/product\/blackmagic-design-multiview-4\/","title":{"rendered":"Blackmagic Design MultiView 4"},"content":{"rendered":"<p>El modelo Blackmagic Design MultiView 4 cuenta con cuatro entradas 6G-SDI de 10 bits que permiten monitorear fuentes SD, HD o 4K en cualquier combinaci\u00f3n en monitores o televisores Ultra HD. Esto permite aprovechar las pantallas de alta resoluci\u00f3n para ver cada fuente con mayor claridad. El MultiView 4 permite una visualizaci\u00f3n 2&#215;2 con cada entrada completamente resincronizada. Se proporcionan una salida 6G-SDI y una salida HDMI multivista, as\u00ed como una salida de bucle para cada entrada 6G-SDI para enviar las se\u00f1ales a dispositivos adicionales. El MultiView 4<\/p>\n<p>est\u00e1 alojado en un marco de aluminio mecanizado de 1 RU y est\u00e1 listo para usarse en el estudio, en un cami\u00f3n de transmisi\u00f3n o incluso en locaciones. Se puede controlar con el software de control incluido a trav\u00e9s del puerto Ethernet o mediante un panel frontal Teranex opcional (no incluido). Para una f\u00e1cil integraci\u00f3n en cualquier instalaci\u00f3n, una fuente de alimentaci\u00f3n multivoltaje incorporada admite de 90 a 240 V CA, o puede alimentar la unidad con 48 V CC PoE+.<\/p>\n<p>Nota: El cable de alimentaci\u00f3n IEC no est\u00e1 incluido.<\/p>\n<p>Salida multivista nativa Ultra HD<br \/>\n4 entradas 6G-SDI; acepta se\u00f1ales SD, HD, Ultra HD y DCI 4K<br \/>\nAdmite Ultra HD 4K (3840 x 2160) hasta 30p; DCI 4K (4096 x 2160) a 24p<br \/>\n1 salida multivista 6G-SDI y 1 salida HDMI<br \/>\n4 salidas de bucle SDI<br \/>\nConfiguraciones de m\u00faltiples vistas 2&#215;2<br \/>\nMedidores de audio de 2 canales para cada vista<br \/>\nCompatibilidad con SD 16&#215;9<br \/>\nCompatibilidad con Tally con conmutadores ATEM a trav\u00e9s del panel inteligente Teranex Mini opcional<br \/>\nChasis de aluminio mecanizado de 1 RU<br \/>\nControl de software a trav\u00e9s de Ethernet; compatible con el protocolo de enrutador Videohub<br \/>\nFuente de alimentaci\u00f3n incorporada de 90 a 240 V CA<br \/>\nSe requiere cable de alimentaci\u00f3n IEC<br \/>\nAdmite PoE+ 48 VCC<\/p>\n<p>Caracter\u00edsticas principales:<br \/>\n4 entradas 6G-SDI con salidas de bucle<br \/>\n1 salida SDI y 1 salida HDMI MultiView<br \/>\nAdmite SD, HD, UHD 4K, DCI 4K<br \/>\nLas entradas independientes permiten mezclar formatos<br \/>\nConfiguraci\u00f3n est\u00e1ndar 2&#215;2<br \/>\nEthernet para control remoto<br \/>\nChasis de aluminio mecanizado de 1 RU de altura<br \/>\nFuente de alimentaci\u00f3n multivoltaje incorporada<br \/>\nAcepta PoE+ de 48 VCC<\/p>\n","protected":false},"excerpt":{"rendered":"<p>HDL-MULTIP6G\/04<\/p>\n","protected":false},"featured_media":7247,"template":"","meta":{"om_disable_all_campaigns":false},"pwb-brand":[],"product_brand":[],"product_cat":[71],"product_tag":[621],"class_list":{"0":"post-7246","1":"product","2":"type-product","3":"status-publish","4":"has-post-thumbnail","6":"product_cat-blackmagic-design","7":"product_tag-hdl-multip6g-04","9":"first","10":"onbackorder","11":"shipping-taxable","12":"product-type-simple"},"aioseo_notices":[],"jetpack_sharing_enabled":true,"brands":[],"_links":{"self":[{"href":"https:\/\/proservice.com.ar\/index.php\/wp-json\/wp\/v2\/product\/7246","targetHints":{"allow":["GET"]}}],"collection":[{"href":"https:\/\/proservice.com.ar\/index.php\/wp-json\/wp\/v2\/product"}],"about":[{"href":"https:\/\/proservice.com.ar\/index.php\/wp-json\/wp\/v2\/types\/product"}],"wp:featuredmedia":[{"embeddable":true,"href":"https:\/\/proservice.com.ar\/index.php\/wp-json\/wp\/v2\/media\/7247"}],"wp:attachment":[{"href":"https:\/\/proservice.com.ar\/index.php\/wp-json\/wp\/v2\/media?parent=7246"}],"wp:term":[{"taxonomy":"pwb-brand","embeddable":true,"href":"https:\/\/proservice.com.ar\/index.php\/wp-json\/wp\/v2\/pwb-brand?post=7246"},{"taxonomy":"product_brand","embeddable":true,"href":"https:\/\/proservice.com.ar\/index.php\/wp-json\/wp\/v2\/product_brand?post=7246"},{"taxonomy":"product_cat","embeddable":true,"href":"https:\/\/proservice.com.ar\/index.php\/wp-json\/wp\/v2\/product_cat?post=7246"},{"taxonomy":"product_tag","embeddable":true,"href":"https:\/\/proservice.com.ar\/index.php\/wp-json\/wp\/v2\/product_tag?post=7246"}],"curies":[{"name":"wp","href":"https:\/\/api.w.org\/{rel}","templated":true}]}}