{"id":7251,"date":"2022-03-06T10:48:03","date_gmt":"2022-03-06T13:48:03","guid":{"rendered":"https:\/\/proservice.com.ar\/?post_type=product&#038;p=7251"},"modified":"2025-03-06T12:59:51","modified_gmt":"2025-03-06T15:59:51","slug":"blackmagic-design-multiview-16","status":"publish","type":"product","link":"https:\/\/proservice.com.ar\/index.php\/product\/blackmagic-design-multiview-16\/","title":{"rendered":"Blackmagic Design MultiView 16"},"content":{"rendered":"<p>El modelo Blackmagic Design MultiView 16 cuenta con diecis\u00e9is entradas 6G-SDI de 10 bits que permiten supervisar fuentes SD, HD o 4K en cualquier combinaci\u00f3n en monitores o televisores Ultra HD. Esto permite aprovechar las pantallas de alta resoluci\u00f3n para ver cada fuente con mayor claridad. El MultiView 16 permite seleccionar 4, 9 o 19 vistas, con cada entrada completamente resincronizada. Se proporcionan dos salidas multivista HD-SDI, dos 6G-SDI y una HDMI, as\u00ed como una salida de bucle para cada entrada 6G-SDI para enviar las se\u00f1ales a dispositivos adicionales.<\/p>\n<p>El MultiView 16, alojado en un marco de aluminio mecanizado de 1 RU, est\u00e1 listo para usarse en el estudio, en un cami\u00f3n de transmisi\u00f3n o incluso en exteriores. Se puede controlar mediante los botones iluminados, la perilla giratoria y la pantalla LCD de 1,5&#8243; en el panel frontal, o con el software de control incluido a trav\u00e9s del puerto Ethernet. Un bot\u00f3n SOLO permite poner en pantalla completa instant\u00e1neamente una sola fuente. Para una f\u00e1cil integraci\u00f3n en cualquier instalaci\u00f3n, una fuente de alimentaci\u00f3n multivoltaje incorporada admite de 100 a 240 V CA.<\/p>\n<p>Caracter\u00edsticas principales:<br \/>\n16 entradas 6G-SDI con salidas de bucle<br \/>\n1 x HDMI, 4 x salidas multivista SDI<br \/>\nAdmite SD, HD, Ultra HD 4K, DCI 4K<br \/>\nCuadr\u00edculas multivista de 2 x 2, 3 x 3, 4 x 4<br \/>\nPantalla LCD incorporada con control de perilla giratoria<br \/>\nBotones pulsadores en el panel frontal<br \/>\nEthernet para control remoto<br \/>\nChasis de aluminio mecanizado de 1 RU<br \/>\nFuente de alimentaci\u00f3n multivoltaje incorporada<\/p>\n","protected":false},"excerpt":{"rendered":"<p>HDL-MULTIP6G\/16<\/p>\n","protected":false},"featured_media":7252,"template":"","meta":{"om_disable_all_campaigns":false},"pwb-brand":[],"product_brand":[],"product_cat":[71],"product_tag":[622],"class_list":{"0":"post-7251","1":"product","2":"type-product","3":"status-publish","4":"has-post-thumbnail","6":"product_cat-blackmagic-design","7":"product_tag-hdl-multip6g-16","9":"first","10":"onbackorder","11":"shipping-taxable","12":"product-type-simple"},"aioseo_notices":[],"jetpack_sharing_enabled":true,"brands":[],"_links":{"self":[{"href":"https:\/\/proservice.com.ar\/index.php\/wp-json\/wp\/v2\/product\/7251","targetHints":{"allow":["GET"]}}],"collection":[{"href":"https:\/\/proservice.com.ar\/index.php\/wp-json\/wp\/v2\/product"}],"about":[{"href":"https:\/\/proservice.com.ar\/index.php\/wp-json\/wp\/v2\/types\/product"}],"wp:featuredmedia":[{"embeddable":true,"href":"https:\/\/proservice.com.ar\/index.php\/wp-json\/wp\/v2\/media\/7252"}],"wp:attachment":[{"href":"https:\/\/proservice.com.ar\/index.php\/wp-json\/wp\/v2\/media?parent=7251"}],"wp:term":[{"taxonomy":"pwb-brand","embeddable":true,"href":"https:\/\/proservice.com.ar\/index.php\/wp-json\/wp\/v2\/pwb-brand?post=7251"},{"taxonomy":"product_brand","embeddable":true,"href":"https:\/\/proservice.com.ar\/index.php\/wp-json\/wp\/v2\/product_brand?post=7251"},{"taxonomy":"product_cat","embeddable":true,"href":"https:\/\/proservice.com.ar\/index.php\/wp-json\/wp\/v2\/product_cat?post=7251"},{"taxonomy":"product_tag","embeddable":true,"href":"https:\/\/proservice.com.ar\/index.php\/wp-json\/wp\/v2\/product_tag?post=7251"}],"curies":[{"name":"wp","href":"https:\/\/api.w.org\/{rel}","templated":true}]}}