{"id":7257,"date":"2022-03-06T11:38:35","date_gmt":"2022-03-06T14:38:35","guid":{"rendered":"https:\/\/proservice.com.ar\/?post_type=product&#038;p=7257"},"modified":"2026-04-01T12:19:13","modified_gmt":"2026-04-01T15:19:13","slug":"blackmagic-design-smartview-4k-2-15-6-dci-4k-broadcast-monitor-6-ru","status":"publish","type":"product","link":"https:\/\/proservice.com.ar\/index.php\/product\/blackmagic-design-smartview-4k-2-15-6-dci-4k-broadcast-monitor-6-ru\/","title":{"rendered":"Blackmagic Design SmartView 4K 2 15.6&#8243; DCI 4K Broadcast Monitor (6 RU)"},"content":{"rendered":"<p>El modelo SmartView 4K 2 de Blackmagic Design es un monitor LCD TFT de 15,6&#8243; con una resoluci\u00f3n nativa de 3840 x 2160 y dos entradas SDI 12G multifrecuencia. Las entradas alternan autom\u00e1ticamente entre formatos SD, HD y 4K, incluido hasta DCI 4K (4096 x 2160) a 60 f\/s. Un conector de fibra \u00f3ptica compatible con SMPTE permite agregar un m\u00f3dulo independiente para la entrada de fibra SDI.<br \/>\nAl monitorear fuentes SDI en SD, 720p o 1080p, el procesador Teranex integrado utiliza los algoritmos PixelMotion de Blackmagic para desentrelazar y escalar autom\u00e1ticamente el video hasta UHD 4K. Esto brinda a los usuarios una calidad de imagen \u00f3ptima, incluso cuando trabajan con im\u00e1genes de menor resoluci\u00f3n.<br \/>\nEl marco de metal mecanizado del SmartView 4K 2 ofrece botones de control integrados para acceder a funciones de transmisi\u00f3n avanzadas, como LUT 3D, retardo H\/V, solo canal azul y marcadores de cuadro personalizables. El chasis se puede montar en bastidor (6 RU) y tambi\u00e9n tiene orificios de montaje VESA para la instalaci\u00f3n en brazos articulados.<br \/>\nAdem\u00e1s de los botones del panel frontal, el monitor se puede controlar de forma remota a trav\u00e9s de la conexi\u00f3n Ethernet trasera mediante el software descargable para Mac o Windows, ideal para configuraciones de dif\u00edcil acceso. Con entradas de alimentaci\u00f3n de CA y de 12 VCC, el SmartView 4K es ideal para su uso en el estudio o en el plat\u00f3.<\/p>\n<p>Caracter\u00edsticas principales<br \/>\nLCD TFT de matriz activa de 15,6&#8243; y 3840 x 2160<br \/>\nAdmite v\u00eddeo hasta DCI 4K60<br \/>\n2 entradas SDI 12G multifrecuencia<br \/>\n1 x conector SDI de fibra \u00f3ptica<br \/>\nSalida de bucle SDI, entrada de tally<br \/>\nSoporte dual de LUT 3D<br \/>\nPico, zoom y marcadores ajustables<br \/>\nRetardo H\/V, solo azul y marcadores de cuadro<br \/>\nPanel frontal y control Ethernet<br \/>\nConvierte SD\/HD a UHD<\/p>\n","protected":false},"excerpt":{"rendered":"<p>HDL-SMTV4K12G2<\/p>\n","protected":false},"featured_media":7260,"template":"","meta":{"om_disable_all_campaigns":false},"pwb-brand":[],"product_brand":[],"product_cat":[71],"product_tag":[623],"class_list":{"0":"post-7257","1":"product","2":"type-product","3":"status-publish","4":"has-post-thumbnail","6":"product_cat-blackmagic-design","7":"product_tag-hdl-smtv4k12g2","9":"first","10":"onbackorder","11":"shipping-taxable","12":"product-type-simple"},"aioseo_notices":[],"jetpack_sharing_enabled":true,"brands":[],"_links":{"self":[{"href":"https:\/\/proservice.com.ar\/index.php\/wp-json\/wp\/v2\/product\/7257","targetHints":{"allow":["GET"]}}],"collection":[{"href":"https:\/\/proservice.com.ar\/index.php\/wp-json\/wp\/v2\/product"}],"about":[{"href":"https:\/\/proservice.com.ar\/index.php\/wp-json\/wp\/v2\/types\/product"}],"wp:featuredmedia":[{"embeddable":true,"href":"https:\/\/proservice.com.ar\/index.php\/wp-json\/wp\/v2\/media\/7260"}],"wp:attachment":[{"href":"https:\/\/proservice.com.ar\/index.php\/wp-json\/wp\/v2\/media?parent=7257"}],"wp:term":[{"taxonomy":"pwb-brand","embeddable":true,"href":"https:\/\/proservice.com.ar\/index.php\/wp-json\/wp\/v2\/pwb-brand?post=7257"},{"taxonomy":"product_brand","embeddable":true,"href":"https:\/\/proservice.com.ar\/index.php\/wp-json\/wp\/v2\/product_brand?post=7257"},{"taxonomy":"product_cat","embeddable":true,"href":"https:\/\/proservice.com.ar\/index.php\/wp-json\/wp\/v2\/product_cat?post=7257"},{"taxonomy":"product_tag","embeddable":true,"href":"https:\/\/proservice.com.ar\/index.php\/wp-json\/wp\/v2\/product_tag?post=7257"}],"curies":[{"name":"wp","href":"https:\/\/api.w.org\/{rel}","templated":true}]}}