{"id":7261,"date":"2022-03-06T12:05:32","date_gmt":"2022-03-06T15:05:32","guid":{"rendered":"https:\/\/proservice.com.ar\/?post_type=product&#038;p=7261"},"modified":"2025-03-06T12:59:29","modified_gmt":"2025-03-06T15:59:29","slug":"blackmagic-design-smartview-duo-rackmountable-dual-8-lcd-monitors","status":"publish","type":"product","link":"https:\/\/proservice.com.ar\/index.php\/product\/blackmagic-design-smartview-duo-rackmountable-dual-8-lcd-monitors\/","title":{"rendered":"Blackmagic Design SmartView Duo Rackmountable Dual 8&#8243; LCD Monitors"},"content":{"rendered":"<p>El SmartView Duo de Blackmagic Design consta de un par de monitores LCD de 8&#8243; uno al lado del otro, ambos con una entrada 3G\/HD\/SD-SDI con selecci\u00f3n autom\u00e1tica, que se encuentran alojados en un factor de forma de 3 RU de alto y que se puede montar en rack. Ideal para transmisiones en vivo y producci\u00f3n de video m\u00f3vil, el delgado SmartView Duo cuenta con un indicador tally integrado (entrada a trav\u00e9s de un conector D est\u00e1ndar de 9 pines) que muestra claramente el estado del video al mostrar un anillo rojo, verde o azul que bordea la pantalla en cuesti\u00f3n.<\/p>\n<p>Las entradas SDI con conmutaci\u00f3n autom\u00e1tica de las pantallas con resoluci\u00f3n de 800 x 480 aceptan una gama extremadamente amplia de se\u00f1ales digitales, desde 525i y 625i de definici\u00f3n est\u00e1ndar hasta 1080p60 de alta definici\u00f3n progresiva completa y varios tipos de video con resoluci\u00f3n 2K. Hay un BNC de salida en bucle para ambas entradas, con resincronizaci\u00f3n de la se\u00f1al. Para la configuraci\u00f3n y los ajustes de la pantalla, adem\u00e1s de las actualizaciones de firmware, el SmartView Duo tiene entradas USB 2.0 y Ethernet.<\/p>\n<p>En el caso del SmartView Duo, un dise\u00f1o elegante ofrece ventajas pr\u00e1cticas. El grosor del panel de doble pantalla (menos de 1&#8243;) significa que es m\u00e1s f\u00e1cil de instalar, transportar y enviar. La falta de controles mec\u00e1nicos en el panel en s\u00ed elimina los ajustes involuntarios de la ecuaci\u00f3n. La funci\u00f3n de giro autom\u00e1tico de im\u00e1genes significa que las pantallas se pueden girar boca abajo para lograr el mejor \u00e1ngulo de visi\u00f3n.<\/p>\n<p>Caracter\u00edsticas principales:<br \/>\nEntradas 3G\/HD\/SD-SDI, ambas con salida en bucle<br \/>\nTally integrado para transmisi\u00f3n en vivo<br \/>\nEntrada Ethernet para ajustes<br \/>\nFirmware actualizable a trav\u00e9s de USB<br \/>\nCompatibilidad con SD 2K, 1080i\/p, 720p y 50\/60 Hz<br \/>\nColor de 10 bits y muestreo 4:2:2\/4:4:4<br \/>\nResoluci\u00f3n 800 x 480<\/p>\n","protected":false},"excerpt":{"rendered":"<p>HDL-SMTVDUO2<\/p>\n","protected":false},"featured_media":7264,"template":"","meta":{"om_disable_all_campaigns":false},"pwb-brand":[],"product_brand":[],"product_cat":[71],"product_tag":[624],"class_list":{"0":"post-7261","1":"product","2":"type-product","3":"status-publish","4":"has-post-thumbnail","6":"product_cat-blackmagic-design","7":"product_tag-hdl-smtvduo2","9":"first","10":"onbackorder","11":"shipping-taxable","12":"product-type-simple"},"aioseo_notices":[],"jetpack_sharing_enabled":true,"brands":[],"_links":{"self":[{"href":"https:\/\/proservice.com.ar\/index.php\/wp-json\/wp\/v2\/product\/7261","targetHints":{"allow":["GET"]}}],"collection":[{"href":"https:\/\/proservice.com.ar\/index.php\/wp-json\/wp\/v2\/product"}],"about":[{"href":"https:\/\/proservice.com.ar\/index.php\/wp-json\/wp\/v2\/types\/product"}],"wp:featuredmedia":[{"embeddable":true,"href":"https:\/\/proservice.com.ar\/index.php\/wp-json\/wp\/v2\/media\/7264"}],"wp:attachment":[{"href":"https:\/\/proservice.com.ar\/index.php\/wp-json\/wp\/v2\/media?parent=7261"}],"wp:term":[{"taxonomy":"pwb-brand","embeddable":true,"href":"https:\/\/proservice.com.ar\/index.php\/wp-json\/wp\/v2\/pwb-brand?post=7261"},{"taxonomy":"product_brand","embeddable":true,"href":"https:\/\/proservice.com.ar\/index.php\/wp-json\/wp\/v2\/product_brand?post=7261"},{"taxonomy":"product_cat","embeddable":true,"href":"https:\/\/proservice.com.ar\/index.php\/wp-json\/wp\/v2\/product_cat?post=7261"},{"taxonomy":"product_tag","embeddable":true,"href":"https:\/\/proservice.com.ar\/index.php\/wp-json\/wp\/v2\/product_tag?post=7261"}],"curies":[{"name":"wp","href":"https:\/\/api.w.org\/{rel}","templated":true}]}}