{"id":7265,"date":"2022-03-06T12:19:42","date_gmt":"2022-03-06T15:19:42","guid":{"rendered":"https:\/\/proservice.com.ar\/?post_type=product&#038;p=7265"},"modified":"2025-03-06T12:59:21","modified_gmt":"2025-03-06T15:59:21","slug":"blackmagic-design-teranex-express","status":"publish","type":"product","link":"https:\/\/proservice.com.ar\/index.php\/product\/blackmagic-design-teranex-express\/","title":{"rendered":"Blackmagic Design Teranex Express"},"content":{"rendered":"<p>El Teranex Express de Blackmagic Design es un convertidor de se\u00f1ales en tiempo real para transmisiones en SD, HD y Ultra HD. Esto le permite convertir su material en SD y HD a Ultra HD 4K (3840 x 2160) para presentaciones en pantallas grandes de alta resoluci\u00f3n, o convertir su material en Ultra HD para visualizarlo en monitores HD. Con la tecnolog\u00eda de procesamiento avanzada desarrollada y patentada por Teranex, obtiene un procesamiento completo de 10 bits con algoritmos de escalado Ultra HD y desentrelazado de alta calidad. Tambi\u00e9n puede usar el Teranex Express para sincronizar se\u00f1ales externas sin genlock o c\u00e1maras en mezcladores para producci\u00f3n en vivo. Las conversiones conservan el c\u00f3digo de tiempo, incluyen datos de subt\u00edtulos y mantienen la sincronizaci\u00f3n de audio para que su video est\u00e9 listo para su edici\u00f3n o transmisi\u00f3n en tiempo real.<\/p>\n<p>Caracter\u00edsticas principales:<br \/>\nConvertidor de transmisi\u00f3n ascendente\/descendente en tiempo real<br \/>\nEntrada\/salida 12G-SDI y enlace dual 6G-SDI<br \/>\nCompatible con SD\/HD\/3G-SDI<br \/>\nCompatibilidad con SD, HD y Ultra HD (3840&#215;2160)<br \/>\nEscala ajustable<br \/>\nConversi\u00f3n de relaci\u00f3n de aspecto<br \/>\nCompatibilidad con subt\u00edtulos y c\u00f3digo de tiempo<br \/>\nEntrada de referencia de Genlock<br \/>\nM\u00f3dulo de salida de fibra \u00f3ptica opcional<br \/>\nFuente de alimentaci\u00f3n internacional incorporada<\/p>\n","protected":false},"excerpt":{"rendered":"<p>TERANEXEXP12GDL<\/p>\n","protected":false},"featured_media":7269,"template":"","meta":{"om_disable_all_campaigns":false},"pwb-brand":[],"product_brand":[],"product_cat":[71],"product_tag":[625],"class_list":{"0":"post-7265","1":"product","2":"type-product","3":"status-publish","4":"has-post-thumbnail","6":"product_cat-blackmagic-design","7":"product_tag-teranexexp12gdl","9":"first","10":"onbackorder","11":"shipping-taxable","12":"product-type-simple"},"aioseo_notices":[],"jetpack_sharing_enabled":true,"brands":[],"_links":{"self":[{"href":"https:\/\/proservice.com.ar\/index.php\/wp-json\/wp\/v2\/product\/7265","targetHints":{"allow":["GET"]}}],"collection":[{"href":"https:\/\/proservice.com.ar\/index.php\/wp-json\/wp\/v2\/product"}],"about":[{"href":"https:\/\/proservice.com.ar\/index.php\/wp-json\/wp\/v2\/types\/product"}],"wp:featuredmedia":[{"embeddable":true,"href":"https:\/\/proservice.com.ar\/index.php\/wp-json\/wp\/v2\/media\/7269"}],"wp:attachment":[{"href":"https:\/\/proservice.com.ar\/index.php\/wp-json\/wp\/v2\/media?parent=7265"}],"wp:term":[{"taxonomy":"pwb-brand","embeddable":true,"href":"https:\/\/proservice.com.ar\/index.php\/wp-json\/wp\/v2\/pwb-brand?post=7265"},{"taxonomy":"product_brand","embeddable":true,"href":"https:\/\/proservice.com.ar\/index.php\/wp-json\/wp\/v2\/product_brand?post=7265"},{"taxonomy":"product_cat","embeddable":true,"href":"https:\/\/proservice.com.ar\/index.php\/wp-json\/wp\/v2\/product_cat?post=7265"},{"taxonomy":"product_tag","embeddable":true,"href":"https:\/\/proservice.com.ar\/index.php\/wp-json\/wp\/v2\/product_tag?post=7265"}],"curies":[{"name":"wp","href":"https:\/\/api.w.org\/{rel}","templated":true}]}}