{"id":7270,"date":"2022-03-06T12:28:49","date_gmt":"2022-03-06T15:28:49","guid":{"rendered":"https:\/\/proservice.com.ar\/?post_type=product&#038;p=7270"},"modified":"2025-03-06T12:59:14","modified_gmt":"2025-03-06T15:59:14","slug":"blackmagic-design-pyxis-6k-cinema-box-camera-leica-l","status":"publish","type":"product","link":"https:\/\/proservice.com.ar\/index.php\/product\/blackmagic-design-pyxis-6k-cinema-box-camera-leica-l\/","title":{"rendered":"Blackmagic Design PYXIS 6K Cinema Box Camera (Leica L)"},"content":{"rendered":"<p>La c\u00e1mara Blackmagic Design PYXIS 6K Cinema Box Camera incorpora las innovaciones cinematogr\u00e1ficas digitales de la Blackmagic Design Cinema Camera 6K y la convierte en una c\u00e1mara cinematogr\u00e1fica de estilo caja con una montura de lente Leica L nativa con placas laterales personalizables. Un sensor 6K de fotograma completo captura colores intensos, tonos de piel precisos y un amplio rango din\u00e1mico de 13 pasos con su sensor expandido de 36 x 24 mm. Grabe archivos proxy Blackmagic RAW y H.265 en la nube o incluso transmita directamente a su plataforma de redes sociales de elecci\u00f3n a trav\u00e9s de Ethernet o tecnolog\u00eda m\u00f3vil 4G\/5G. La PYXIS puede filmar videos de hasta 6K Open Gate 3:2 a 36 fps o videos anam\u00f3rficos 6K 6:5 a 60 fps, entre otras resoluciones seleccionables.<\/p>\n<p>Caracter\u00edsticas principales<br \/>\nSensor 6K de fotograma completo<br \/>\nHasta 6K36 fps Puerta abierta \/ Anam\u00f3rfico 6K<br \/>\nRango din\u00e1mico de 13 pasos, ISO nativo dual<br \/>\nMontura de lente Leica L<br \/>\nPantalla t\u00e1ctil LCD HDR de 4&#8243;<br \/>\nGraba archivos Blackmagic RAW y H.264 Proxies<br \/>\nTransmisi\u00f3n integrada a trav\u00e9s de Ethernet o 4G\/5G<br \/>\nPlacas laterales conmutables, roscas de montaje<br \/>\nDos ranuras para tarjetas CFexpress, puerto USB-C<br \/>\nPuertos Ethernet y 12G-SDI<\/p>\n","protected":false},"excerpt":{"rendered":"<p>CINECAMCPYXH60LFPL<\/p>\n","protected":false},"featured_media":7273,"template":"","meta":{"om_disable_all_campaigns":false},"pwb-brand":[],"product_brand":[],"product_cat":[71],"product_tag":[627],"class_list":{"0":"post-7270","1":"product","2":"type-product","3":"status-publish","4":"has-post-thumbnail","6":"product_cat-blackmagic-design","7":"product_tag-cinecamcpyxh60lfpl","9":"first","10":"onbackorder","11":"shipping-taxable","12":"product-type-simple"},"aioseo_notices":[],"jetpack_sharing_enabled":true,"brands":[],"_links":{"self":[{"href":"https:\/\/proservice.com.ar\/index.php\/wp-json\/wp\/v2\/product\/7270","targetHints":{"allow":["GET"]}}],"collection":[{"href":"https:\/\/proservice.com.ar\/index.php\/wp-json\/wp\/v2\/product"}],"about":[{"href":"https:\/\/proservice.com.ar\/index.php\/wp-json\/wp\/v2\/types\/product"}],"wp:featuredmedia":[{"embeddable":true,"href":"https:\/\/proservice.com.ar\/index.php\/wp-json\/wp\/v2\/media\/7273"}],"wp:attachment":[{"href":"https:\/\/proservice.com.ar\/index.php\/wp-json\/wp\/v2\/media?parent=7270"}],"wp:term":[{"taxonomy":"pwb-brand","embeddable":true,"href":"https:\/\/proservice.com.ar\/index.php\/wp-json\/wp\/v2\/pwb-brand?post=7270"},{"taxonomy":"product_brand","embeddable":true,"href":"https:\/\/proservice.com.ar\/index.php\/wp-json\/wp\/v2\/product_brand?post=7270"},{"taxonomy":"product_cat","embeddable":true,"href":"https:\/\/proservice.com.ar\/index.php\/wp-json\/wp\/v2\/product_cat?post=7270"},{"taxonomy":"product_tag","embeddable":true,"href":"https:\/\/proservice.com.ar\/index.php\/wp-json\/wp\/v2\/product_tag?post=7270"}],"curies":[{"name":"wp","href":"https:\/\/api.w.org\/{rel}","templated":true}]}}