{"id":7276,"date":"2022-03-06T13:05:37","date_gmt":"2022-03-06T16:05:37","guid":{"rendered":"https:\/\/proservice.com.ar\/?post_type=product&#038;p=7276"},"modified":"2025-03-07T09:41:30","modified_gmt":"2025-03-07T12:41:30","slug":"blackmagic-design-ursa-cine-12k-lf-camera-body-only-canon-ef","status":"publish","type":"product","link":"https:\/\/proservice.com.ar\/index.php\/product\/blackmagic-design-ursa-cine-12k-lf-camera-body-only-canon-ef\/","title":{"rendered":"Blackmagic Design URSA Cine 12K LF Camera (Body Only, Canon EF)"},"content":{"rendered":"<p>Captura la esencia de tu historia con un aspecto y una sensaci\u00f3n verdaderamente cinematogr\u00e1ficos con la c\u00e1mara URSA Cine 12K LF redise\u00f1ada de Blackmagic Design . Este modelo URSA Cine 12K solo para el cuerpo cuenta con un sensor cinematogr\u00e1fico de fotograma completo 12K de 36 x 24 mm con un rango din\u00e1mico anunciado de 16 pasos y captura Blackmagic RAW hasta 12K 3:2 de puerta abierta. La vers\u00e1til c\u00e1mara cuenta con transmisi\u00f3n en vivo por Wi-Fi y SRT, filtros ND integrados, conexiones de control\/alimentaci\u00f3n est\u00e1ndar LEMO y Fischer y redes de alta velocidad para almacenamiento en la nube y medios SSD M.2. Viene predeterminada con una montura EF con bloqueo y todos los dem\u00e1s accesorios son opcionales.<\/p>\n<p>Caracter\u00edsticas principales:<br \/>\nSensor 12K de formato grande y fotograma completo<br \/>\n16 pasos de rango din\u00e1mico<br \/>\nBlackmagic RAW hasta 12K 3:2 Puerta abierta<br \/>\nTransmisi\u00f3n a trav\u00e9s de RTMP\/SRT mediante Wi-Fi\/RJ45\/USB-C<br \/>\nFiltros IRND transparentes incorporados de 2\/4\/6 pasos<br \/>\nMonitor plegable de 5&#8243; y 1500 cd\/m\u00b2 integrado<br \/>\nSalida 12G-SDI, puertos de expansi\u00f3n USB-C<br \/>\nPuertos de control de c\u00f3digo de tiempo\/REF, LEMO\/Fischer<br \/>\n2 entradas de audio XLR de 3 pines balanceadas<\/p>\n","protected":false},"excerpt":{"rendered":"<p>CINEURSAA12KLFBODY<\/p>\n","protected":false},"featured_media":7278,"template":"","meta":{"om_disable_all_campaigns":false},"pwb-brand":[],"product_brand":[],"product_cat":[71],"product_tag":[628],"class_list":{"0":"post-7276","1":"product","2":"type-product","3":"status-publish","4":"has-post-thumbnail","6":"product_cat-blackmagic-design","7":"product_tag-cineursaa12klfbody","9":"first","10":"onbackorder","11":"shipping-taxable","12":"product-type-simple"},"aioseo_notices":[],"jetpack_sharing_enabled":true,"brands":[],"_links":{"self":[{"href":"https:\/\/proservice.com.ar\/index.php\/wp-json\/wp\/v2\/product\/7276","targetHints":{"allow":["GET"]}}],"collection":[{"href":"https:\/\/proservice.com.ar\/index.php\/wp-json\/wp\/v2\/product"}],"about":[{"href":"https:\/\/proservice.com.ar\/index.php\/wp-json\/wp\/v2\/types\/product"}],"wp:featuredmedia":[{"embeddable":true,"href":"https:\/\/proservice.com.ar\/index.php\/wp-json\/wp\/v2\/media\/7278"}],"wp:attachment":[{"href":"https:\/\/proservice.com.ar\/index.php\/wp-json\/wp\/v2\/media?parent=7276"}],"wp:term":[{"taxonomy":"pwb-brand","embeddable":true,"href":"https:\/\/proservice.com.ar\/index.php\/wp-json\/wp\/v2\/pwb-brand?post=7276"},{"taxonomy":"product_brand","embeddable":true,"href":"https:\/\/proservice.com.ar\/index.php\/wp-json\/wp\/v2\/product_brand?post=7276"},{"taxonomy":"product_cat","embeddable":true,"href":"https:\/\/proservice.com.ar\/index.php\/wp-json\/wp\/v2\/product_cat?post=7276"},{"taxonomy":"product_tag","embeddable":true,"href":"https:\/\/proservice.com.ar\/index.php\/wp-json\/wp\/v2\/product_tag?post=7276"}],"curies":[{"name":"wp","href":"https:\/\/api.w.org\/{rel}","templated":true}]}}