{"id":7280,"date":"2022-03-06T14:00:45","date_gmt":"2022-03-06T17:00:45","guid":{"rendered":"https:\/\/proservice.com.ar\/?post_type=product&#038;p=7280"},"modified":"2025-03-07T09:41:26","modified_gmt":"2025-03-07T12:41:26","slug":"blackmagic-design-2110-ip-converter-4x12g-pwr","status":"publish","type":"product","link":"https:\/\/proservice.com.ar\/index.php\/product\/blackmagic-design-2110-ip-converter-4x12g-pwr\/","title":{"rendered":"Blackmagic Design 2110 IP Converter 4x12G PWR"},"content":{"rendered":"<p>Convierta su equipo de transmisi\u00f3n 12G-SDI en compatible con SMPTE-2110 con este convertidor IP 2110 4x12G PWR de Blackmagic Design . El conversor proporciona conexiones de conversi\u00f3n de video IP 12G-SDI bidireccionales a SMPTE-2110 y admite hasta cuatro c\u00e1maras Studio 6K Pro a trav\u00e9s de sus conexiones Ethernet 10G con una entrada 12G-SDI para cada conexi\u00f3n. Tambi\u00e9n admite proporcionar energ\u00eda a las c\u00e1maras Studio a trav\u00e9s de cada conexi\u00f3n Ethernet 10G a trav\u00e9s de PoE. Su dise\u00f1o de 1 RU cabe en un rack de estudio est\u00e1ndar, as\u00ed como una entrada de retorno 12G-SDI y energ\u00eda redundante.<\/p>\n<p>Caracter\u00edsticas<br \/>\nEste convertidor est\u00e1 dise\u00f1ado para agregar video IP SMPTE-2110 a equipos de transmisi\u00f3n 12G-SDI<br \/>\nDise\u00f1o de 1 RU<br \/>\nCuatro convertidores de v\u00eddeo IP bidireccionales independientes 12G-SDI a SMPTE-2110 que utilizan conexiones Ethernet RJ-45 10G<br \/>\nPuede suministrar alta potencia a cada conexi\u00f3n Ethernet 10G garantizada, por lo que puede conectar 4 Blackmagic Studio Camera 6K Pros, todas al mismo tiempo.<br \/>\nCada canal tiene una entrada 12G-SDI, e incluso hay una entrada de retorno de programa 12G-SDI que env\u00eda a todos los canales.<\/p>\n<p>Caracter\u00edsticas principales:<br \/>\nConvierte cuatro dispositivos IP 2110 a 12G-SDI<br \/>\nAlimenta dispositivos simult\u00e1neamente<br \/>\nCompatibilidad con resoluci\u00f3n UHD 4K<br \/>\nUna se\u00f1al de retorno del programa 12G-SDI<br \/>\nEnerg\u00eda redundante<\/p>\n","protected":false},"excerpt":{"rendered":"<p>CONVNVIPB4\/12GPWR<\/p>\n","protected":false},"featured_media":7283,"template":"","meta":{"om_disable_all_campaigns":false},"pwb-brand":[],"product_brand":[],"product_cat":[71],"product_tag":[629],"class_list":{"0":"post-7280","1":"product","2":"type-product","3":"status-publish","4":"has-post-thumbnail","6":"product_cat-blackmagic-design","7":"product_tag-convnvipb4-12gpwr","9":"first","10":"onbackorder","11":"shipping-taxable","12":"product-type-simple"},"aioseo_notices":[],"jetpack_sharing_enabled":true,"brands":[],"_links":{"self":[{"href":"https:\/\/proservice.com.ar\/index.php\/wp-json\/wp\/v2\/product\/7280","targetHints":{"allow":["GET"]}}],"collection":[{"href":"https:\/\/proservice.com.ar\/index.php\/wp-json\/wp\/v2\/product"}],"about":[{"href":"https:\/\/proservice.com.ar\/index.php\/wp-json\/wp\/v2\/types\/product"}],"wp:featuredmedia":[{"embeddable":true,"href":"https:\/\/proservice.com.ar\/index.php\/wp-json\/wp\/v2\/media\/7283"}],"wp:attachment":[{"href":"https:\/\/proservice.com.ar\/index.php\/wp-json\/wp\/v2\/media?parent=7280"}],"wp:term":[{"taxonomy":"pwb-brand","embeddable":true,"href":"https:\/\/proservice.com.ar\/index.php\/wp-json\/wp\/v2\/pwb-brand?post=7280"},{"taxonomy":"product_brand","embeddable":true,"href":"https:\/\/proservice.com.ar\/index.php\/wp-json\/wp\/v2\/product_brand?post=7280"},{"taxonomy":"product_cat","embeddable":true,"href":"https:\/\/proservice.com.ar\/index.php\/wp-json\/wp\/v2\/product_cat?post=7280"},{"taxonomy":"product_tag","embeddable":true,"href":"https:\/\/proservice.com.ar\/index.php\/wp-json\/wp\/v2\/product_tag?post=7280"}],"curies":[{"name":"wp","href":"https:\/\/api.w.org\/{rel}","templated":true}]}}