{"id":7284,"date":"2022-03-06T14:09:06","date_gmt":"2022-03-06T17:09:06","guid":{"rendered":"https:\/\/proservice.com.ar\/?post_type=product&#038;p=7284"},"modified":"2025-03-07T09:41:22","modified_gmt":"2025-03-07T12:41:22","slug":"blackmagic-design-2110-ip-converter-8x12g-sfp","status":"publish","type":"product","link":"https:\/\/proservice.com.ar\/index.php\/product\/blackmagic-design-2110-ip-converter-8x12g-sfp\/","title":{"rendered":"Blackmagic Design 2110 IP Converter 8x12G SFP"},"content":{"rendered":"<p>Convierta su equipo de transmisi\u00f3n 12G-SDI en compatible con SMPTE-2110 con este conversor IP 2110 8x12G SFP de Blackmagic Design . El conversor proporciona ocho conexiones de conversi\u00f3n de video 12G-SDI bidireccionales y cuenta con ocho puertos de fibra IP SMPTE-2110 SFP para extender la conectividad a largas distancias. Su dise\u00f1o de 1 RU cabe en un rack de estudio est\u00e1ndar, as\u00ed como una entrada de retorno 12G-SDI.<\/p>\n<p>Caracter\u00edsticas principales:<br \/>\nConvierte 8 dispositivos 12G-SDI a fibra SFP<br \/>\n8 puertos de fibra SFP IP SMPTE-2110<br \/>\nCompatibilidad con resoluci\u00f3n UHD 4K<br \/>\nEnerg\u00eda redundante<br \/>\nDise\u00f1o de montaje en rack de 1 RU<\/p>\n","protected":false},"excerpt":{"rendered":"<p>CONVNVIPC8\/12GSFP<\/p>\n","protected":false},"featured_media":7287,"template":"","meta":{"om_disable_all_campaigns":false},"pwb-brand":[],"product_brand":[],"product_cat":[71],"product_tag":[630],"class_list":{"0":"post-7284","1":"product","2":"type-product","3":"status-publish","4":"has-post-thumbnail","6":"product_cat-blackmagic-design","7":"product_tag-convnvipc8-12gsfp","9":"first","10":"onbackorder","11":"shipping-taxable","12":"product-type-simple"},"aioseo_notices":[],"jetpack_sharing_enabled":true,"brands":[],"_links":{"self":[{"href":"https:\/\/proservice.com.ar\/index.php\/wp-json\/wp\/v2\/product\/7284","targetHints":{"allow":["GET"]}}],"collection":[{"href":"https:\/\/proservice.com.ar\/index.php\/wp-json\/wp\/v2\/product"}],"about":[{"href":"https:\/\/proservice.com.ar\/index.php\/wp-json\/wp\/v2\/types\/product"}],"wp:featuredmedia":[{"embeddable":true,"href":"https:\/\/proservice.com.ar\/index.php\/wp-json\/wp\/v2\/media\/7287"}],"wp:attachment":[{"href":"https:\/\/proservice.com.ar\/index.php\/wp-json\/wp\/v2\/media?parent=7284"}],"wp:term":[{"taxonomy":"pwb-brand","embeddable":true,"href":"https:\/\/proservice.com.ar\/index.php\/wp-json\/wp\/v2\/pwb-brand?post=7284"},{"taxonomy":"product_brand","embeddable":true,"href":"https:\/\/proservice.com.ar\/index.php\/wp-json\/wp\/v2\/product_brand?post=7284"},{"taxonomy":"product_cat","embeddable":true,"href":"https:\/\/proservice.com.ar\/index.php\/wp-json\/wp\/v2\/product_cat?post=7284"},{"taxonomy":"product_tag","embeddable":true,"href":"https:\/\/proservice.com.ar\/index.php\/wp-json\/wp\/v2\/product_tag?post=7284"}],"curies":[{"name":"wp","href":"https:\/\/api.w.org\/{rel}","templated":true}]}}