{"id":7291,"date":"2024-03-06T14:21:35","date_gmt":"2024-03-06T17:21:35","guid":{"rendered":"https:\/\/proservice.com.ar\/?post_type=product&#038;p=7291"},"modified":"2026-01-06T09:28:28","modified_gmt":"2026-01-06T12:28:28","slug":"aida-imaging-hd3g-ipc-tf-full-hd-3g-sdi-pov-camera-with-ip-control","status":"publish","type":"product","link":"https:\/\/proservice.com.ar\/index.php\/product\/aida-imaging-hd3g-ipc-tf-full-hd-3g-sdi-pov-camera-with-ip-control\/","title":{"rendered":"AIDA Imaging HD3G-IPC-TF Full HD 3G-SDI POV Camera with IP Control"},"content":{"rendered":"<p>La c\u00e1mara POV Full HD 3G-SDI HD3G-IPC-TF de AIDA Imaging cuenta con control IP con un dise\u00f1o compacto caracter\u00edstico, un precio asequible y una calidad de imagen excepcional. Esta vers\u00e1til c\u00e1mara utiliza un sensor CMOS progresivo Sony de 1\/2,8&#8243; y una lente varifocal personalizada de 5 a 50 mm que logra un \u00e1ngulo de visi\u00f3n de 51 a 6,1\u00b0 y resoluciones de imagen de hasta 1080p60.<\/p>\n<p>El control total de VISCA a trav\u00e9s de IP en cualquier red elimina la necesidad de cableado RS-485 obsoleto. Esta c\u00e1mara forma parte de la serie AIDA Imaging SDI IPC, que se integra perfectamente con configuraciones 3G-SDI nuevas y existentes, ofreciendo un control completo sobre cada aspecto.<\/p>\n<p>Sensor CMOS de escaneo progresivo Sony Full HD de 1\/2,8\u201d capaz de reproducir hasta 1080p60 a trav\u00e9s de 3G-SDI<br \/>\nCompatible con VISCA sobre IP para soluciones de hardware y software que utilicen ese protocolo (VISCA UDP, Sony VISCA sobre IP)<br \/>\nDise\u00f1os vers\u00e1tiles con soportes para tr\u00edpode para crear fotograf\u00edas sencillas y \u00fanicas.<br \/>\nPoE+ adaptable con adaptador<br \/>\nSu peque\u00f1o formato y dise\u00f1o robusto hacen posibles todas las aplicaciones de transmisi\u00f3n de v\u00eddeo.<br \/>\nPerfectamente adecuado para tomas en interiores o exteriores para flujos de trabajo nuevos o existentes.<\/p>\n","protected":false},"excerpt":{"rendered":"<p>HD3G-IPC-TF<\/p>\n","protected":false},"featured_media":7294,"template":"","meta":{"om_disable_all_campaigns":false},"pwb-brand":[],"product_brand":[],"product_cat":[70,15],"product_tag":[632],"class_list":{"0":"post-7291","1":"product","2":"type-product","3":"status-publish","4":"has-post-thumbnail","6":"product_cat-aida","7":"product_cat-camera","8":"product_tag-hd3g-ipc-tf","10":"first","11":"instock","12":"sale","13":"shipping-taxable","14":"purchasable","15":"product-type-simple"},"aioseo_notices":[],"jetpack_sharing_enabled":true,"brands":[],"_links":{"self":[{"href":"https:\/\/proservice.com.ar\/index.php\/wp-json\/wp\/v2\/product\/7291","targetHints":{"allow":["GET"]}}],"collection":[{"href":"https:\/\/proservice.com.ar\/index.php\/wp-json\/wp\/v2\/product"}],"about":[{"href":"https:\/\/proservice.com.ar\/index.php\/wp-json\/wp\/v2\/types\/product"}],"wp:featuredmedia":[{"embeddable":true,"href":"https:\/\/proservice.com.ar\/index.php\/wp-json\/wp\/v2\/media\/7294"}],"wp:attachment":[{"href":"https:\/\/proservice.com.ar\/index.php\/wp-json\/wp\/v2\/media?parent=7291"}],"wp:term":[{"taxonomy":"pwb-brand","embeddable":true,"href":"https:\/\/proservice.com.ar\/index.php\/wp-json\/wp\/v2\/pwb-brand?post=7291"},{"taxonomy":"product_brand","embeddable":true,"href":"https:\/\/proservice.com.ar\/index.php\/wp-json\/wp\/v2\/product_brand?post=7291"},{"taxonomy":"product_cat","embeddable":true,"href":"https:\/\/proservice.com.ar\/index.php\/wp-json\/wp\/v2\/product_cat?post=7291"},{"taxonomy":"product_tag","embeddable":true,"href":"https:\/\/proservice.com.ar\/index.php\/wp-json\/wp\/v2\/product_tag?post=7291"}],"curies":[{"name":"wp","href":"https:\/\/api.w.org\/{rel}","templated":true}]}}