{"id":7296,"date":"2022-03-06T14:50:47","date_gmt":"2022-03-06T17:50:47","guid":{"rendered":"https:\/\/proservice.com.ar\/?post_type=product&#038;p=7296"},"modified":"2025-03-07T09:41:36","modified_gmt":"2025-03-07T12:41:36","slug":"blackmagic-design-2110-ip-mini-ip-to-hdmi-sfp-converter","status":"publish","type":"product","link":"https:\/\/proservice.com.ar\/index.php\/product\/blackmagic-design-2110-ip-mini-ip-to-hdmi-sfp-converter\/","title":{"rendered":"Blackmagic Design 2110 IP Mini IP to HDMI SFP Converter"},"content":{"rendered":"<p>El conversor SFP de IP a HDMI 2110 IP Mini de Blackmagic Design conecta televisores de pantalla grande, proyectores de video y monitores de computadora a sistemas IP SMPTE-2110 de fibra \u00f3ptica. Su dise\u00f1o compacto permite un f\u00e1cil montaje detr\u00e1s de la pantalla. Admite est\u00e1ndares de video SD, HD y UHD hasta 2160p60 y cuenta con un conector SFP est\u00e1ndar, lo que permite la conexi\u00f3n a largas distancias con un m\u00f3dulo Ethernet de fibra \u00f3ptica de 10 G. Es compatible con modelos SDI de fibra \u00f3ptica 3G, 6G y 12G para configuraciones de video SDI tradicionales. La alimentaci\u00f3n se suministra a trav\u00e9s del adaptador de alimentaci\u00f3n de 12 V CC incluido.<\/p>\n<p>Caracter\u00edsticas principales:<br \/>\nTodos los est\u00e1ndares SD\/HD\/UHD hasta 2160p60<br \/>\nEl conector SFP admite fibra \u00f3ptica de 10 G<br \/>\nCompatibilidad con fibra \u00f3ptica 3G\/6G\/12G-SDI<br \/>\nConecta equipos a sistemas IP SMPTE-2110<br \/>\nAlimentaci\u00f3n desde fuente de alimentaci\u00f3n de 12 VCC incluida<\/p>\n","protected":false},"excerpt":{"rendered":"<p>CONVNVIPE\/IP\/HDMISFP<\/p>\n","protected":false},"featured_media":7299,"template":"","meta":{"om_disable_all_campaigns":false},"pwb-brand":[],"product_brand":[],"product_cat":[71],"product_tag":[633],"class_list":{"0":"post-7296","1":"product","2":"type-product","3":"status-publish","4":"has-post-thumbnail","6":"product_cat-blackmagic-design","7":"product_tag-convnvipe-ip-hdmisfp","9":"first","10":"onbackorder","11":"shipping-taxable","12":"product-type-simple"},"aioseo_notices":[],"jetpack_sharing_enabled":true,"brands":[],"_links":{"self":[{"href":"https:\/\/proservice.com.ar\/index.php\/wp-json\/wp\/v2\/product\/7296","targetHints":{"allow":["GET"]}}],"collection":[{"href":"https:\/\/proservice.com.ar\/index.php\/wp-json\/wp\/v2\/product"}],"about":[{"href":"https:\/\/proservice.com.ar\/index.php\/wp-json\/wp\/v2\/types\/product"}],"wp:featuredmedia":[{"embeddable":true,"href":"https:\/\/proservice.com.ar\/index.php\/wp-json\/wp\/v2\/media\/7299"}],"wp:attachment":[{"href":"https:\/\/proservice.com.ar\/index.php\/wp-json\/wp\/v2\/media?parent=7296"}],"wp:term":[{"taxonomy":"pwb-brand","embeddable":true,"href":"https:\/\/proservice.com.ar\/index.php\/wp-json\/wp\/v2\/pwb-brand?post=7296"},{"taxonomy":"product_brand","embeddable":true,"href":"https:\/\/proservice.com.ar\/index.php\/wp-json\/wp\/v2\/product_brand?post=7296"},{"taxonomy":"product_cat","embeddable":true,"href":"https:\/\/proservice.com.ar\/index.php\/wp-json\/wp\/v2\/product_cat?post=7296"},{"taxonomy":"product_tag","embeddable":true,"href":"https:\/\/proservice.com.ar\/index.php\/wp-json\/wp\/v2\/product_tag?post=7296"}],"curies":[{"name":"wp","href":"https:\/\/api.w.org\/{rel}","templated":true}]}}