{"id":7305,"date":"2022-03-06T15:02:48","date_gmt":"2022-03-06T18:02:48","guid":{"rendered":"https:\/\/proservice.com.ar\/?post_type=product&#038;p=7305"},"modified":"2025-03-07T09:41:03","modified_gmt":"2025-03-07T12:41:03","slug":"blackmagic-design-2110-ip-mini-bidirect-12g-sfp-converter","status":"publish","type":"product","link":"https:\/\/proservice.com.ar\/index.php\/product\/blackmagic-design-2110-ip-mini-bidirect-12g-sfp-converter\/","title":{"rendered":"Blackmagic Design 2110 IP Mini BiDirect 12G SFP Converter"},"content":{"rendered":"<p>Conecta tu c\u00e1mara de estudio de transmisi\u00f3n 12G-SDI a sistemas IP SMPTE-2110 a largas distancias con este conversor 2110 IP Mini BiDirect 12G SFP de Blackmagic Design . El conversor te permite enviar video de c\u00e1mara 12G-SDI en resoluci\u00f3n UHD 4K y retorno de programa usando el mismo conversor, y es tan compacto que se puede montar f\u00e1cilmente en tu equipo de c\u00e1mara. Cuenta con una conexi\u00f3n SFP para fibra \u00f3ptica para conectarse a largas distancias. El conversor tambi\u00e9n cuenta con un auricular de intercomunicaci\u00f3n XLR de 5 pines y un bot\u00f3n de presionar para hablar para mantener la comunicaci\u00f3n entre los operadores de c\u00e1mara y la cabina de producci\u00f3n de transmisi\u00f3n.<\/p>\n<p>Caracter\u00edsticas<br \/>\nEste convertidor es bidireccional y permite que las c\u00e1maras 12G-SDI se conecten a sistemas SMPTE-2110 a largas distancias mediante fibra \u00f3ptica.<br \/>\nManeja la alimentaci\u00f3n de la c\u00e1mara SDI y el retorno del programa SDI en un solo convertidor.<br \/>\nConexi\u00f3n de auriculares con conector XLR de 5 pines con botones de volumen y pulsar para hablar<br \/>\nAdmite todos los est\u00e1ndares SD, HD y UHD hasta 2160p60<br \/>\nIncluye una fuente de alimentaci\u00f3n de 12 VCC.<br \/>\nLa ranura SFP aceptar\u00e1 m\u00f3dulos \u00f3pticos Ethernet 10G, 3G-SDI, 6G-SDI o 12G-SDI<\/p>\n<p>Convertidor de fibra 12G-SDI a SFP<br \/>\nMonitoreo de video desde\/hacia c\u00e1mara de estudio<br \/>\nAdmite video UHD 4K a trav\u00e9s de fibra SFP<br \/>\nControl de intercomunicaci\u00f3n<br \/>\nUtilidad de software para Windows\/macOS<br \/>\nAlimentaci\u00f3n por PoE y Ethernet 10G<\/p>\n","protected":false},"excerpt":{"rendered":"<p>CONVNVIPF\/IP\/12GSFP<\/p>\n","protected":false},"featured_media":7308,"template":"","meta":{"om_disable_all_campaigns":false},"pwb-brand":[],"product_brand":[],"product_cat":[71],"product_tag":[635],"class_list":{"0":"post-7305","1":"product","2":"type-product","3":"status-publish","4":"has-post-thumbnail","6":"product_cat-blackmagic-design","7":"product_tag-convnvipf-ip-12gsfp","9":"first","10":"onbackorder","11":"shipping-taxable","12":"product-type-simple"},"aioseo_notices":[],"jetpack_sharing_enabled":true,"brands":[],"_links":{"self":[{"href":"https:\/\/proservice.com.ar\/index.php\/wp-json\/wp\/v2\/product\/7305","targetHints":{"allow":["GET"]}}],"collection":[{"href":"https:\/\/proservice.com.ar\/index.php\/wp-json\/wp\/v2\/product"}],"about":[{"href":"https:\/\/proservice.com.ar\/index.php\/wp-json\/wp\/v2\/types\/product"}],"wp:featuredmedia":[{"embeddable":true,"href":"https:\/\/proservice.com.ar\/index.php\/wp-json\/wp\/v2\/media\/7308"}],"wp:attachment":[{"href":"https:\/\/proservice.com.ar\/index.php\/wp-json\/wp\/v2\/media?parent=7305"}],"wp:term":[{"taxonomy":"pwb-brand","embeddable":true,"href":"https:\/\/proservice.com.ar\/index.php\/wp-json\/wp\/v2\/pwb-brand?post=7305"},{"taxonomy":"product_brand","embeddable":true,"href":"https:\/\/proservice.com.ar\/index.php\/wp-json\/wp\/v2\/product_brand?post=7305"},{"taxonomy":"product_cat","embeddable":true,"href":"https:\/\/proservice.com.ar\/index.php\/wp-json\/wp\/v2\/product_cat?post=7305"},{"taxonomy":"product_tag","embeddable":true,"href":"https:\/\/proservice.com.ar\/index.php\/wp-json\/wp\/v2\/product_tag?post=7305"}],"curies":[{"name":"wp","href":"https:\/\/api.w.org\/{rel}","templated":true}]}}