{"id":7310,"date":"2022-03-06T15:07:32","date_gmt":"2022-03-06T18:07:32","guid":{"rendered":"https:\/\/proservice.com.ar\/?post_type=product&#038;p=7310"},"modified":"2025-03-07T09:40:58","modified_gmt":"2025-03-07T12:40:58","slug":"blackmagic-design-2110-ip-presentation-converter","status":"publish","type":"product","link":"https:\/\/proservice.com.ar\/index.php\/product\/blackmagic-design-2110-ip-presentation-converter\/","title":{"rendered":"Blackmagic Design 2110 IP Presentation Converter"},"content":{"rendered":"<p>Utilice el video IP SMPTE 2110 para presentaciones multimedia con el conversor de presentaciones IP 2110 de Blackmagic Design . Este conversor est\u00e1 dise\u00f1ado para que los altavoces conecten micr\u00f3fonos y salidas a los altavoces mientras se utiliza una computadora o laptop a trav\u00e9s de USB-C para enviar video a los proyectores. La r\u00e1pida salida de video 10G se puede utilizar para enviar video a trav\u00e9s de la suite de productos IP 2110 de Blackmagic.<\/p>\n<p>El convertidor admite video DCI 4K60 y cuenta con entrada\/salida 12G-SDI y HDMI para proyectores. Las funciones de audio incluyen audio integrado en todas las E\/S, entradas de micr\u00f3fono\/l\u00ednea XLR balanceadas de 3 pines, salida XLR balanceada de 3 pines para parlantes PA y una salida de auriculares de 1\/4&#8243;. Se puede utilizar alimentaci\u00f3n fantasma para las entradas de micr\u00f3fono y la unidad tambi\u00e9n puede alimentar una computadora port\u00e1til mediante su interfaz de 45 W.<\/p>\n<p>Caracter\u00edsticas r\u00e1pidas<br \/>\nPara podios donde los oradores hacen presentaciones.<br \/>\nConecta conmutadores a computadoras, proyectores, micr\u00f3fonos y sistemas de PA.<br \/>\nEntradas HDMI y USB-C para video y el USB-C de 45 W alimentar\u00e1 una computadora port\u00e1til<br \/>\nUna salida HDMI para un proyector se puede cambiar a la entrada de video o a la fuente de retorno IP 2110<br \/>\nEntradas de micr\u00f3fono XLR y salida de audio XLR para altavoces PA<br \/>\nLa conexi\u00f3n de video Ethernet RJ-45 10G puede alimentar todo el convertidor a trav\u00e9s de PoE, incluso mientras se carga una computadora USB<br \/>\nConvertir v\u00eddeo IP 2110 para presentaciones<br \/>\nV\u00eddeo y alimentaci\u00f3n por USB-C a la computadora port\u00e1til<br \/>\nEntrada\/salida HDMI para proyectores, salida 12G-SDI<br \/>\nEntrada\/salida de micr\u00f3fono\/l\u00ednea XLR de 3 pines<br \/>\nAlimentaci\u00f3n fantasma en las entradas de micr\u00f3fono<br \/>\nPoE sobre Ethernet 10G<\/p>\n","protected":false},"excerpt":{"rendered":"<p>CONVNVIPH\/PRESC<\/p>\n","protected":false},"featured_media":7313,"template":"","meta":{"om_disable_all_campaigns":false},"pwb-brand":[],"product_brand":[],"product_cat":[71],"product_tag":[636],"class_list":{"0":"post-7310","1":"product","2":"type-product","3":"status-publish","4":"has-post-thumbnail","6":"product_cat-blackmagic-design","7":"product_tag-convnviph-presc","9":"first","10":"onbackorder","11":"shipping-taxable","12":"product-type-simple"},"aioseo_notices":[],"jetpack_sharing_enabled":true,"brands":[],"_links":{"self":[{"href":"https:\/\/proservice.com.ar\/index.php\/wp-json\/wp\/v2\/product\/7310","targetHints":{"allow":["GET"]}}],"collection":[{"href":"https:\/\/proservice.com.ar\/index.php\/wp-json\/wp\/v2\/product"}],"about":[{"href":"https:\/\/proservice.com.ar\/index.php\/wp-json\/wp\/v2\/types\/product"}],"wp:featuredmedia":[{"embeddable":true,"href":"https:\/\/proservice.com.ar\/index.php\/wp-json\/wp\/v2\/media\/7313"}],"wp:attachment":[{"href":"https:\/\/proservice.com.ar\/index.php\/wp-json\/wp\/v2\/media?parent=7310"}],"wp:term":[{"taxonomy":"pwb-brand","embeddable":true,"href":"https:\/\/proservice.com.ar\/index.php\/wp-json\/wp\/v2\/pwb-brand?post=7310"},{"taxonomy":"product_brand","embeddable":true,"href":"https:\/\/proservice.com.ar\/index.php\/wp-json\/wp\/v2\/product_brand?post=7310"},{"taxonomy":"product_cat","embeddable":true,"href":"https:\/\/proservice.com.ar\/index.php\/wp-json\/wp\/v2\/product_cat?post=7310"},{"taxonomy":"product_tag","embeddable":true,"href":"https:\/\/proservice.com.ar\/index.php\/wp-json\/wp\/v2\/product_tag?post=7310"}],"curies":[{"name":"wp","href":"https:\/\/api.w.org\/{rel}","templated":true}]}}