{"id":7318,"date":"2022-03-06T15:52:02","date_gmt":"2022-03-06T18:52:02","guid":{"rendered":"https:\/\/proservice.com.ar\/?post_type=product&#038;p=7318"},"modified":"2025-03-07T09:40:50","modified_gmt":"2025-03-07T12:40:50","slug":"blackmagic-design-48tb-cloud-store-max","status":"publish","type":"product","link":"https:\/\/proservice.com.ar\/index.php\/product\/blackmagic-design-48tb-cloud-store-max\/","title":{"rendered":"Blackmagic Design 48TB Cloud Store Max"},"content":{"rendered":"<p>Dise\u00f1ado para producciones de cine y televisi\u00f3n donde se deben compartir archivos multimedia de gran tama\u00f1o entre varios usuarios, el Cloud Store Max de 48 TB de Blackmagic Design es ideal para aplicaciones de posproducci\u00f3n. Tiene una capacidad de 48 TB, que se compone de una unidad SSD NVMe M.2 que est\u00e1 preconfigurada como 12 tarjetas de memoria flash RAID 0 y puede manejar archivos de cine digital Blackmagic RAW de 12K. El Cloud Store Max est\u00e1 equipado con un solo puerto Ethernet de 100 GbE y cuatro puertos Ethernet de 10 GbE para acceso a la red, as\u00ed como un puerto USB-C que cuenta con un adaptador de red integrado. Utilice las salidas HDMI y SDI para monitorear el estado de su Cloud Store Max en tiempo real.<\/p>\n<p>Caracter\u00edsticas principales:<br \/>\nAlmacenamiento NVMe M.2 de 48 TB<br \/>\nDise\u00f1o de montaje en rack con refrigeraci\u00f3n silenciosa<br \/>\n12 tarjetas de memoria flash interna<br \/>\nPuertos de red RJ45 de 10 GbE y 100 GbE<br \/>\nSalida de monitorizaci\u00f3n HDMI y SDI<br \/>\nPuerto USB-C a Ethernet<br \/>\nSincronizar con Blackmagic Cloud\/Dropbox\/Drive<\/p>\n","protected":false},"excerpt":{"rendered":"<p>DWCLDF\/CLDMAX48<\/p>\n","protected":false},"featured_media":7321,"template":"","meta":{"om_disable_all_campaigns":false},"pwb-brand":[],"product_brand":[],"product_cat":[71],"product_tag":[638],"class_list":{"0":"post-7318","1":"product","2":"type-product","3":"status-publish","4":"has-post-thumbnail","6":"product_cat-blackmagic-design","7":"product_tag-dwcldf-cldmax48","9":"first","10":"onbackorder","11":"shipping-taxable","12":"product-type-simple"},"aioseo_notices":[],"jetpack_sharing_enabled":true,"brands":[],"_links":{"self":[{"href":"https:\/\/proservice.com.ar\/index.php\/wp-json\/wp\/v2\/product\/7318","targetHints":{"allow":["GET"]}}],"collection":[{"href":"https:\/\/proservice.com.ar\/index.php\/wp-json\/wp\/v2\/product"}],"about":[{"href":"https:\/\/proservice.com.ar\/index.php\/wp-json\/wp\/v2\/types\/product"}],"wp:featuredmedia":[{"embeddable":true,"href":"https:\/\/proservice.com.ar\/index.php\/wp-json\/wp\/v2\/media\/7321"}],"wp:attachment":[{"href":"https:\/\/proservice.com.ar\/index.php\/wp-json\/wp\/v2\/media?parent=7318"}],"wp:term":[{"taxonomy":"pwb-brand","embeddable":true,"href":"https:\/\/proservice.com.ar\/index.php\/wp-json\/wp\/v2\/pwb-brand?post=7318"},{"taxonomy":"product_brand","embeddable":true,"href":"https:\/\/proservice.com.ar\/index.php\/wp-json\/wp\/v2\/product_brand?post=7318"},{"taxonomy":"product_cat","embeddable":true,"href":"https:\/\/proservice.com.ar\/index.php\/wp-json\/wp\/v2\/product_cat?post=7318"},{"taxonomy":"product_tag","embeddable":true,"href":"https:\/\/proservice.com.ar\/index.php\/wp-json\/wp\/v2\/product_tag?post=7318"}],"curies":[{"name":"wp","href":"https:\/\/api.w.org\/{rel}","templated":true}]}}