{"id":7324,"date":"2022-03-06T16:28:13","date_gmt":"2022-03-06T19:28:13","guid":{"rendered":"https:\/\/proservice.com.ar\/?post_type=product&#038;p=7324"},"modified":"2025-03-07T09:40:45","modified_gmt":"2025-03-07T12:40:45","slug":"blackmagic-design-smartview-4k-g3-15-6-dci-4k-broadcast-monitor-with-smpte-2110","status":"publish","type":"product","link":"https:\/\/proservice.com.ar\/index.php\/product\/blackmagic-design-smartview-4k-g3-15-6-dci-4k-broadcast-monitor-with-smpte-2110\/","title":{"rendered":"Blackmagic Design SmartView 4K G3 15.6&#8243; DCI 4K Broadcast Monitor with SMPTE 2110"},"content":{"rendered":"<p>El monitor Blackmagic Design SmartView 4K G3 es un monitor LCD TFT de 15,6&#8243; profesional que cuenta con conexiones de video IP SMPTE\u20112110 \u00f3pticas y de cobre integradas para que puedas conectarlo directamente a sistemas de transmisi\u00f3n basados \u200b\u200ben IP. Tiene una resoluci\u00f3n nativa de 3840 x 2160 y tambi\u00e9n ofrece dos entradas 12G-SDI multifrecuencia para conectar una variedad de equipos de video profesional. Las entradas cambian autom\u00e1ticamente entre formatos SD, HD y 4K, incluido hasta DCI 4K60. Su dise\u00f1o cuenta con un chasis de aluminio mecanizado liviano y una pantalla LCD UHD 4K de resoluci\u00f3n completa. Las superposiciones en pantalla incluyen enfoque m\u00e1ximo, gu\u00edas de encuadre, \u00e1rea segura y m\u00e1s. Tambi\u00e9n tiene LUT 3D integradas para agregar looks creativos, convertir gamma de pel\u00edcula log o manejar perfiles HDR personalizados.<\/p>\n<p>Caracter\u00edsticas principales:<br \/>\nLCD TFT de matriz activa de 15,6&#8243; y 3840 x 2160<br \/>\nAdmite v\u00eddeo hasta DCI 4K60<br \/>\nEntrada IP SMPTE 2110 a trav\u00e9s de RJ45, fibra \u00f3ptica<br \/>\n2 entradas SDI 12G multifrecuencia<br \/>\n1 x conector SDI de fibra \u00f3ptica<br \/>\nSalida de bucle 12G-SDI, entrada Tally<br \/>\nAmpliaci\u00f3n de SD\/HD, compatibilidad con LUT 3D dual<br \/>\nPico, zoom y marcadores ajustables<br \/>\nRetardo H\/V, solo azul y marcadores de cuadro<br \/>\nPanel frontal y control Ethernet<\/p>\n","protected":false},"excerpt":{"rendered":"<p>HDL-SMTV4K12G3<\/p>\n","protected":false},"featured_media":7327,"template":"","meta":{"om_disable_all_campaigns":false},"pwb-brand":[],"product_brand":[],"product_cat":[71],"product_tag":[639],"class_list":{"0":"post-7324","1":"product","2":"type-product","3":"status-publish","4":"has-post-thumbnail","6":"product_cat-blackmagic-design","7":"product_tag-hdl-smtv4k12g3","9":"first","10":"onbackorder","11":"shipping-taxable","12":"product-type-simple"},"aioseo_notices":[],"jetpack_sharing_enabled":true,"brands":[],"_links":{"self":[{"href":"https:\/\/proservice.com.ar\/index.php\/wp-json\/wp\/v2\/product\/7324","targetHints":{"allow":["GET"]}}],"collection":[{"href":"https:\/\/proservice.com.ar\/index.php\/wp-json\/wp\/v2\/product"}],"about":[{"href":"https:\/\/proservice.com.ar\/index.php\/wp-json\/wp\/v2\/types\/product"}],"wp:featuredmedia":[{"embeddable":true,"href":"https:\/\/proservice.com.ar\/index.php\/wp-json\/wp\/v2\/media\/7327"}],"wp:attachment":[{"href":"https:\/\/proservice.com.ar\/index.php\/wp-json\/wp\/v2\/media?parent=7324"}],"wp:term":[{"taxonomy":"pwb-brand","embeddable":true,"href":"https:\/\/proservice.com.ar\/index.php\/wp-json\/wp\/v2\/pwb-brand?post=7324"},{"taxonomy":"product_brand","embeddable":true,"href":"https:\/\/proservice.com.ar\/index.php\/wp-json\/wp\/v2\/product_brand?post=7324"},{"taxonomy":"product_cat","embeddable":true,"href":"https:\/\/proservice.com.ar\/index.php\/wp-json\/wp\/v2\/product_cat?post=7324"},{"taxonomy":"product_tag","embeddable":true,"href":"https:\/\/proservice.com.ar\/index.php\/wp-json\/wp\/v2\/product_tag?post=7324"}],"curies":[{"name":"wp","href":"https:\/\/api.w.org\/{rel}","templated":true}]}}