{"id":7383,"date":"2025-03-21T16:15:19","date_gmt":"2025-03-21T19:15:19","guid":{"rendered":"https:\/\/proservice.com.ar\/?post_type=product&#038;p=7383"},"modified":"2026-04-01T11:14:12","modified_gmt":"2026-04-01T14:14:12","slug":"dji-rs-3-mini-gimbal-stabilizer","status":"publish","type":"product","link":"https:\/\/proservice.com.ar\/index.php\/product\/dji-rs-3-mini-gimbal-stabilizer\/","title":{"rendered":"DJI RS 3 Mini Gimbal Stabilizer"},"content":{"rendered":"<p>El DJI RS 3 Mini es un estabilizador compacto y ligero dise\u00f1ado para c\u00e1maras sin espejo. Ofrece estabilizaci\u00f3n profesional con el algoritmo RS de tercera generaci\u00f3n, capacidad de carga de hasta 2 kg y un dise\u00f1o port\u00e1til que facilita su uso en movimiento. Incluye funciones como disparo vertical nativo, pantalla t\u00e1ctil de 1,4 pulgadas y control Bluetooth, ideal para creadores que buscan calidad y versatilidad en sus grabaciones.<\/p>\n<div class=\"title_OMS5rN7R1Z\">\n<div class=\"text_TAw0W35QK_ comfy_TAw0W35QK_ sizeTitle4_TAw0W35QK_ weightBold_TAw0W35QK_ primary_i3MsQsqoe0\" data-selenium=\"sellingPointsTitle\"><strong>Caracter\u00edsticas principales:\u00a0<\/strong><\/div>\n<\/div>\n<ul class=\"list_OMS5rN7R1Z\">\n<li class=\"listItem_OMS5rN7R1Z\" data-selenium=\"sellingPointsListItem\">Dise\u00f1ado para c\u00e1maras sin espejo<\/li>\n<li class=\"listItem_OMS5rN7R1Z\" data-selenium=\"sellingPointsListItem\">Dise\u00f1o liviano, carga \u00fatil de hasta 4,4 lb<\/li>\n<li class=\"listItem_OMS5rN7R1Z\" data-selenium=\"sellingPointsListItem\">Control inal\u00e1mbrico de c\u00e1mara mediante Bluetooth<\/li>\n<li class=\"listItem_OMS5rN7R1Z\" data-selenium=\"sellingPointsListItem\">Pantalla t\u00e1ctil a todo color de 1,4&#8243;<\/li>\n<li class=\"listItem_OMS5rN7R1Z\" data-selenium=\"sellingPointsListItem\">Modos horizontales y verticales<\/li>\n<li class=\"listItem_OMS5rN7R1Z\" data-selenium=\"sellingPointsListItem\">Algoritmo de estabilizaci\u00f3n RS de tercera generaci\u00f3n<\/li>\n<li class=\"listItem_OMS5rN7R1Z\" data-selenium=\"sellingPointsListItem\">Bater\u00eda de 2450 mAh, 10 horas de duraci\u00f3n<\/li>\n<li class=\"listItem_OMS5rN7R1Z\" data-selenium=\"sellingPointsListItem\">Funciones de panorama, time-lapse y seguimiento<\/li>\n<li class=\"listItem_OMS5rN7R1Z\" data-selenium=\"sellingPointsListItem\">Riel NATO para manijas y accesorios<\/li>\n<\/ul>\n","protected":false},"excerpt":{"rendered":"<p>DJI RS 3 Mini Gimbal Stabilizer<\/p>\n","protected":false},"featured_media":7388,"template":"","meta":{"om_disable_all_campaigns":false},"pwb-brand":[],"product_brand":[642],"product_cat":[643,646],"product_tag":[647],"class_list":{"0":"post-7383","1":"product","2":"type-product","3":"status-publish","4":"has-post-thumbnail","6":"product_brand-dji","7":"product_cat-dji","8":"product_cat-gimbal-de-camara","9":"product_tag-dji-rs-3-mini-gimbal-stabilizer","11":"first","12":"outofstock","13":"sale","14":"shipping-taxable","15":"purchasable","16":"product-type-simple"},"aioseo_notices":[],"jetpack_sharing_enabled":true,"brands":[],"_links":{"self":[{"href":"https:\/\/proservice.com.ar\/index.php\/wp-json\/wp\/v2\/product\/7383","targetHints":{"allow":["GET"]}}],"collection":[{"href":"https:\/\/proservice.com.ar\/index.php\/wp-json\/wp\/v2\/product"}],"about":[{"href":"https:\/\/proservice.com.ar\/index.php\/wp-json\/wp\/v2\/types\/product"}],"wp:featuredmedia":[{"embeddable":true,"href":"https:\/\/proservice.com.ar\/index.php\/wp-json\/wp\/v2\/media\/7388"}],"wp:attachment":[{"href":"https:\/\/proservice.com.ar\/index.php\/wp-json\/wp\/v2\/media?parent=7383"}],"wp:term":[{"taxonomy":"pwb-brand","embeddable":true,"href":"https:\/\/proservice.com.ar\/index.php\/wp-json\/wp\/v2\/pwb-brand?post=7383"},{"taxonomy":"product_brand","embeddable":true,"href":"https:\/\/proservice.com.ar\/index.php\/wp-json\/wp\/v2\/product_brand?post=7383"},{"taxonomy":"product_cat","embeddable":true,"href":"https:\/\/proservice.com.ar\/index.php\/wp-json\/wp\/v2\/product_cat?post=7383"},{"taxonomy":"product_tag","embeddable":true,"href":"https:\/\/proservice.com.ar\/index.php\/wp-json\/wp\/v2\/product_tag?post=7383"}],"curies":[{"name":"wp","href":"https:\/\/api.w.org\/{rel}","templated":true}]}}