{"id":7393,"date":"2025-03-21T16:29:45","date_gmt":"2025-03-21T19:29:45","guid":{"rendered":"https:\/\/proservice.com.ar\/?post_type=product&#038;p=7393"},"modified":"2026-04-15T15:40:36","modified_gmt":"2026-04-15T18:40:36","slug":"dji-mic-2-2-person-compact-digital-wireless-microphone-system-recorder-for-camera-smartphone-2-4-ghz","status":"publish","type":"product","link":"https:\/\/proservice.com.ar\/index.php\/product\/dji-mic-2-2-person-compact-digital-wireless-microphone-system-recorder-for-camera-smartphone-2-4-ghz\/","title":{"rendered":"DJI Mic 2 2-Person Compact Digital Wireless Microphone System\/Recorder for Camera &amp; Smartphone (2.4 GHz)"},"content":{"rendered":"<p>Este sistema compacto y digital est\u00e1 dise\u00f1ado para entrevistas, videos y transmisiones en vivo. Incluye dos micr\u00f3fonos transmisores con clip y un receptor de doble canal, ofreciendo grabaci\u00f3n omnidireccional confiable y de alta calidad. Adem\u00e1s, cuenta con tecnolog\u00eda inal\u00e1mbrica de 2.4 GHz y Bluetooth, lo que permite conectarse a c\u00e1maras, smartphones y otros dispositivos<\/p>\n<div class=\"title_OMS5rN7R1Z\">\n<div class=\"text_TAw0W35QK_ comfy_TAw0W35QK_ sizeTitle4_TAw0W35QK_ weightBold_TAw0W35QK_ primary_i3MsQsqoe0\" data-selenium=\"sellingPointsTitle\"><strong>Caracter\u00edsticas principales:\u00a0<\/strong><\/div>\n<\/div>\n<ul class=\"list_OMS5rN7R1Z\">\n<li class=\"listItem_OMS5rN7R1Z\" data-selenium=\"sellingPointsListItem\">Entrevistas a dos personas, v\u00eddeos y streaming<\/li>\n<li class=\"listItem_OMS5rN7R1Z\" data-selenium=\"sellingPointsListItem\">Se conecta a c\u00e1maras y dispositivos iOS\/Android<\/li>\n<li class=\"listItem_OMS5rN7R1Z\" data-selenium=\"sellingPointsListItem\">2 micr\u00f3fonos transmisores\/grabadores con clip<\/li>\n<li class=\"listItem_OMS5rN7R1Z\" data-selenium=\"sellingPointsListItem\">Receptor compacto de doble canal<\/li>\n<li class=\"listItem_OMS5rN7R1Z\" data-selenium=\"sellingPointsListItem\">Cancelaci\u00f3n de ruido inteligente<\/li>\n<li class=\"listItem_OMS5rN7R1Z\" data-selenium=\"sellingPointsListItem\">Graba 14 horas de audio<\/li>\n<li class=\"listItem_OMS5rN7R1Z\" data-selenium=\"sellingPointsListItem\">Grabaci\u00f3n interna de coma flotante de 32 bits<\/li>\n<li class=\"listItem_OMS5rN7R1Z\" data-selenium=\"sellingPointsListItem\">Pantalla OLED brillante, salida para auriculares<\/li>\n<li class=\"listItem_OMS5rN7R1Z\" data-selenium=\"sellingPointsListItem\">Bater\u00edas recargables incorporadas<\/li>\n<li class=\"listItem_OMS5rN7R1Z\" data-selenium=\"sellingPointsListItem\">Alcance inal\u00e1mbrico de hasta 820 pies<\/li>\n<\/ul>\n","protected":false},"excerpt":{"rendered":"<p>DJI Mic 2<\/p>\n","protected":false},"featured_media":7397,"template":"","meta":{"om_disable_all_campaigns":false},"pwb-brand":[],"product_brand":[],"product_cat":[55,643,641],"product_tag":[649],"class_list":{"0":"post-7393","1":"product","2":"type-product","3":"status-publish","4":"has-post-thumbnail","6":"product_cat-audio","7":"product_cat-dji","8":"product_cat-microfonos","9":"product_tag-dji-mic-2","11":"first","12":"instock","13":"sale","14":"shipping-taxable","15":"purchasable","16":"product-type-simple"},"aioseo_notices":[],"jetpack_sharing_enabled":true,"brands":[],"_links":{"self":[{"href":"https:\/\/proservice.com.ar\/index.php\/wp-json\/wp\/v2\/product\/7393","targetHints":{"allow":["GET"]}}],"collection":[{"href":"https:\/\/proservice.com.ar\/index.php\/wp-json\/wp\/v2\/product"}],"about":[{"href":"https:\/\/proservice.com.ar\/index.php\/wp-json\/wp\/v2\/types\/product"}],"wp:featuredmedia":[{"embeddable":true,"href":"https:\/\/proservice.com.ar\/index.php\/wp-json\/wp\/v2\/media\/7397"}],"wp:attachment":[{"href":"https:\/\/proservice.com.ar\/index.php\/wp-json\/wp\/v2\/media?parent=7393"}],"wp:term":[{"taxonomy":"pwb-brand","embeddable":true,"href":"https:\/\/proservice.com.ar\/index.php\/wp-json\/wp\/v2\/pwb-brand?post=7393"},{"taxonomy":"product_brand","embeddable":true,"href":"https:\/\/proservice.com.ar\/index.php\/wp-json\/wp\/v2\/product_brand?post=7393"},{"taxonomy":"product_cat","embeddable":true,"href":"https:\/\/proservice.com.ar\/index.php\/wp-json\/wp\/v2\/product_cat?post=7393"},{"taxonomy":"product_tag","embeddable":true,"href":"https:\/\/proservice.com.ar\/index.php\/wp-json\/wp\/v2\/product_tag?post=7393"}],"curies":[{"name":"wp","href":"https:\/\/api.w.org\/{rel}","templated":true}]}}