{"id":7398,"date":"2025-03-21T16:52:46","date_gmt":"2025-03-21T19:52:46","guid":{"rendered":"https:\/\/proservice.com.ar\/?post_type=product&#038;p=7398"},"modified":"2026-04-14T10:53:25","modified_gmt":"2026-04-14T13:53:25","slug":"dji-sdr-transmission-combo","status":"publish","type":"product","link":"https:\/\/proservice.com.ar\/index.php\/product\/dji-sdr-transmission-combo\/","title":{"rendered":"DJI SDR Transmission Combo"},"content":{"rendered":"<div class=\"title_OMS5rN7R1Z\">\n<div class=\"text_TAw0W35QK_ comfy_TAw0W35QK_ sizeTitle4_TAw0W35QK_ weightBold_TAw0W35QK_ primary_i3MsQsqoe0\" data-selenium=\"sellingPointsTitle\">El DJI SDR Transmission Combo es una tecnolog\u00eda dise\u00f1ada para drones de DJI, que optimiza la transmisi\u00f3n de se\u00f1ales de video, im\u00e1genes y control en tiempo real. Utiliza el sistema SDR (Software-Defined Radio) para ofrecer mayor alcance, estabilidad y calidad, ideal para pilotos profesionales que requieren una conexi\u00f3n confiable durante el vuelo.<\/div>\n<div class=\"text_TAw0W35QK_ comfy_TAw0W35QK_ sizeTitle4_TAw0W35QK_ weightBold_TAw0W35QK_ primary_i3MsQsqoe0\" data-selenium=\"sellingPointsTitle\"><strong><br \/>\nCaracter\u00edsticas principales:<\/strong><\/div>\n<\/div>\n<ul class=\"list_OMS5rN7R1Z\">\n<li class=\"listItem_OMS5rN7R1Z\" data-selenium=\"sellingPointsListItem\">Kit completo de transmisi\u00f3n de v\u00eddeo inal\u00e1mbrica<\/li>\n<li class=\"listItem_OMS5rN7R1Z\" data-selenium=\"sellingPointsListItem\">Tecnolog\u00eda SDR de triple ancho de banda<\/li>\n<li class=\"listItem_OMS5rN7R1Z\" data-selenium=\"sellingPointsListItem\">Transmite v\u00eddeo hasta 1080p60<\/li>\n<li class=\"listItem_OMS5rN7R1Z\" data-selenium=\"sellingPointsListItem\">DFS, 2,4 y 5,8 GHz con salto autom\u00e1tico<\/li>\n<li class=\"listItem_OMS5rN7R1Z\" data-selenium=\"sellingPointsListItem\">Transmitir a tableta\/tel\u00e9fono o receptor SDR<\/li>\n<li class=\"listItem_OMS5rN7R1Z\" data-selenium=\"sellingPointsListItem\">Alcance SDR inal\u00e1mbrico de hasta 1,9 millas<\/li>\n<li class=\"listItem_OMS5rN7R1Z\" data-selenium=\"sellingPointsListItem\">Velocidad de bits de hasta 20 Mb\/s, baja latencia de 35 ms<\/li>\n<li class=\"listItem_OMS5rN7R1Z\" data-selenium=\"sellingPointsListItem\">Modos de transmisi\u00f3n y control<\/li>\n<li class=\"listItem_OMS5rN7R1Z\" data-selenium=\"sellingPointsListItem\">Entrada\/salida de v\u00eddeo HDMI y 3G-SDI<\/li>\n<li class=\"listItem_OMS5rN7R1Z\" data-selenium=\"sellingPointsListItem\">Placas de bater\u00eda de la serie L, entradas USB-C PD<\/li>\n<\/ul>\n","protected":false},"excerpt":{"rendered":"<p>DJI SDR Transmission Combo<\/p>\n","protected":false},"featured_media":7402,"template":"","meta":{"om_disable_all_campaigns":false},"pwb-brand":[],"product_brand":[642],"product_cat":[643,423,424],"product_tag":[650],"class_list":{"0":"post-7398","1":"product","2":"type-product","3":"status-publish","4":"has-post-thumbnail","6":"product_brand-dji","7":"product_cat-dji","8":"product_cat-video","9":"product_cat-wireless-video","10":"product_tag-dji-sdr-transmission-combo","12":"first","13":"outofstock","14":"shipping-taxable","15":"purchasable","16":"product-type-simple"},"aioseo_notices":[],"jetpack_sharing_enabled":true,"brands":[],"_links":{"self":[{"href":"https:\/\/proservice.com.ar\/index.php\/wp-json\/wp\/v2\/product\/7398","targetHints":{"allow":["GET"]}}],"collection":[{"href":"https:\/\/proservice.com.ar\/index.php\/wp-json\/wp\/v2\/product"}],"about":[{"href":"https:\/\/proservice.com.ar\/index.php\/wp-json\/wp\/v2\/types\/product"}],"wp:featuredmedia":[{"embeddable":true,"href":"https:\/\/proservice.com.ar\/index.php\/wp-json\/wp\/v2\/media\/7402"}],"wp:attachment":[{"href":"https:\/\/proservice.com.ar\/index.php\/wp-json\/wp\/v2\/media?parent=7398"}],"wp:term":[{"taxonomy":"pwb-brand","embeddable":true,"href":"https:\/\/proservice.com.ar\/index.php\/wp-json\/wp\/v2\/pwb-brand?post=7398"},{"taxonomy":"product_brand","embeddable":true,"href":"https:\/\/proservice.com.ar\/index.php\/wp-json\/wp\/v2\/product_brand?post=7398"},{"taxonomy":"product_cat","embeddable":true,"href":"https:\/\/proservice.com.ar\/index.php\/wp-json\/wp\/v2\/product_cat?post=7398"},{"taxonomy":"product_tag","embeddable":true,"href":"https:\/\/proservice.com.ar\/index.php\/wp-json\/wp\/v2\/product_tag?post=7398"}],"curies":[{"name":"wp","href":"https:\/\/api.w.org\/{rel}","templated":true}]}}