{"id":7403,"date":"2025-03-21T16:59:43","date_gmt":"2025-03-21T19:59:43","guid":{"rendered":"https:\/\/proservice.com.ar\/?post_type=product&#038;p=7403"},"modified":"2026-04-01T11:12:31","modified_gmt":"2026-04-01T14:12:31","slug":"dji-mic-mini-2-person-compact-wireless-microphone-system-for-camera-smartphone-2-4-ghz","status":"publish","type":"product","link":"https:\/\/proservice.com.ar\/index.php\/product\/dji-mic-mini-2-person-compact-wireless-microphone-system-for-camera-smartphone-2-4-ghz\/","title":{"rendered":"DJI Mic Mini 2-Person Compact Wireless Microphone System for Camera &amp; Smartphone (2.4 GHz)"},"content":{"rendered":"<div class=\"title_OMS5rN7R1Z\">\n<div data-selenium=\"sellingPointsTitle\">El DJI Mic Mini es un micr\u00f3fono inal\u00e1mbrico compacto y ultraligero dise\u00f1ado para creadores de contenido. Ofrece grabaci\u00f3n de audio omnidireccional de alta calidad con transmisi\u00f3n estable hasta 400 metros. Su bater\u00eda tiene una duraci\u00f3n de hasta 48 horas con el estuche de carga, lo que lo hace ideal para uso intensivo. Adem\u00e1s, cuenta con cancelaci\u00f3n de ruido en dos niveles y conexi\u00f3n directa con dispositivos de la serie DJI OsmoAudio<\/div>\n<div data-selenium=\"sellingPointsTitle\"><\/div>\n<div class=\"text_TAw0W35QK_ comfy_TAw0W35QK_ sizeTitle4_TAw0W35QK_ weightBold_TAw0W35QK_ primary_i3MsQsqoe0\" data-selenium=\"sellingPointsTitle\"><strong>Caracter\u00edsticas principales:\u00a0<\/strong><\/div>\n<\/div>\n<ul class=\"list_OMS5rN7R1Z\">\n<li class=\"listItem_OMS5rN7R1Z\" data-selenium=\"sellingPointsListItem\">Entrevistas a dos personas, v\u00eddeos y streaming<\/li>\n<li class=\"listItem_OMS5rN7R1Z\" data-selenium=\"sellingPointsListItem\">Se conecta a c\u00e1maras y dispositivos iOS\/Android<\/li>\n<li class=\"listItem_OMS5rN7R1Z\" data-selenium=\"sellingPointsListItem\">2 transmisores de clip con micr\u00f3fono<\/li>\n<li class=\"listItem_OMS5rN7R1Z\" data-selenium=\"sellingPointsListItem\">Receptor compacto de doble canal<\/li>\n<li class=\"listItem_OMS5rN7R1Z\" data-selenium=\"sellingPointsListItem\">Cancelaci\u00f3n de ruido de 2 niveles<\/li>\n<li class=\"listItem_OMS5rN7R1Z\" data-selenium=\"sellingPointsListItem\">Limitaci\u00f3n autom\u00e1tica de audio<\/li>\n<li class=\"listItem_OMS5rN7R1Z\" data-selenium=\"sellingPointsListItem\">Pista de seguridad, ajuste de ganancia de 5 niveles<\/li>\n<li class=\"listItem_OMS5rN7R1Z\" data-selenium=\"sellingPointsListItem\">Alcance inal\u00e1mbrico de hasta 1312&#8242;<\/li>\n<li class=\"listItem_OMS5rN7R1Z\" data-selenium=\"sellingPointsListItem\">Conectividad Bluetooth<\/li>\n<li class=\"listItem_OMS5rN7R1Z\" data-selenium=\"sellingPointsListItem\">Estuche de carga, bater\u00edas incorporadas<\/li>\n<\/ul>\n","protected":false},"excerpt":{"rendered":"<p>DJI Mic Mini<\/p>\n","protected":false},"featured_media":7406,"template":"","meta":{"om_disable_all_campaigns":false},"pwb-brand":[],"product_brand":[642],"product_cat":[55,641],"product_tag":[651],"class_list":{"0":"post-7403","1":"product","2":"type-product","3":"status-publish","4":"has-post-thumbnail","6":"product_brand-dji","7":"product_cat-audio","8":"product_cat-microfonos","9":"product_tag-dji-mic-mini","11":"first","12":"outofstock","13":"shipping-taxable","14":"purchasable","15":"product-type-simple"},"aioseo_notices":[],"jetpack_sharing_enabled":true,"brands":[],"_links":{"self":[{"href":"https:\/\/proservice.com.ar\/index.php\/wp-json\/wp\/v2\/product\/7403","targetHints":{"allow":["GET"]}}],"collection":[{"href":"https:\/\/proservice.com.ar\/index.php\/wp-json\/wp\/v2\/product"}],"about":[{"href":"https:\/\/proservice.com.ar\/index.php\/wp-json\/wp\/v2\/types\/product"}],"wp:featuredmedia":[{"embeddable":true,"href":"https:\/\/proservice.com.ar\/index.php\/wp-json\/wp\/v2\/media\/7406"}],"wp:attachment":[{"href":"https:\/\/proservice.com.ar\/index.php\/wp-json\/wp\/v2\/media?parent=7403"}],"wp:term":[{"taxonomy":"pwb-brand","embeddable":true,"href":"https:\/\/proservice.com.ar\/index.php\/wp-json\/wp\/v2\/pwb-brand?post=7403"},{"taxonomy":"product_brand","embeddable":true,"href":"https:\/\/proservice.com.ar\/index.php\/wp-json\/wp\/v2\/product_brand?post=7403"},{"taxonomy":"product_cat","embeddable":true,"href":"https:\/\/proservice.com.ar\/index.php\/wp-json\/wp\/v2\/product_cat?post=7403"},{"taxonomy":"product_tag","embeddable":true,"href":"https:\/\/proservice.com.ar\/index.php\/wp-json\/wp\/v2\/product_tag?post=7403"}],"curies":[{"name":"wp","href":"https:\/\/api.w.org\/{rel}","templated":true}]}}