{"id":7424,"date":"2024-04-21T13:49:11","date_gmt":"2024-04-21T16:49:11","guid":{"rendered":"https:\/\/proservice.com.ar\/?post_type=product&#038;p=7424"},"modified":"2026-04-01T11:31:34","modified_gmt":"2026-04-01T14:31:34","slug":"blackmagic-design-decklink-8k-pro-mini-capture-card","status":"publish","type":"product","link":"https:\/\/proservice.com.ar\/index.php\/product\/blackmagic-design-decklink-8k-pro-mini-capture-card\/","title":{"rendered":"Blackmagic Design DeckLink 8K Pro Mini Capture Card"},"content":{"rendered":"<p>El modelo DeckLink 8K Pro Mini es la tarjeta de captura y reproducci\u00f3n de perfil bajo m\u00e1s avanzada del mercado para trabajar con material audiovisual con calidad cinematogr\u00e1fica. Dispone de cuatro conexiones Micro BNC independientes para se\u00f1ales SDI 12G, que admiten m\u00faltiples velocidades de transmisi\u00f3n, por lo cual permite procesar todos los formatos SD, HD, UHD, DCI 4K, 8K y DCI 8K. Asimismo, brinda la posibilidad de emplear frecuencias de imagen elevadas y ofrece compatibilidad con contenidos RGB 4:4:4 de 12 bits, as\u00ed como con el espacio crom\u00e1tico Rec. 2020. De este modo, es ideal para proyectos de alto rango din\u00e1mico a una gran resoluci\u00f3n.<\/p>\n<h3>Conexiones<\/h3>\n<div class=\"autocolumns\">\n<article class=\"pair\">\n<h4>Entradas de video SDI<\/h4>\n<p>4 x\u00a0Micro BNC SDI 12G\u00a0bidireccionales<\/p>\n<p>Compatible con se\u00f1ales en resoluci\u00f3n SD\/HD\/2K\/4K\/8K transmitidas mediante uno, dos o\u00a0cuatro conectores. Conmutable entre 2D\u00a0y\u00a03D.<\/p>\n<\/article>\n<article class=\"pair\">\n<h4>Salidas SDI<\/h4>\n<p>4 x\u00a0Micro BNC SDI 12G\u00a0bidireccionales<\/p>\n<p>Compatible con se\u00f1ales en resoluci\u00f3n SD\/HD\/2K\/4K\/8K transmitidas mediante uno, dos o\u00a0cuatro conectores. Conmutable entre 2D\u00a0y\u00a03D.<\/p>\n<\/article>\n<article class=\"pair\">\n<h4>Entradas de audio SDI<\/h4>\n<p>16 canales integrados en\u00a0SD\/HD\/2K.<\/p>\n<p>64 canales integrados en\u00a04K\/8K.<\/p>\n<\/article>\n<article class=\"pair\">\n<h4>Salidas de audio SDI<\/h4>\n<p>16 canales integrados en\u00a0SD\/HD\/2K.<\/p>\n<p>64 canales integrados en\u00a04K\/8K.<\/p>\n<\/article>\n<article class=\"pair\">\n<h4>Entrada para se\u00f1ales de referencia<\/h4>\n<p>Tri-Sync o\u00a0Black\u00a0Burst.<\/p>\n<\/article>\n<article class=\"pair\">\n<h4>Interfaz inform\u00e1tica<\/h4>\n<p>PCI Express x8 de tercera generaci\u00f3n compatible con ranuras de 8\u00a0y\u00a016 carriles de\u00a0datos.<\/p>\n<\/article>\n<\/div>\n","protected":false},"excerpt":{"rendered":"<p>El modelo DeckLink 8K Pro Mini es la tarjeta de captura y reproducci\u00f3n de perfil bajo m\u00e1s avanzada del mercado para trabajar con material audiovisual con calidad cinematogr\u00e1fica. Dispone de cuatro conexiones Micro BNC independientes para se\u00f1ales SDI 12G, que admiten m\u00faltiples velocidades de transmisi\u00f3n, por lo cual permite procesar todos los formatos SD, HD, [&hellip;]<\/p>\n","protected":false},"featured_media":7425,"template":"","meta":{"om_disable_all_campaigns":false},"pwb-brand":[],"product_brand":[],"product_cat":[71,56],"product_tag":[652],"class_list":{"0":"post-7424","1":"product","2":"type-product","3":"status-publish","4":"has-post-thumbnail","6":"product_cat-blackmagic-design","7":"product_cat-capture-device","8":"product_tag-bdlkhcpro8k12gmini","10":"first","11":"instock","12":"shipping-taxable","13":"purchasable","14":"product-type-simple"},"aioseo_notices":[],"jetpack_sharing_enabled":true,"brands":[],"_links":{"self":[{"href":"https:\/\/proservice.com.ar\/index.php\/wp-json\/wp\/v2\/product\/7424","targetHints":{"allow":["GET"]}}],"collection":[{"href":"https:\/\/proservice.com.ar\/index.php\/wp-json\/wp\/v2\/product"}],"about":[{"href":"https:\/\/proservice.com.ar\/index.php\/wp-json\/wp\/v2\/types\/product"}],"wp:featuredmedia":[{"embeddable":true,"href":"https:\/\/proservice.com.ar\/index.php\/wp-json\/wp\/v2\/media\/7425"}],"wp:attachment":[{"href":"https:\/\/proservice.com.ar\/index.php\/wp-json\/wp\/v2\/media?parent=7424"}],"wp:term":[{"taxonomy":"pwb-brand","embeddable":true,"href":"https:\/\/proservice.com.ar\/index.php\/wp-json\/wp\/v2\/pwb-brand?post=7424"},{"taxonomy":"product_brand","embeddable":true,"href":"https:\/\/proservice.com.ar\/index.php\/wp-json\/wp\/v2\/product_brand?post=7424"},{"taxonomy":"product_cat","embeddable":true,"href":"https:\/\/proservice.com.ar\/index.php\/wp-json\/wp\/v2\/product_cat?post=7424"},{"taxonomy":"product_tag","embeddable":true,"href":"https:\/\/proservice.com.ar\/index.php\/wp-json\/wp\/v2\/product_tag?post=7424"}],"curies":[{"name":"wp","href":"https:\/\/api.w.org\/{rel}","templated":true}]}}