{"id":7434,"date":"2022-05-12T13:27:55","date_gmt":"2022-05-12T16:27:55","guid":{"rendered":"https:\/\/proservice.com.ar\/?post_type=product&#038;p=7434"},"modified":"2025-08-27T16:47:02","modified_gmt":"2025-08-27T19:47:02","slug":"owc-thunderbolt-5-cable-0-3m","status":"publish","type":"product","link":"https:\/\/proservice.com.ar\/index.php\/product\/owc-thunderbolt-5-cable-0-3m\/","title":{"rendered":"OWC Thunderbolt 5 Cable (0.3m)"},"content":{"rendered":"<div class=\"title_OMS5rN7R1Z\">\n<div data-selenium=\"sellingPointsTitle\">\n<p>Transfiere archivos m\u00e1s r\u00e1pido, conecta m\u00e1s pantallas con resoluciones y frecuencias de actualizaci\u00f3n m\u00e1s altas, y carga r\u00e1pidamente tu port\u00e1til con el cable Thunderbolt 5 de OWC . Con un conector USB-C en cada extremo, este cable utiliza Thunderbolt 5 para velocidades de datos bidireccionales de 80 Gb\/s y hasta 120 Gb\/s para un mayor ancho de banda de pantalla. Adem\u00e1s, ofrece hasta 240 W de potencia. Este cable admite pantallas de hasta 8K a 120 Hz o 4K a 144 Hz.Con\u00e9ctese a Mac, PC, iPads, Chromebooks, Surface y otros dispositivos compatibles con un puerto Thunderbolt 5, Thunderbolt 4, Thunderbolt 3, USB4 o USB-C<br \/>\nCertificado en laboratorio para suministrar de forma segura hasta 240 vatios para cargar incluso las computadoras port\u00e1tiles que consumen m\u00e1s energ\u00eda.<br \/>\nTrabaje y juegue m\u00e1s r\u00e1pido con hasta 80 Gb\/s de velocidad de datos bidireccionales y hasta 120 Gb\/s para necesidades de mayor ancho de banda de pantalla.<br \/>\nIm\u00e1genes impresionantes<br \/>\nCon\u00e9ctese a pantallas Thunderbolt, USB-C y DisplayPort para 4K, 5K, 6K y hasta tres pantallas 8K<br \/>\nConexiones vers\u00e1tiles<br \/>\nCon\u00e9ctese a millones de bases, pantallas, eGPU, expansi\u00f3n PCIe, SSD externos, almacenamiento RAID y accesorios<\/p>\n<\/div>\n<div class=\"text_TAw0W35QK_ comfy_TAw0W35QK_ sizeTitle4_TAw0W35QK_ weightBold_TAw0W35QK_ primary_i3MsQsqoe0\" data-selenium=\"sellingPointsTitle\"><span>Caracter\u00edsticas principales<\/span><\/div>\n<\/div>\n<ul class=\"list_OMS5rN7R1Z\">\n<li class=\"listItem_OMS5rN7R1Z\" data-selenium=\"sellingPointsListItem\"><span>Rendimiento de hasta 80 Gb\/s<\/span><\/li>\n<li class=\"listItem_OMS5rN7R1Z\" data-selenium=\"sellingPointsListItem\"><span>Entrega de potencia de hasta 240 W<\/span><\/li>\n<li class=\"listItem_OMS5rN7R1Z\" data-selenium=\"sellingPointsListItem\"><span>Admite m\u00faltiples pantallas 8K, 6K o 4K<\/span><\/li>\n<li class=\"listItem_OMS5rN7R1Z\" data-selenium=\"sellingPointsListItem\"><span>Compatible con DisplayPort 2.1 y USB4<\/span><\/li>\n<li class=\"listItem_OMS5rN7R1Z\" data-selenium=\"sellingPointsListItem\"><span>Compatible con Thunderbolt 4 y Thunderbolt 3<\/span><\/li>\n<li class=\"listItem_OMS5rN7R1Z\" data-selenium=\"sellingPointsListItem\"><span>Conecte en cadena hasta 6 dispositivos Thunderbolt<\/span><\/li>\n<li class=\"listItem_OMS5rN7R1Z\" data-selenium=\"sellingPointsListItem\"><span>Conector USB-C reversible<\/span><\/li>\n<li class=\"listItem_OMS5rN7R1Z\" data-selenium=\"sellingPointsListItem\"><span>Cable pasivo<\/span><\/li>\n<\/ul>\n<p>&nbsp;<\/p>\n","protected":false},"excerpt":{"rendered":"<p>OWC Thunderbolt 5 Cable (0.3m)<\/p>\n","protected":false},"featured_media":7437,"template":"","meta":{"om_disable_all_campaigns":false},"pwb-brand":[],"product_brand":[],"product_cat":[33,56],"product_tag":[653],"class_list":{"0":"post-7434","1":"product","2":"type-product","3":"status-publish","4":"has-post-thumbnail","6":"product_cat-accesorios","7":"product_cat-capture-device","8":"product_tag-owccbltb5c0-3m","10":"first","11":"onbackorder","12":"shipping-taxable","13":"product-type-simple"},"aioseo_notices":[],"jetpack_sharing_enabled":true,"brands":[],"_links":{"self":[{"href":"https:\/\/proservice.com.ar\/index.php\/wp-json\/wp\/v2\/product\/7434","targetHints":{"allow":["GET"]}}],"collection":[{"href":"https:\/\/proservice.com.ar\/index.php\/wp-json\/wp\/v2\/product"}],"about":[{"href":"https:\/\/proservice.com.ar\/index.php\/wp-json\/wp\/v2\/types\/product"}],"wp:featuredmedia":[{"embeddable":true,"href":"https:\/\/proservice.com.ar\/index.php\/wp-json\/wp\/v2\/media\/7437"}],"wp:attachment":[{"href":"https:\/\/proservice.com.ar\/index.php\/wp-json\/wp\/v2\/media?parent=7434"}],"wp:term":[{"taxonomy":"pwb-brand","embeddable":true,"href":"https:\/\/proservice.com.ar\/index.php\/wp-json\/wp\/v2\/pwb-brand?post=7434"},{"taxonomy":"product_brand","embeddable":true,"href":"https:\/\/proservice.com.ar\/index.php\/wp-json\/wp\/v2\/product_brand?post=7434"},{"taxonomy":"product_cat","embeddable":true,"href":"https:\/\/proservice.com.ar\/index.php\/wp-json\/wp\/v2\/product_cat?post=7434"},{"taxonomy":"product_tag","embeddable":true,"href":"https:\/\/proservice.com.ar\/index.php\/wp-json\/wp\/v2\/product_tag?post=7434"}],"curies":[{"name":"wp","href":"https:\/\/api.w.org\/{rel}","templated":true}]}}