{"id":7441,"date":"2022-05-13T16:18:36","date_gmt":"2022-05-13T19:18:36","guid":{"rendered":"https:\/\/proservice.com.ar\/?post_type=product&#038;p=7441"},"modified":"2025-07-03T15:49:21","modified_gmt":"2025-07-03T18:49:21","slug":"tilta-full-camera-cage-v2-for-sony-fx3-fx30-black","status":"publish","type":"product","link":"https:\/\/proservice.com.ar\/index.php\/product\/tilta-full-camera-cage-v2-for-sony-fx3-fx30-black\/","title":{"rendered":"Tilta Full Camera Cage V2 for Sony FX3 &amp; FX30 (Black)"},"content":{"rendered":"<div class=\"title_OMS5rN7R1Z\">\n<div data-selenium=\"sellingPointsTitle\">\n<p>A\u00f1ade protecci\u00f3n y accesorios a tu c\u00e1mara de cine digital Sony FX3 o FX30 con la ligera y modular cage para c\u00e1mara V2 de Tilta . Este modelo actualizado ofrece la opci\u00f3n de protecci\u00f3n completa o una media cage m\u00e1s ligera, ideal para usar con estabilizadores, retirando el soporte lateral en L. La jaula de aluminio negro facilita el acceso a los controles de la c\u00e1mara e incorpora una placa superior NATO extra\u00edble que permite usar el asa superior XLR original u otra.<\/p>\n<p>Utilice la jaula para montar diversos accesorios mediante el riel NATO de la placa superior, la zapata de montaje y las roscas de 3\/8&#8243;-16 y 1\/4&#8243;-20 con pasadores de posicionamiento antitorsi\u00f3n. La jaula tambi\u00e9n cuenta con una base integrada de estilo Arca para un montaje r\u00e1pido en cabezales de tr\u00edpode y soportes de card\u00e1n. Puede usarse tanto en orientaci\u00f3n horizontal como vertical e incluye una empu\u00f1adura derecha, una abrazadera para cable HDMI y ranuras para correas de mu\u00f1eca o de cuello opcionales.<\/p>\n<\/div>\n<div data-selenium=\"sellingPointsTitle\"><\/div>\n<div class=\"text_TAw0W35QK_ comfy_TAw0W35QK_ sizeTitle4_TAw0W35QK_ weightBold_TAw0W35QK_ primary_i3MsQsqoe0\" data-selenium=\"sellingPointsTitle\">Caracter\u00edsticas principales<\/div>\n<\/div>\n<ul class=\"list_OMS5rN7R1Z\">\n<li class=\"listItem_OMS5rN7R1Z\" data-selenium=\"sellingPointsListItem\">Cage para Sony FX3 y FX30<\/li>\n<li class=\"listItem_OMS5rN7R1Z\" data-selenium=\"sellingPointsListItem\">Base tipo Arca, riel NATO en el lado izquierdo<\/li>\n<li class=\"listItem_OMS5rN7R1Z\" data-selenium=\"sellingPointsListItem\">Compatible con el mango FX3 XLR original<\/li>\n<li class=\"listItem_OMS5rN7R1Z\" data-selenium=\"sellingPointsListItem\">El soporte en L se quita para usarlo como media jaula<\/li>\n<li class=\"listItem_OMS5rN7R1Z\" data-selenium=\"sellingPointsListItem\">Empu\u00f1adura derecha, abrazadera de cable<\/li>\n<li class=\"listItem_OMS5rN7R1Z\" data-selenium=\"sellingPointsListItem\">Roscas anti-torsi\u00f3n de 1\/4&#8243;-20 y 3\/8&#8243;-16<\/li>\n<li class=\"listItem_OMS5rN7R1Z\" data-selenium=\"sellingPointsListItem\">Soporte para zapatos, ranuras para correa de mu\u00f1eca<\/li>\n<\/ul>\n<p>&nbsp;<\/p>\n","protected":false},"excerpt":{"rendered":"<p>Tilta Full Camera Cage V2 for Sony FX3 &amp; FX30<\/p>\n","protected":false},"featured_media":7444,"template":"","meta":{"om_disable_all_campaigns":false},"pwb-brand":[],"product_brand":[],"product_cat":[59,84],"product_tag":[654],"class_list":{"0":"post-7441","1":"product","2":"type-product","3":"status-publish","4":"has-post-thumbnail","6":"product_cat-camera-cage-and-kit","7":"product_cat-tilta","8":"product_tag-ta-t16-fcc-b","10":"first","11":"instock","12":"shipping-taxable","13":"purchasable","14":"product-type-simple"},"aioseo_notices":[],"jetpack_sharing_enabled":true,"brands":[],"_links":{"self":[{"href":"https:\/\/proservice.com.ar\/index.php\/wp-json\/wp\/v2\/product\/7441","targetHints":{"allow":["GET"]}}],"collection":[{"href":"https:\/\/proservice.com.ar\/index.php\/wp-json\/wp\/v2\/product"}],"about":[{"href":"https:\/\/proservice.com.ar\/index.php\/wp-json\/wp\/v2\/types\/product"}],"wp:featuredmedia":[{"embeddable":true,"href":"https:\/\/proservice.com.ar\/index.php\/wp-json\/wp\/v2\/media\/7444"}],"wp:attachment":[{"href":"https:\/\/proservice.com.ar\/index.php\/wp-json\/wp\/v2\/media?parent=7441"}],"wp:term":[{"taxonomy":"pwb-brand","embeddable":true,"href":"https:\/\/proservice.com.ar\/index.php\/wp-json\/wp\/v2\/pwb-brand?post=7441"},{"taxonomy":"product_brand","embeddable":true,"href":"https:\/\/proservice.com.ar\/index.php\/wp-json\/wp\/v2\/product_brand?post=7441"},{"taxonomy":"product_cat","embeddable":true,"href":"https:\/\/proservice.com.ar\/index.php\/wp-json\/wp\/v2\/product_cat?post=7441"},{"taxonomy":"product_tag","embeddable":true,"href":"https:\/\/proservice.com.ar\/index.php\/wp-json\/wp\/v2\/product_tag?post=7441"}],"curies":[{"name":"wp","href":"https:\/\/api.w.org\/{rel}","templated":true}]}}