{"id":7447,"date":"2022-05-15T13:21:09","date_gmt":"2022-05-15T16:21:09","guid":{"rendered":"https:\/\/proservice.com.ar\/?post_type=product&#038;p=7447"},"modified":"2026-02-10T15:11:46","modified_gmt":"2026-02-10T18:11:46","slug":"tilta-nucleus-m-wireless-lens-control-system-partial-kit-i","status":"publish","type":"product","link":"https:\/\/proservice.com.ar\/index.php\/product\/tilta-nucleus-m-wireless-lens-control-system-partial-kit-i\/","title":{"rendered":"Tilta Nucleus-M Wireless Lens Control System Partial Kit I"},"content":{"rendered":"<div class=\"\" data-selenium=\"overviewLongDescription\">\n<div class=\"js-injected-html text_UbV5SNP5Eo\">\n<p>El\u00a0Kit Parcial I del Sistema de Control de Lentes Inal\u00e1mbrico Tilta Nucleus-M\u00a0contiene los elementos esenciales para enfocar de forma inal\u00e1mbrica. El kit incluye el controlador de la unidad de mano Nucleus-M FIZ, un motor Nucleus-M, una correa de lente extra\u00edble, un cable de alimentaci\u00f3n del motor, dos discos de marcado para la unidad de mano, un cord\u00f3n para la unidad de mano y un cargador de bater\u00eda. El sistema permite ajustar el enfoque, el iris o el zoom en el lente. Si utiliza un lente sin engranajes de estilo cine est\u00e1ndar, utilice la correa de lente incluida para a\u00f1adir engranajes.<\/p>\n<p>Este kit parcial es un sistema de un solo eje, pero la unidad de mano le permitir\u00e1 controlar motores adicionales (no incluidos) para que pueda controlar m\u00e1s de un anillo de lente. El sistema puede enfocar de forma inal\u00e1mbrica desde una distancia de hasta 305 metros, y las bater\u00edas pueden alimentar la unidad de mano durante aproximadamente 10 horas con una sola carga (bater\u00edas no incluidas). El cord\u00f3n se fija al control de mano, lo que le permite llevarlo alrededor del cuello.<\/p>\n<\/div>\n<\/div>\n<div class=\"feature_UbV5SNP5Eo\">\n<div class=\"featureHeader_UbV5SNP5Eo\">\n<div class=\"text_TAw0W35QK_ comfy_TAw0W35QK_ sizeTitle2_TAw0W35QK_ weightNormal_TAw0W35QK_ primary_i3MsQsqoe0\">Unidad de mano Tilta Nucleus-M FIZ<\/div>\n<\/div>\n<div class=\"productDescription_UbV5SNP5Eo\" data-selenium=\"overviewLongDescription\">\n<div class=\"js-injected-html text_UbV5SNP5Eo\">\n<p>La\u00a0unidad de mano Tilta Nucleus-M FIZ\u00a0proporciona control inal\u00e1mbrico de enfoque, iris y zoom de tres canales como parte del sistema de control de lentes Nucleus-M. La unidad de mano cuenta con una gran perilla de enfoque con borde de madera, un joystick de zoom, una rueda de iris y una pantalla LED retroiluminada.<\/p>\n<p>Seleccione entre rangos de transmisi\u00f3n bajo, medio y m\u00e1ximo para adaptarse mejor a su distancia de trabajo y a su bater\u00eda. La selecci\u00f3n de 15 canales de 2,4 GHz de la unidad manual Nucleus-M FIZ minimiza la posibilidad de interferencias en zonas de mucho tr\u00e1fico. Configure hasta 10 paradas suaves con vibraci\u00f3n para ajustes de enfoque y calibre las lentes de forma autom\u00e1tica o manual.<\/p>\n<p>La funci\u00f3n de encendido\/apagado inal\u00e1mbrico est\u00e1 disponible para c\u00e1maras seleccionadas que utilizan la unidad de mano y cables (disponibles por separado). La unidad de mano se alimenta con dos bater\u00edas de iones de litio (disponibles por separado) y puede funcionar hasta 10 horas con una sola carga.<\/p>\n<\/div>\n<div class=\"note_UbV5SNP5Eo\">\n<p><span class=\"noteInner_UbV5SNP5Eo\" data-selenium=\"overviewProductNote\">Nota:<\/span><\/p>\n<div class=\"js-injected-html\">Tenga en cuenta que las bater\u00edas no est\u00e1n incluidas y deben adquirirse por separado.<\/div>\n<\/div>\n<\/div>\n<div class=\"feature_UbV5SNP5Eo\">\n<div class=\"feature_UbV5SNP5Eo\">\n<div class=\"featureHeader_UbV5SNP5Eo\">\n<div class=\"text_TAw0W35QK_ comfy_TAw0W35QK_ sizeTitle3_TAw0W35QK_ weightNormal_TAw0W35QK_ primary_i3MsQsqoe0\">Caracter\u00edsticas<\/div>\n<\/div>\n<div>\n<div class=\"js-injected-html text_UbV5SNP5Eo\">\n<ul>\n<li>Unidad de control de lente inal\u00e1mbrica de 3 canales<\/li>\n<li>Controlar el enfoque, el iris y\/o el zoom<\/li>\n<li>Opciones de transmisi\u00f3n de corto, mediano y largo alcance<\/li>\n<li>La selecci\u00f3n de 15 canales minimiza la interferencia externa<\/li>\n<li>Funciona con dos bater\u00edas recargables de iones de litio 18650 (no incluidas)<\/li>\n<li>Hasta 10 horas de autonom\u00eda con una sola carga<\/li>\n<li>Dise\u00f1o ambidiestro con perilla grande con borde de madera.<\/li>\n<\/ul>\n<\/div>\n<\/div>\n<\/div>\n<\/div>\n<\/div>\n<div class=\"feature_UbV5SNP5Eo\">\n<div class=\"featureHeader_UbV5SNP5Eo\">\n<div class=\"text_TAw0W35QK_ comfy_TAw0W35QK_ sizeTitle2_TAw0W35QK_ weightNormal_TAw0W35QK_ primary_i3MsQsqoe0\">Motor de control de lente Tilta Nucleus-M FIZ<\/div>\n<\/div>\n<div class=\"productDescription_UbV5SNP5Eo\" data-selenium=\"overviewLongDescription\">\n<div class=\"js-injected-html text_UbV5SNP5Eo\">\n<p>El compacto\u00a0motor de control de lente Tilta Nucleus-M FIZ\u00a0cuenta con un controlador integrado, lo que elimina el espacio de una caja de control independiente y permite una configuraci\u00f3n m\u00e1s r\u00e1pida. Alimenta el motor mediante un cable D-Tap y una fuente de alimentaci\u00f3n (disponibles por separado), o con\u00e9ctalo en cadena a otro motor mediante un cable de 7 pines.<\/p>\n<p>El motor inal\u00e1mbrico Nucleus-M incluye un engranaje impulsor de cine de 0,8 Mod est\u00e1ndar y un adaptador de varilla de 19 mm con un casquillo para montarlo en una varilla de 15 mm. El motor cuenta con calibraci\u00f3n autom\u00e1tica o manual, una ventana de visualizaci\u00f3n y ajustes de par alto, medio y bajo.<\/p>\n<\/div>\n<\/div>\n<div class=\"feature_UbV5SNP5Eo\">\n<div class=\"feature_UbV5SNP5Eo\">\n<div class=\"featureHeader_UbV5SNP5Eo\">\n<div class=\"text_TAw0W35QK_ comfy_TAw0W35QK_ sizeTitle3_TAw0W35QK_ weightNormal_TAw0W35QK_ primary_i3MsQsqoe0\">Caracter\u00edsticas<\/div>\n<\/div>\n<div>\n<div class=\"js-injected-html text_UbV5SNP5Eo\">\n<ul>\n<li>Motor sin escobillas con accionamiento de motor integrado<\/li>\n<li>Lente de cine est\u00e1ndar 0.8 Mod, 35 dientes, engranaje de paso 32<\/li>\n<li>Abrazaderas de motor sobre varillas de 19 mm o 15 mm (con buje incluido)<\/li>\n<li>Alimentaci\u00f3n mediante cable D-Tap disponible por separado o conexi\u00f3n en cadena a motores adicionales<\/li>\n<li>Calibraci\u00f3n autom\u00e1tica y manual<\/li>\n<li>Para controlar el enfoque, el iris o el zoom<\/li>\n<li>Configuraciones de torque alto, medio y bajo<\/li>\n<li>Ventana de visualizaci\u00f3n de estado<\/li>\n<\/ul>\n<\/div>\n<\/div>\n<\/div>\n<\/div>\n<\/div>\n<div class=\"feature_UbV5SNP5Eo\">\n<div class=\"featureHeader_UbV5SNP5Eo\">\n<div class=\"text_TAw0W35QK_ comfy_TAw0W35QK_ sizeTitle2_TAw0W35QK_ weightNormal_TAw0W35QK_ primary_i3MsQsqoe0\">Adaptador de seguimiento de enfoque de lente DSLR Tilta<\/div>\n<\/div>\n<div class=\"productDescription_UbV5SNP5Eo\" data-selenium=\"overviewLongDescription\">\n<div class=\"js-injected-html text_UbV5SNP5Eo\">\n<p>Usa este\u00a0adaptador de enfoque de seguimiento para lentes DSLR\u00a0de\u00a0Tilta\u00a0para conectarlo a tu lente DSLR y controlar el enfoque con cualquiera de los sistemas de enfoque de seguimiento de Tilta, como el Nucleus-Nano o el Nucleus-M. El anillo adaptador ajustable con brida est\u00e1 hecho de silicona y pl\u00e1stico y se ajusta a la mayor\u00eda de los lentes DSLR. Los dientes se encajan en el engranaje del motor de enfoque de seguimiento para un ajuste suave.<\/p>\n<\/div>\n<\/div>\n<div class=\"upc_UbV5SNP5Eo\"><\/div>\n<\/div>\n<div class=\"feature_UbV5SNP5Eo\">\n<div class=\"featureHeader_UbV5SNP5Eo\">\n<div class=\"text_TAw0W35QK_ comfy_TAw0W35QK_ sizeTitle2_TAw0W35QK_ weightNormal_TAw0W35QK_ primary_i3MsQsqoe0\">Cable de alimentaci\u00f3n de motor Tilta Nucleus-M D-Tap de 7 pines<\/div>\n<\/div>\n<div class=\"productDescription_UbV5SNP5Eo\" data-selenium=\"overviewLongDescription\">\n<div class=\"js-injected-html text_UbV5SNP5Eo\">\n<p>Este\u00a0cable de alimentaci\u00f3n de motor de 7 pines a D-Tap Nucleus-M\u00a0de 23&#8243; de\u00a0Tilta\u00a0est\u00e1 dise\u00f1ado para alimentar su motor de control de lente Nucleus-M mediante una fuente de alimentaci\u00f3n D-Tap.<\/p>\n<p>Despu\u00e9s de alimentar un motor con este cable, es posible conectar en cadena otros motores entre s\u00ed.<\/p>\n<\/div>\n<\/div>\n<\/div>\n<div class=\"feature_UbV5SNP5Eo\">\n<div class=\"featureHeader_UbV5SNP5Eo\">\n<div class=\"text_TAw0W35QK_ comfy_TAw0W35QK_ sizeTitle2_TAw0W35QK_ weightNormal_TAw0W35QK_ primary_i3MsQsqoe0\">Disco de marcado de seguimiento de foco Tilta Nucleus-M<\/div>\n<\/div>\n<div class=\"productDescription_UbV5SNP5Eo\" data-selenium=\"overviewLongDescription\">\n<div class=\"js-injected-html text_UbV5SNP5Eo\">\n<p>El\u00a0disco de marcado de seguimiento de enfoque Tilta es compatible con la unidad manual Nucleus-M FIZ. Utilice este disco de pl\u00e1stico blanco para crear marcas de enfoque personalizadas para ajustar el enfoque.<\/p>\n<\/div>\n<\/div>\n<\/div>\n<div class=\"feature_UbV5SNP5Eo\">\n<div class=\"featureHeader_UbV5SNP5Eo\">\n<div class=\"text_TAw0W35QK_ comfy_TAw0W35QK_ sizeTitle2_TAw0W35QK_ weightNormal_TAw0W35QK_ primary_i3MsQsqoe0\">Cord\u00f3n Tilta para unidad de mano Nucleus-M FIZ<\/div>\n<\/div>\n<div class=\"productDescription_UbV5SNP5Eo\" data-selenium=\"overviewLongDescription\">\n<div class=\"js-injected-html text_UbV5SNP5Eo\">\n<p>El\u00a0cord\u00f3n Tilta Nucleus-M es compatible con la unidad de control manual Nucleus-M FIZ. \u00daselo para llevar la unidad de control alrededor del cuello o para colgarla de un soporte. El cord\u00f3n incluye un clip giratorio de liberaci\u00f3n r\u00e1pida y una correa ancha de nailon.<\/p>\n<\/div>\n<\/div>\n<\/div>\n<div class=\"feature_UbV5SNP5Eo\">\n<div class=\"featureHeader_UbV5SNP5Eo\">\n<div class=\"text_TAw0W35QK_ comfy_TAw0W35QK_ sizeTitle2_TAw0W35QK_ weightNormal_TAw0W35QK_ primary_i3MsQsqoe0\">Cargador de bater\u00eda Tilta Nucleus-M<\/div>\n<\/div>\n<div class=\"productDescription_UbV5SNP5Eo\" data-selenium=\"overviewLongDescription\">\n<div class=\"js-injected-html text_UbV5SNP5Eo\">\n<p>El\u00a0cargador de bater\u00eda Tilta Nucleus-M\u00a0permite cargar de una a cuatro bater\u00edas utilizadas en el control remoto y las empu\u00f1aduras del sistema de control inal\u00e1mbrico de lentes Nucleus-M. Este vers\u00e1til cargador se alimenta con CA, USB de 5 V o 12 V del veh\u00edculo. Compatible con bater\u00edas de iones de litio 18650 y otras bater\u00edas seleccionadas, el cargador cuenta con luces LED de estado y resorte para un ajuste seguro de la bater\u00eda.<\/p>\n<\/div>\n<\/div>\n<div class=\"feature_UbV5SNP5Eo\">\n<div class=\"feature_UbV5SNP5Eo\">\n<div class=\"featureHeader_UbV5SNP5Eo\">\n<div class=\"text_TAw0W35QK_ comfy_TAw0W35QK_ sizeTitle3_TAw0W35QK_ weightNormal_TAw0W35QK_ primary_i3MsQsqoe0\">Bater\u00edas compatibles<\/div>\n<\/div>\n<div>\n<div class=\"js-injected-html text_UbV5SNP5Eo\">\n<ul>\n<li>26650, 22650<\/li>\n<li>18650, 18490, 18350<\/li>\n<li>17670, 17500<\/li>\n<li>16340, 14500, 10400<\/li>\n<li>RCR123<\/li>\n<li>NiMH\/NiCd: AA, AAA, AAAA, C<\/li>\n<\/ul>\n<\/div>\n<\/div>\n<\/div>\n<\/div>\n<\/div>\n","protected":false},"excerpt":{"rendered":"<p>Tilta Nucleus-M Wireless Lens Control System Partial Kit I<\/p>\n","protected":false},"featured_media":7450,"template":"","meta":{"om_disable_all_campaigns":false},"pwb-brand":[],"product_brand":[],"product_cat":[84],"product_tag":[655],"class_list":{"0":"post-7447","1":"product","2":"type-product","3":"status-publish","4":"has-post-thumbnail","6":"product_cat-tilta","7":"product_tag-wlc-t03-k1","9":"first","10":"outofstock","11":"shipping-taxable","12":"product-type-simple"},"aioseo_notices":[],"jetpack_sharing_enabled":true,"brands":[],"_links":{"self":[{"href":"https:\/\/proservice.com.ar\/index.php\/wp-json\/wp\/v2\/product\/7447","targetHints":{"allow":["GET"]}}],"collection":[{"href":"https:\/\/proservice.com.ar\/index.php\/wp-json\/wp\/v2\/product"}],"about":[{"href":"https:\/\/proservice.com.ar\/index.php\/wp-json\/wp\/v2\/types\/product"}],"wp:featuredmedia":[{"embeddable":true,"href":"https:\/\/proservice.com.ar\/index.php\/wp-json\/wp\/v2\/media\/7450"}],"wp:attachment":[{"href":"https:\/\/proservice.com.ar\/index.php\/wp-json\/wp\/v2\/media?parent=7447"}],"wp:term":[{"taxonomy":"pwb-brand","embeddable":true,"href":"https:\/\/proservice.com.ar\/index.php\/wp-json\/wp\/v2\/pwb-brand?post=7447"},{"taxonomy":"product_brand","embeddable":true,"href":"https:\/\/proservice.com.ar\/index.php\/wp-json\/wp\/v2\/product_brand?post=7447"},{"taxonomy":"product_cat","embeddable":true,"href":"https:\/\/proservice.com.ar\/index.php\/wp-json\/wp\/v2\/product_cat?post=7447"},{"taxonomy":"product_tag","embeddable":true,"href":"https:\/\/proservice.com.ar\/index.php\/wp-json\/wp\/v2\/product_tag?post=7447"}],"curies":[{"name":"wp","href":"https:\/\/api.w.org\/{rel}","templated":true}]}}