{"id":7487,"date":"2023-06-02T14:27:27","date_gmt":"2023-06-02T17:27:27","guid":{"rendered":"https:\/\/proservice.com.ar\/?post_type=product&#038;p=7487"},"modified":"2025-06-09T16:48:48","modified_gmt":"2025-06-09T19:48:48","slug":"atomos-7-shogun-ultra-monitor-recorder","status":"publish","type":"product","link":"https:\/\/proservice.com.ar\/index.php\/product\/atomos-7-shogun-ultra-monitor-recorder\/","title":{"rendered":"Atomos 7&#8243; Shogun Ultra Monitor-Recorder"},"content":{"rendered":"<p>El monitor-grabador Shogun Ultra de 7&#8243; , el \u00faltimo modelo de la l\u00ednea ATOMOS de monitores-grabadores de v\u00eddeo integrados para c\u00e1mara Shogun, ofrece conectividad de red integrada para c\u00e1maras sin espejo, DSLR y de estilo cine, lo que permite flujos de trabajo r\u00e1pidos y productivos. Las eficientes opciones de flujo de trabajo en la nube incluyen grabaci\u00f3n dual ProRes RAW\/H.265 para la funci\u00f3n &#8220;De c\u00e1mara a la nube&#8221;, coincidencia autom\u00e1tica de nombres de archivo con las c\u00e1maras de estilo cine m\u00e1s populares y captura 4K H.265 para publicaci\u00f3n instant\u00e1nea desde la nube. La colaboraci\u00f3n con fabricantes de c\u00e1maras l\u00edderes en la industria garantiza que el Shogun Ultra funcionar\u00e1 a la perfecci\u00f3n con una gama cada vez m\u00e1s amplia de c\u00e1maras.<\/p>\n<p>AtomOS 11<br \/>\nLa Shogun Ultra de 7&#8243; cuenta con el nuevo sistema operativo AtomOS 11 con im\u00e1genes coloreadas con referencia de exposici\u00f3n EL Zone, color falso ARRI y nuevas herramientas de grabaci\u00f3n y reproducci\u00f3n programadas.<br \/>\nUn mayor n\u00famero de c\u00f3decs est\u00e1ndar incluye hasta 8K Apple ProRes Raw, DNxHD y H.265.<\/p>\n<p>Conectividad completa<br \/>\nM\u00e1s c\u00f3decs: los c\u00f3decs est\u00e1ndar adicionales del Shogun Ultra de 7&#8243; incluyen 8K Apple ProRes Raw, DNxHD y H.265.<br \/>\nGrabaci\u00f3n dual: la capacidad de grabar archivos Apple ProRes Raw de calidad completa a velocidades de hasta UHD 4K60 y al mismo tiempo grabar 1080p60 a H.265 hace que el Shogun Ultra de 7&#8243; sea ideal para usar con c\u00e1maras de estilo cine.<br \/>\nArchivos coincidentes: la coincidencia de nombres de archivos proporciona flujos de trabajo m\u00e1s sencillos con c\u00e1maras ARRI, Canon, RED y Sony.<br \/>\nMonitoreo mejorado: las funciones de monitoreo mejoradas incluyen exposici\u00f3n del sistema EL ZONE y color falso ARRI.<br \/>\nRemoteView: esta nueva funci\u00f3n le permite compartir vistas en vivo desde su pantalla a trav\u00e9s de Internet.<\/p>\n<p>Opci\u00f3n NDI TX<br \/>\nUtilice la funci\u00f3n de transmisi\u00f3n NDI opcional para enviar videos de alta calidad a trav\u00e9s de redes comunes (incluidas Wi-Fi y m\u00f3viles) utilizando requisitos de ancho de banda notablemente bajos.<br \/>\nNDI se utiliza cada vez m\u00e1s en producciones en vivo y ahora su Shogun puede ser parte de un entorno NDI.<br \/>\nLa opci\u00f3n NDI TX opcional, con pago, convierte su Shogun en una fuente NDI, visible para todos los dem\u00e1s dispositivos autorizados en la red.<\/p>\n<p>Pantalla ultrabrillante<br \/>\nLa gran pantalla s\u00faper brillante de 7&#8243; del Shogun Ultra se puede ver en casi cualquier tipo de luz: en interiores, exteriores o en cualquier lugar donde necesite informaci\u00f3n cr\u00edtica y visible al instante sobre sus im\u00e1genes.<br \/>\nEl brillo de 2000 cd\/m\u00b2 hace que el Shogun Ultra sea ideal para verificar tu material HDR mientras a\u00fan est\u00e1s en el set.<br \/>\nReproduzca las fotograf\u00edas recientemente capturadas en la misma pantalla impecable para revisarlas o incluso cargarlas en la nube.<\/p>\n<p>Construcci\u00f3n duradera<br \/>\nLa carcasa duradera del Shogun Ultra es adecuada para su uso en todos los entornos.<br \/>\nUtilice la luz indicadora incorporada para ver r\u00e1pidamente el estado de la grabaci\u00f3n.<br \/>\nLas s\u00f3lidas antenas Wi-Fi y AirGlu RF garantizan una transmisi\u00f3n estable.<br \/>\nAlimente el Shogun Ultra utilizando la placa de bater\u00eda de la serie L en la parte posterior de cada monitor o la entrada de alimentaci\u00f3n de CC opcional.<br \/>\nMonte este monitor-grabador utilizando las roscas de 3\/8\u201d-16 en la parte superior e inferior, o utilice el adaptador de 1\/4\u201d-20 incluido.<br \/>\nEl Shogun Ultra tiene una ranura incorporada para el Master Caddy III incluido, una ranura para tarjeta SD que admite tarjetas de hasta 4 TB y compatibilidad con tarjetas CFast II mediante un adaptador SSDmini para grabar siempre que sus medios lo permitan.<br \/>\nEl puerto USB-C se puede utilizar para agregar opciones y para futuras actualizaciones de AtomOS.<\/p>\n","protected":false},"excerpt":{"rendered":"<p>Atomos 7&#8243; Shogun Ultra Monitor-Recorder<\/p>\n","protected":false},"featured_media":7491,"template":"","meta":{"om_disable_all_campaigns":false},"pwb-brand":[],"product_brand":[],"product_cat":[75,63],"product_tag":[],"class_list":{"0":"post-7487","1":"product","2":"type-product","3":"status-publish","4":"has-post-thumbnail","6":"product_cat-atomos","7":"product_cat-monitors-multiview","9":"first","10":"onbackorder","11":"shipping-taxable","12":"product-type-simple"},"aioseo_notices":[],"jetpack_sharing_enabled":true,"brands":[],"_links":{"self":[{"href":"https:\/\/proservice.com.ar\/index.php\/wp-json\/wp\/v2\/product\/7487","targetHints":{"allow":["GET"]}}],"collection":[{"href":"https:\/\/proservice.com.ar\/index.php\/wp-json\/wp\/v2\/product"}],"about":[{"href":"https:\/\/proservice.com.ar\/index.php\/wp-json\/wp\/v2\/types\/product"}],"wp:featuredmedia":[{"embeddable":true,"href":"https:\/\/proservice.com.ar\/index.php\/wp-json\/wp\/v2\/media\/7491"}],"wp:attachment":[{"href":"https:\/\/proservice.com.ar\/index.php\/wp-json\/wp\/v2\/media?parent=7487"}],"wp:term":[{"taxonomy":"pwb-brand","embeddable":true,"href":"https:\/\/proservice.com.ar\/index.php\/wp-json\/wp\/v2\/pwb-brand?post=7487"},{"taxonomy":"product_brand","embeddable":true,"href":"https:\/\/proservice.com.ar\/index.php\/wp-json\/wp\/v2\/product_brand?post=7487"},{"taxonomy":"product_cat","embeddable":true,"href":"https:\/\/proservice.com.ar\/index.php\/wp-json\/wp\/v2\/product_cat?post=7487"},{"taxonomy":"product_tag","embeddable":true,"href":"https:\/\/proservice.com.ar\/index.php\/wp-json\/wp\/v2\/product_tag?post=7487"}],"curies":[{"name":"wp","href":"https:\/\/api.w.org\/{rel}","templated":true}]}}