{"id":7567,"date":"2025-06-26T09:58:57","date_gmt":"2025-06-26T12:58:57","guid":{"rendered":"https:\/\/proservice.com.ar\/?post_type=product&#038;p=7567"},"modified":"2026-02-11T16:36:16","modified_gmt":"2026-02-11T19:36:16","slug":"smallrig-rc-30b-bi-color-led-focusing-video-light","status":"publish","type":"product","link":"https:\/\/proservice.com.ar\/index.php\/product\/smallrig-rc-30b-bi-color-led-focusing-video-light\/","title":{"rendered":"SmallRig RC 30B Bi-Color LED Focusing Video Light"},"content":{"rendered":"<p>La luz de video LED bicolor con enfoque RC 30B de SmallRig es un equipo vers\u00e1til, perfecto para fotograf\u00eda y video. Su salida COB permite un enfoque continuo, ajustando el \u00e1ngulo del haz desde 60\u00b0 hasta 15\u00b0. Adem\u00e1s, ofrece una temperatura de color variable, desde un c\u00e1lido tono tungsteno hasta una luz diurna n\u00edtida y fr\u00eda.<\/p>\n<p>Esta unidad LED, compacta y ligera, incorpora viseras de 4 hojas que proporcionan un control preciso sobre la dispersi\u00f3n del haz. Incluye tambi\u00e9n un adaptador de soporte ajustable con un receptor de clavija de 5\/8&#8243; y un pr\u00e1ctico soporte para sombrilla.<\/p>\n<div class=\"title_OMS5rN7R1Z\">\n<div class=\"text_TAw0W35QK_ comfy_TAw0W35QK_ sizeTitle4_TAw0W35QK_ weightBold_TAw0W35QK_ primary_i3MsQsqoe0\" data-selenium=\"sellingPointsTitle\"><strong>Caracter\u00edsticas principales:\u00a0<\/strong><\/div>\n<\/div>\n<ul class=\"list_OMS5rN7R1Z\">\n<li class=\"listItem_OMS5rN7R1Z\" data-selenium=\"sellingPointsListItem\"><span>Para estudios y producciones de cine y televisi\u00f3n<\/span><\/li>\n<li class=\"listItem_OMS5rN7R1Z\" data-selenium=\"sellingPointsListItem\"><span>Salida: 12.000 Lux a 3,3&#8242; (15\u00b0, 5600K)<\/span><\/li>\n<li class=\"listItem_OMS5rN7R1Z\" data-selenium=\"sellingPointsListItem\"><span>Rango de temperatura de color: 2700 a 6500 K<\/span><\/li>\n<li class=\"listItem_OMS5rN7R1Z\" data-selenium=\"sellingPointsListItem\"><span>\u00c1ngulo de haz ajustable: 15 a 60\u00b0<\/span><\/li>\n<li class=\"listItem_OMS5rN7R1Z\" data-selenium=\"sellingPointsListItem\"><span>Alimentaci\u00f3n CA, incluye adaptador CA (EE. UU.)<\/span><\/li>\n<li class=\"listItem_OMS5rN7R1Z\" data-selenium=\"sellingPointsListItem\"><span>CRi 96+ | TLCI 96+<\/span><\/li>\n<li class=\"listItem_OMS5rN7R1Z\" data-selenium=\"sellingPointsListItem\"><span>Control integrado, pantalla LCD<\/span><\/li>\n<li class=\"listItem_OMS5rN7R1Z\" data-selenium=\"sellingPointsListItem\"><span>Enfriado por ventilador<\/span><\/li>\n<li class=\"listItem_OMS5rN7R1Z\" data-selenium=\"sellingPointsListItem\"><span>Receptor de 5\/8&#8243;, montaje tipo paraguas<\/span><\/li>\n<li class=\"listItem_OMS5rN7R1Z\" data-selenium=\"sellingPointsListItem\"><span>Incluye viseras de granero de 4 hojas<\/span><\/li>\n<\/ul>\n","protected":false},"excerpt":{"rendered":"<p>SmallRig RC 30B Bi-Color LED Focusing Video Light<\/p>\n","protected":false},"featured_media":7572,"template":"","meta":{"om_disable_all_campaigns":false},"pwb-brand":[],"product_brand":[],"product_cat":[62,83],"product_tag":[665],"class_list":{"0":"post-7567","1":"product","2":"type-product","3":"status-publish","4":"has-post-thumbnail","6":"product_cat-lighting","7":"product_cat-smallrig","8":"product_tag-665","10":"first","11":"outofstock","12":"shipping-taxable","13":"purchasable","14":"product-type-simple"},"aioseo_notices":[],"jetpack_sharing_enabled":true,"brands":[],"_links":{"self":[{"href":"https:\/\/proservice.com.ar\/index.php\/wp-json\/wp\/v2\/product\/7567","targetHints":{"allow":["GET"]}}],"collection":[{"href":"https:\/\/proservice.com.ar\/index.php\/wp-json\/wp\/v2\/product"}],"about":[{"href":"https:\/\/proservice.com.ar\/index.php\/wp-json\/wp\/v2\/types\/product"}],"wp:featuredmedia":[{"embeddable":true,"href":"https:\/\/proservice.com.ar\/index.php\/wp-json\/wp\/v2\/media\/7572"}],"wp:attachment":[{"href":"https:\/\/proservice.com.ar\/index.php\/wp-json\/wp\/v2\/media?parent=7567"}],"wp:term":[{"taxonomy":"pwb-brand","embeddable":true,"href":"https:\/\/proservice.com.ar\/index.php\/wp-json\/wp\/v2\/pwb-brand?post=7567"},{"taxonomy":"product_brand","embeddable":true,"href":"https:\/\/proservice.com.ar\/index.php\/wp-json\/wp\/v2\/product_brand?post=7567"},{"taxonomy":"product_cat","embeddable":true,"href":"https:\/\/proservice.com.ar\/index.php\/wp-json\/wp\/v2\/product_cat?post=7567"},{"taxonomy":"product_tag","embeddable":true,"href":"https:\/\/proservice.com.ar\/index.php\/wp-json\/wp\/v2\/product_tag?post=7567"}],"curies":[{"name":"wp","href":"https:\/\/api.w.org\/{rel}","templated":true}]}}