{"id":7574,"date":"2025-06-26T10:44:02","date_gmt":"2025-06-26T13:44:02","guid":{"rendered":"https:\/\/proservice.com.ar\/?post_type=product&#038;p=7574"},"modified":"2026-04-01T11:11:06","modified_gmt":"2026-04-01T14:11:06","slug":"smallrig-rc-60c-rgb-led-video-light-lite-edition","status":"publish","type":"product","link":"https:\/\/proservice.com.ar\/index.php\/product\/smallrig-rc-60c-rgb-led-video-light-lite-edition\/","title":{"rendered":"SmallRig RC 60C RGB LED Video Light (Lite Edition)"},"content":{"rendered":"<p>Compacta y port\u00e1til, la luz de video LED RGB RC 60C (Edici\u00f3n Lite) de SmallRig est\u00e1 dise\u00f1ada para fot\u00f3grafos, creadores de contenido y vide\u00f3grafos que disfrutar\u00e1n del tama\u00f1o y la amplia gama de CCT y color de esta monoluz actualizada. Ideal como luz de relleno en configuraciones compactas, la RC 60C ofrece un rango CCT ampliado de 2500 a 10 000 K, una gama de color RGB completa y protocolos de carga r\u00e1pida. Alimentada por una bater\u00eda integrada, la unidad ofrece hasta 45 minutos de autonom\u00eda a plena potencia. La Edici\u00f3n Lite incluye un mini reflector y un cable de carga.<br \/>\nPuedes controlar la luz localmente para ajustar con precisi\u00f3n y rapidez par\u00e1metros como la temperatura de color y el brillo. Tambi\u00e9n puedes controlar la luz con una aplicaci\u00f3n para smartphone para configurar ajustes de color y efectos de luz.<br \/>\nLas funciones de iluminaci\u00f3n profesional integradas incluyen ajuste de verde\/magenta (G\/M), filtros de color (Rosco, Lee), HSI, RGB, rango CCT y selecci\u00f3n de color, satisfaciendo las necesidades de los usuarios profesionales.<br \/>\nLa luz tambi\u00e9n incluye efectos integrados de paparazzi, fuegos artificiales, rayos, bombillas defectuosas, TV, respiraci\u00f3n, flash, fiesta y llamas, as\u00ed como ciclo CCT y RGB.<\/p>\n<p>&nbsp;<\/p>\n<div class=\"title_OMS5rN7R1Z\">\n<div class=\"text_TAw0W35QK_ comfy_TAw0W35QK_ sizeTitle4_TAw0W35QK_ weightBold_TAw0W35QK_ primary_i3MsQsqoe0\" data-selenium=\"sellingPointsTitle\"><strong>Caracter\u00edsticas principales:\u00a0<\/strong><\/div>\n<\/div>\n<ul class=\"list_OMS5rN7R1Z\">\n<li class=\"listItem_OMS5rN7R1Z\" data-selenium=\"sellingPointsListItem\">Para producci\u00f3n de video y vlogs<\/li>\n<li class=\"listItem_OMS5rN7R1Z\" data-selenium=\"sellingPointsListItem\">Amplio rango de CCT de 2500 a 10 000 K<\/li>\n<li class=\"listItem_OMS5rN7R1Z\" data-selenium=\"sellingPointsListItem\">RGB, filtros de color, HSI, configuraci\u00f3n G\/M<\/li>\n<li class=\"listItem_OMS5rN7R1Z\" data-selenium=\"sellingPointsListItem\">Aplicaci\u00f3n inal\u00e1mbrica y controles integrados<\/li>\n<li class=\"listItem_OMS5rN7R1Z\" data-selenium=\"sellingPointsListItem\">Bater\u00eda de carga r\u00e1pida PD incorporada<\/li>\n<li class=\"listItem_OMS5rN7R1Z\" data-selenium=\"sellingPointsListItem\">Hasta 45 minutos de autonom\u00eda a m\u00e1xima potencia<\/li>\n<li class=\"listItem_OMS5rN7R1Z\" data-selenium=\"sellingPointsListItem\">11 efectos de iluminaci\u00f3n incorporados<\/li>\n<li class=\"listItem_OMS5rN7R1Z\" data-selenium=\"sellingPointsListItem\">Dise\u00f1o compacto, ligero y port\u00e1til<\/li>\n<li class=\"listItem_OMS5rN7R1Z\" data-selenium=\"sellingPointsListItem\">Incluye mini reflector y cable de carga.<\/li>\n<\/ul>\n","protected":false},"excerpt":{"rendered":"<p>SmallRig RC 60C RGB LED Video Light (Lite Edition)<\/p>\n","protected":false},"featured_media":7580,"template":"","meta":{"om_disable_all_campaigns":false},"pwb-brand":[],"product_brand":[],"product_cat":[62,83],"product_tag":[666],"class_list":{"0":"post-7574","1":"product","2":"type-product","3":"status-publish","4":"has-post-thumbnail","6":"product_cat-lighting","7":"product_cat-smallrig","8":"product_tag-666","10":"first","11":"outofstock","12":"shipping-taxable","13":"purchasable","14":"product-type-simple"},"aioseo_notices":[],"jetpack_sharing_enabled":true,"brands":[],"_links":{"self":[{"href":"https:\/\/proservice.com.ar\/index.php\/wp-json\/wp\/v2\/product\/7574","targetHints":{"allow":["GET"]}}],"collection":[{"href":"https:\/\/proservice.com.ar\/index.php\/wp-json\/wp\/v2\/product"}],"about":[{"href":"https:\/\/proservice.com.ar\/index.php\/wp-json\/wp\/v2\/types\/product"}],"wp:featuredmedia":[{"embeddable":true,"href":"https:\/\/proservice.com.ar\/index.php\/wp-json\/wp\/v2\/media\/7580"}],"wp:attachment":[{"href":"https:\/\/proservice.com.ar\/index.php\/wp-json\/wp\/v2\/media?parent=7574"}],"wp:term":[{"taxonomy":"pwb-brand","embeddable":true,"href":"https:\/\/proservice.com.ar\/index.php\/wp-json\/wp\/v2\/pwb-brand?post=7574"},{"taxonomy":"product_brand","embeddable":true,"href":"https:\/\/proservice.com.ar\/index.php\/wp-json\/wp\/v2\/product_brand?post=7574"},{"taxonomy":"product_cat","embeddable":true,"href":"https:\/\/proservice.com.ar\/index.php\/wp-json\/wp\/v2\/product_cat?post=7574"},{"taxonomy":"product_tag","embeddable":true,"href":"https:\/\/proservice.com.ar\/index.php\/wp-json\/wp\/v2\/product_tag?post=7574"}],"curies":[{"name":"wp","href":"https:\/\/api.w.org\/{rel}","templated":true}]}}