{"id":7582,"date":"2024-06-26T10:46:19","date_gmt":"2024-06-26T13:46:19","guid":{"rendered":"https:\/\/proservice.com.ar\/?post_type=product&#038;p=7582"},"modified":"2026-04-09T13:27:32","modified_gmt":"2026-04-09T16:27:32","slug":"smallrig-ra-d30-mini-parabolic-softbox-11-8","status":"publish","type":"product","link":"https:\/\/proservice.com.ar\/index.php\/product\/smallrig-ra-d30-mini-parabolic-softbox-11-8\/","title":{"rendered":"SmallRig RA-D30 Mini Parabolic Softbox (11.8&#8243;)"},"content":{"rendered":"<p>Optimizado para la monoluz LED bicolor RC 60B, el minisoftbox parab\u00f3lico RA-D30 de SmallRig es un modificador muy compacto y ligero con un di\u00e1metro de 30 cm. Este softbox de ocho lados utiliza un dise\u00f1o parab\u00f3lico de 21,5 cm de profundidad que proporciona una luz suave y favorecedora sobre cualquier sujeto. F\u00e1cil de instalar y usar, el RA-D30 es port\u00e1til y se puede usar en una amplia variedad de aplicaciones.<\/p>\n<p>Siempre listo<br \/>\nEl dise\u00f1o del modificador permite expandir la softbox sin complicaciones. Su mecanismo de desbloqueo por presi\u00f3n le ahorrar\u00e1 tiempo y esfuerzo tanto en el set como en la locaci\u00f3n.<br \/>\nSoftbox ligero y port\u00e1til<br \/>\nDise\u00f1ado para combinar con el color y el tama\u00f1o de su dispositivo RC 60B, el RA-D30 es liviano y pesa solo 300 gramos<\/p>\n","protected":false},"excerpt":{"rendered":"<p>SmallRig RA-D30 Mini Parabolic Softbox (11.8&#8243;)<\/p>\n","protected":false},"featured_media":7585,"template":"","meta":{"om_disable_all_campaigns":false},"pwb-brand":[],"product_brand":[],"product_cat":[62,83],"product_tag":[667],"class_list":{"0":"post-7582","1":"product","2":"type-product","3":"status-publish","4":"has-post-thumbnail","6":"product_cat-lighting","7":"product_cat-smallrig","8":"product_tag-667","10":"first","11":"instock","12":"sale","13":"shipping-taxable","14":"purchasable","15":"product-type-simple"},"aioseo_notices":[],"jetpack_sharing_enabled":true,"brands":[],"_links":{"self":[{"href":"https:\/\/proservice.com.ar\/index.php\/wp-json\/wp\/v2\/product\/7582","targetHints":{"allow":["GET"]}}],"collection":[{"href":"https:\/\/proservice.com.ar\/index.php\/wp-json\/wp\/v2\/product"}],"about":[{"href":"https:\/\/proservice.com.ar\/index.php\/wp-json\/wp\/v2\/types\/product"}],"wp:featuredmedia":[{"embeddable":true,"href":"https:\/\/proservice.com.ar\/index.php\/wp-json\/wp\/v2\/media\/7585"}],"wp:attachment":[{"href":"https:\/\/proservice.com.ar\/index.php\/wp-json\/wp\/v2\/media?parent=7582"}],"wp:term":[{"taxonomy":"pwb-brand","embeddable":true,"href":"https:\/\/proservice.com.ar\/index.php\/wp-json\/wp\/v2\/pwb-brand?post=7582"},{"taxonomy":"product_brand","embeddable":true,"href":"https:\/\/proservice.com.ar\/index.php\/wp-json\/wp\/v2\/product_brand?post=7582"},{"taxonomy":"product_cat","embeddable":true,"href":"https:\/\/proservice.com.ar\/index.php\/wp-json\/wp\/v2\/product_cat?post=7582"},{"taxonomy":"product_tag","embeddable":true,"href":"https:\/\/proservice.com.ar\/index.php\/wp-json\/wp\/v2\/product_tag?post=7582"}],"curies":[{"name":"wp","href":"https:\/\/api.w.org\/{rel}","templated":true}]}}