{"id":7656,"date":"2025-11-12T16:06:11","date_gmt":"2025-11-12T19:06:11","guid":{"rendered":"https:\/\/proservice.com.ar\/?post_type=product&#038;p=7656"},"modified":"2026-02-11T16:07:59","modified_gmt":"2026-02-11T19:07:59","slug":"hollyland-cosmo-c2-2tx1rx","status":"publish","type":"product","link":"https:\/\/proservice.com.ar\/index.php\/product\/hollyland-cosmo-c2-2tx1rx\/","title":{"rendered":"Hollyland Cosmo C2 HDMI\/SDI Wireless Video 2-Transmitter System"},"content":{"rendered":"<p>Cosmo C2 est\u00e1 dise\u00f1ado por expertos con profundos conocimientos y visi\u00f3n de mercado; cuenta con un potente dise\u00f1o de 2 TX y 1 RX para mejorar la competencia inal\u00e1mbrica, un rango LOS ultralargo de 1000 m y una latencia superbaja de solo 33 ms. Adopta la nueva tecnolog\u00eda HEVO 2,0 de desarrollo propio y permite saltar de frecuencia sin interrupciones, lo que garantiza una experiencia fluida y envolvente. Combinado con otras potentes caracter\u00edsticas y funciones como NDI, UVC y streaming RTMP, este innovador kit resultar\u00e1 de gran ayuda para la transmisi\u00f3n en vivo multic\u00e1mara, la retransmisi\u00f3n y mucho m\u00e1s.<\/p>\n<p><strong>Soluci\u00f3n de 2 TX y 1 RX<\/strong><\/p>\n<p>Cosmo C2 permite la transmisi\u00f3n entre dos emisores y un receptor. Esta configuraci\u00f3n reduce el n\u00famero de dispositivos y cables necesarios, disminuye las interferencias inal\u00e1mbricas y garantiza una mejor sincronizaci\u00f3n de las fuentes de v\u00eddeo, todo lo cual contribuye a un flujo de trabajo m\u00e1s productivo.<\/p>\n<p>Cosmo C2 cuenta con un alcance de transmisi\u00f3n con l\u00ednea de visi\u00f3n (LOS) ultralarga de hasta 1000 m, lo que lo hace ideal para un uso profesional en grandes recintos, zonas abiertas y edificios complejos.<\/p>\n<p><strong>Menos latencia<\/strong><br \/>\nCosmo C2 logra una latencia superbaja de solo 33 ms[1] y no var\u00eda en distancias largas, lo que garantiza una transmisi\u00f3n fluida y fiable.<\/p>\n<p><strong>HEVO 2.0<\/strong><br \/>\nTras una exhaustiva actualizaci\u00f3n, la tecnolog\u00eda HEVO 2.0 redefine la experiencia.<br \/>\nCon un mayor alcance de transmisi\u00f3n, menor latencia y compatibilidad con dos transmisores y un receptor, Cosmo C2 pretende mejorar su flujo de trabajo.<\/p>\n<p><strong>Salto de frecuencia sin interrupciones<\/strong><br \/>\nGracias a la tecnolog\u00eda HEVO 2.0 de desarrollo propio, Cosmo C2 detecta autom\u00e1ticamente las interferencias de frecuencia del entorno y cambia sin problemas a un canal limpio, lo que garantiza una transmisi\u00f3n ininterrumpida y una experiencia envolvente.lo que garantiza una transmisi\u00f3n ininterrumpida y una experiencia envolvente.<\/p>\n","protected":false},"excerpt":{"rendered":"<p>Hollyland Cosmo C2 HDMI\/SDI Wireless Video 2-Transmitter System<\/p>\n","protected":false},"featured_media":7658,"template":"","meta":{"om_disable_all_campaigns":false},"pwb-brand":[],"product_brand":[],"product_cat":[77,420,424],"product_tag":[670],"class_list":{"0":"post-7656","1":"product","2":"type-product","3":"status-publish","4":"has-post-thumbnail","6":"product_cat-hollyland","7":"product_cat-ofertas","8":"product_cat-wireless-video","9":"product_tag-c2-2tx1rx","11":"first","12":"outofstock","13":"shipping-taxable","14":"purchasable","15":"product-type-simple"},"aioseo_notices":[],"jetpack_sharing_enabled":true,"brands":[],"_links":{"self":[{"href":"https:\/\/proservice.com.ar\/index.php\/wp-json\/wp\/v2\/product\/7656","targetHints":{"allow":["GET"]}}],"collection":[{"href":"https:\/\/proservice.com.ar\/index.php\/wp-json\/wp\/v2\/product"}],"about":[{"href":"https:\/\/proservice.com.ar\/index.php\/wp-json\/wp\/v2\/types\/product"}],"wp:featuredmedia":[{"embeddable":true,"href":"https:\/\/proservice.com.ar\/index.php\/wp-json\/wp\/v2\/media\/7658"}],"wp:attachment":[{"href":"https:\/\/proservice.com.ar\/index.php\/wp-json\/wp\/v2\/media?parent=7656"}],"wp:term":[{"taxonomy":"pwb-brand","embeddable":true,"href":"https:\/\/proservice.com.ar\/index.php\/wp-json\/wp\/v2\/pwb-brand?post=7656"},{"taxonomy":"product_brand","embeddable":true,"href":"https:\/\/proservice.com.ar\/index.php\/wp-json\/wp\/v2\/product_brand?post=7656"},{"taxonomy":"product_cat","embeddable":true,"href":"https:\/\/proservice.com.ar\/index.php\/wp-json\/wp\/v2\/product_cat?post=7656"},{"taxonomy":"product_tag","embeddable":true,"href":"https:\/\/proservice.com.ar\/index.php\/wp-json\/wp\/v2\/product_tag?post=7656"}],"curies":[{"name":"wp","href":"https:\/\/api.w.org\/{rel}","templated":true}]}}