{"id":7672,"date":"2025-07-25T14:13:30","date_gmt":"2025-07-25T17:13:30","guid":{"rendered":"https:\/\/proservice.com.ar\/?post_type=product&#038;p=7672"},"modified":"2026-02-18T10:01:11","modified_gmt":"2026-02-18T13:01:11","slug":"blackmagic-design-atem-micro-camera-panel","status":"publish","type":"product","link":"https:\/\/proservice.com.ar\/index.php\/product\/blackmagic-design-atem-micro-camera-panel\/","title":{"rendered":"Blackmagic Design ATEM Micro Camera Panel"},"content":{"rendered":"<p>Este panel port\u00e1til de alta gama para el control de c\u00e1maras permite ajustar la apertura del diafragma, el pedestal, la obturaci\u00f3n, el balance de blancos y de los canales rojo, verde y azul, la ganancia principal y otros par\u00e1metros en un m\u00e1ximo de 8 unidades. Adem\u00e1s, brinda compatibilidad con el programa ATEM Software Control a trav\u00e9s de la conexi\u00f3n Bluetooth o el puerto USB-C.<\/p>\n<p>&nbsp;<\/p>\n<div class=\"autocolumns\">\n<article class=\"pair\">\n<div class=\"title_OMS5rN7R1Z\">\n<div class=\"text_TAw0W35QK_ comfy_TAw0W35QK_ sizeTitle4_TAw0W35QK_ weightBold_TAw0W35QK_ primary_i3MsQsqoe0\" data-selenium=\"sellingPointsTitle\"><strong>Caracter\u00edsticas principales:\u00a0<\/strong><\/div>\n<\/div>\n<ul class=\"list_OMS5rN7R1Z\">\n<li class=\"listItem_OMS5rN7R1Z\" data-selenium=\"sellingPointsListItem\"><span>Panel de control de c\u00e1mara compacta<\/span><\/li>\n<li class=\"listItem_OMS5rN7R1Z\" data-selenium=\"sellingPointsListItem\"><span>Controla hasta 8 c\u00e1maras<\/span><\/li>\n<li class=\"listItem_OMS5rN7R1Z\" data-selenium=\"sellingPointsListItem\"><span>Control de joystick, LED de control rojo\/verde<\/span><\/li>\n<li class=\"listItem_OMS5rN7R1Z\" data-selenium=\"sellingPointsListItem\"><span>Conexiones de computadora USB-C o Bluetooth<\/span><\/li>\n<li class=\"listItem_OMS5rN7R1Z\" data-selenium=\"sellingPointsListItem\"><span>Alimentado por bater\u00eda con interruptor de encendido<\/span><\/li>\n<li class=\"listItem_OMS5rN7R1Z\" data-selenium=\"sellingPointsListItem\"><span>Canales CCU para controlar m\u00e1s c\u00e1maras<\/span><\/li>\n<li class=\"listItem_OMS5rN7R1Z\" data-selenium=\"sellingPointsListItem\"><span>Salida auxiliar, controles de perilla de balance RGB<\/span><\/li>\n<\/ul>\n<\/article>\n<\/div>\n","protected":false},"excerpt":{"rendered":"<p>ATEM Micro Camera Panel<\/p>\n","protected":false},"featured_media":7675,"template":"","meta":{"om_disable_all_campaigns":false},"pwb-brand":[],"product_brand":[],"product_cat":[71,61],"product_tag":[672],"class_list":{"0":"post-7672","1":"product","2":"type-product","3":"status-publish","4":"has-post-thumbnail","6":"product_cat-blackmagic-design","7":"product_cat-keyboard-and-control-panel","8":"product_tag-swpanelccu1","10":"first","11":"outofstock","12":"shipping-taxable","13":"product-type-simple"},"aioseo_notices":[],"jetpack_sharing_enabled":true,"brands":[],"_links":{"self":[{"href":"https:\/\/proservice.com.ar\/index.php\/wp-json\/wp\/v2\/product\/7672","targetHints":{"allow":["GET"]}}],"collection":[{"href":"https:\/\/proservice.com.ar\/index.php\/wp-json\/wp\/v2\/product"}],"about":[{"href":"https:\/\/proservice.com.ar\/index.php\/wp-json\/wp\/v2\/types\/product"}],"wp:featuredmedia":[{"embeddable":true,"href":"https:\/\/proservice.com.ar\/index.php\/wp-json\/wp\/v2\/media\/7675"}],"wp:attachment":[{"href":"https:\/\/proservice.com.ar\/index.php\/wp-json\/wp\/v2\/media?parent=7672"}],"wp:term":[{"taxonomy":"pwb-brand","embeddable":true,"href":"https:\/\/proservice.com.ar\/index.php\/wp-json\/wp\/v2\/pwb-brand?post=7672"},{"taxonomy":"product_brand","embeddable":true,"href":"https:\/\/proservice.com.ar\/index.php\/wp-json\/wp\/v2\/product_brand?post=7672"},{"taxonomy":"product_cat","embeddable":true,"href":"https:\/\/proservice.com.ar\/index.php\/wp-json\/wp\/v2\/product_cat?post=7672"},{"taxonomy":"product_tag","embeddable":true,"href":"https:\/\/proservice.com.ar\/index.php\/wp-json\/wp\/v2\/product_tag?post=7672"}],"curies":[{"name":"wp","href":"https:\/\/api.w.org\/{rel}","templated":true}]}}