{"id":7681,"date":"2023-08-05T16:49:54","date_gmt":"2023-08-05T19:49:54","guid":{"rendered":"https:\/\/proservice.com.ar\/?post_type=product&#038;p=7681"},"modified":"2025-08-05T16:53:40","modified_gmt":"2025-08-05T19:53:40","slug":"blackmagic-design-teranex-av","status":"publish","type":"product","link":"https:\/\/proservice.com.ar\/index.php\/product\/blackmagic-design-teranex-av\/","title":{"rendered":"Blackmagic Design Teranex AV"},"content":{"rendered":"<p>El modelo Teranex AV ha sido especialmente dise\u00f1ado con el objetivo de ofrecer nuevas prestaciones para sistemas audiovisuales profesionales, procesos de posproducci\u00f3n y transmisiones de eventos en directo. Brinda la posibilidad de realizar 1089 conversiones distintas a cualquier formato con una resoluci\u00f3n m\u00e1xima de 2160p60, gracias a sus exclusivos algoritmos que permiten obtener una calidad de imagen excepcional. Cabe destacar asimismo que es un equipo de baja latencia, capaz de almacenar logotipos o elementos gr\u00e1ficos, congelar im\u00e1genes y generar se\u00f1ales de referencia. Esta versi\u00f3n dispone tambi\u00e9n de tecnolog\u00eda SDI 12G y conexiones para se\u00f1ales SDI transmitidas mediante cuatro enlaces que pueden emplearse simult\u00e1neamente, as\u00ed como entradas HDMI, XLR y RCA, y salidas derivadas. Por otra parte, esta versi\u00f3n incluye cubiertas met\u00e1licas en la parte posterior, a fin de proteger los cables y conectores de posibles da\u00f1os al instalar el dispositivo en espacios reducidos.<\/p>\n","protected":false},"excerpt":{"rendered":"<p>Blackmagic Design Teranex AV<\/p>\n","protected":false},"featured_media":7685,"template":"","meta":{"om_disable_all_campaigns":false},"pwb-brand":[],"product_brand":[],"product_cat":[71,57],"product_tag":[673],"class_list":{"0":"post-7681","1":"product","2":"type-product","3":"status-publish","4":"has-post-thumbnail","6":"product_cat-blackmagic-design","7":"product_cat-converter","8":"product_tag-teranex-av","10":"first","11":"onbackorder","12":"shipping-taxable","13":"product-type-simple"},"aioseo_notices":[],"jetpack_sharing_enabled":true,"brands":[],"_links":{"self":[{"href":"https:\/\/proservice.com.ar\/index.php\/wp-json\/wp\/v2\/product\/7681","targetHints":{"allow":["GET"]}}],"collection":[{"href":"https:\/\/proservice.com.ar\/index.php\/wp-json\/wp\/v2\/product"}],"about":[{"href":"https:\/\/proservice.com.ar\/index.php\/wp-json\/wp\/v2\/types\/product"}],"wp:featuredmedia":[{"embeddable":true,"href":"https:\/\/proservice.com.ar\/index.php\/wp-json\/wp\/v2\/media\/7685"}],"wp:attachment":[{"href":"https:\/\/proservice.com.ar\/index.php\/wp-json\/wp\/v2\/media?parent=7681"}],"wp:term":[{"taxonomy":"pwb-brand","embeddable":true,"href":"https:\/\/proservice.com.ar\/index.php\/wp-json\/wp\/v2\/pwb-brand?post=7681"},{"taxonomy":"product_brand","embeddable":true,"href":"https:\/\/proservice.com.ar\/index.php\/wp-json\/wp\/v2\/product_brand?post=7681"},{"taxonomy":"product_cat","embeddable":true,"href":"https:\/\/proservice.com.ar\/index.php\/wp-json\/wp\/v2\/product_cat?post=7681"},{"taxonomy":"product_tag","embeddable":true,"href":"https:\/\/proservice.com.ar\/index.php\/wp-json\/wp\/v2\/product_tag?post=7681"}],"curies":[{"name":"wp","href":"https:\/\/api.w.org\/{rel}","templated":true}]}}