{"id":7689,"date":"2025-08-18T10:19:34","date_gmt":"2025-08-18T13:19:34","guid":{"rendered":"https:\/\/proservice.com.ar\/?post_type=product&#038;p=7689"},"modified":"2026-04-01T11:09:11","modified_gmt":"2026-04-01T14:09:11","slug":"dji-mic-2-1tx-1rx-compact-digital-wireless-microphone-system-recorder-for-camera-smartphone-2-4-ghz","status":"publish","type":"product","link":"https:\/\/proservice.com.ar\/index.php\/product\/dji-mic-2-1tx-1rx-compact-digital-wireless-microphone-system-recorder-for-camera-smartphone-2-4-ghz\/","title":{"rendered":"DJI Mic 2 (1TX + 1RX) Compact Digital Wireless Microphone System\/Recorder for Camera &amp; Smartphone (2.4 GHz)"},"content":{"rendered":"<div class=\"title_OMS5rN7R1Z\">\n<div data-selenium=\"sellingPointsTitle\">\n<p>Creadores de contenido, vide\u00f3grafos y streamers de todos los niveles pueden llevar la calidad de sus producciones al siguiente nivel con el DJI Mic 2, un sistema de micr\u00f3fono\/grabador digital totalmente inal\u00e1mbrico, simple de usar y con audio n\u00edtido y confiable.Con todos los accesorios necesarios incluidos, podr\u00e1s grabar directamente en tu c\u00e1mara DSLR o mirrorless, as\u00ed como en tu smartphone iOS o Android, logrando un sonido profesional en entrevistas, vlogs o transmisiones en vivo.\u00a0El sistema ofrece alcance de hasta 250 metros gracias a su transmisor con clip y micr\u00f3fono omnidireccional incorporado, que adem\u00e1s funciona como grabadora de respaldo. El receptor, compacto y vers\u00e1til, se monta f\u00e1cilmente en la c\u00e1mara o se conecta directo al puerto USB-C o Lightning de tu celular o notebook. Con una configuraci\u00f3n inicial r\u00e1pida, estar\u00e1s grabando en segundos.<\/p>\n<p>Ventajas principales del DJI Mic 2<\/p>\n<\/div>\n<div data-selenium=\"sellingPointsTitle\">\n<ul data-start=\"841\" data-end=\"1153\">\n<li data-start=\"841\" data-end=\"919\">\n<p data-start=\"843\" data-end=\"919\"><strong data-start=\"843\" data-end=\"881\">Alcance inal\u00e1mbrico de hasta 250 m<\/strong>, con conexi\u00f3n estable y sin cortes.<\/p>\n<\/li>\n<li data-start=\"920\" data-end=\"996\">\n<p data-start=\"922\" data-end=\"996\"><strong data-start=\"922\" data-end=\"955\">Grabaci\u00f3n de respaldo interna<\/strong> en el transmisor para mayor seguridad.<\/p>\n<\/li>\n<li data-start=\"997\" data-end=\"1081\">\n<p data-start=\"999\" data-end=\"1081\"><strong data-start=\"999\" data-end=\"1023\">Compatibilidad total<\/strong> con c\u00e1maras, celulares y notebooks (USB-C y Lightning).<\/p>\n<\/li>\n<li data-start=\"1082\" data-end=\"1153\">\n<p data-start=\"1084\" data-end=\"1153\"><strong data-start=\"1084\" data-end=\"1119\">Configuraci\u00f3n r\u00e1pida y sencilla<\/strong>: listo para grabar en segundos.<\/p>\n<\/li>\n<\/ul>\n<\/div>\n<\/div>\n","protected":false},"excerpt":{"rendered":"<p>DJI Mic 2 (1TX + 1RX)<\/p>\n","protected":false},"featured_media":7693,"template":"","meta":{"om_disable_all_campaigns":false},"pwb-brand":[],"product_brand":[642],"product_cat":[55,643,641],"product_tag":[674],"class_list":{"0":"post-7689","1":"product","2":"type-product","3":"status-publish","4":"has-post-thumbnail","6":"product_brand-dji","7":"product_cat-audio","8":"product_cat-dji","9":"product_cat-microfonos","10":"product_tag-dji-mic-2-1tx-1rx","12":"first","13":"instock","14":"sale","15":"shipping-taxable","16":"purchasable","17":"product-type-simple"},"aioseo_notices":[],"jetpack_sharing_enabled":true,"brands":[],"_links":{"self":[{"href":"https:\/\/proservice.com.ar\/index.php\/wp-json\/wp\/v2\/product\/7689","targetHints":{"allow":["GET"]}}],"collection":[{"href":"https:\/\/proservice.com.ar\/index.php\/wp-json\/wp\/v2\/product"}],"about":[{"href":"https:\/\/proservice.com.ar\/index.php\/wp-json\/wp\/v2\/types\/product"}],"wp:featuredmedia":[{"embeddable":true,"href":"https:\/\/proservice.com.ar\/index.php\/wp-json\/wp\/v2\/media\/7693"}],"wp:attachment":[{"href":"https:\/\/proservice.com.ar\/index.php\/wp-json\/wp\/v2\/media?parent=7689"}],"wp:term":[{"taxonomy":"pwb-brand","embeddable":true,"href":"https:\/\/proservice.com.ar\/index.php\/wp-json\/wp\/v2\/pwb-brand?post=7689"},{"taxonomy":"product_brand","embeddable":true,"href":"https:\/\/proservice.com.ar\/index.php\/wp-json\/wp\/v2\/product_brand?post=7689"},{"taxonomy":"product_cat","embeddable":true,"href":"https:\/\/proservice.com.ar\/index.php\/wp-json\/wp\/v2\/product_cat?post=7689"},{"taxonomy":"product_tag","embeddable":true,"href":"https:\/\/proservice.com.ar\/index.php\/wp-json\/wp\/v2\/product_tag?post=7689"}],"curies":[{"name":"wp","href":"https:\/\/api.w.org\/{rel}","templated":true}]}}