{"id":7699,"date":"2025-05-20T13:36:18","date_gmt":"2025-05-20T16:36:18","guid":{"rendered":"https:\/\/proservice.com.ar\/?post_type=product&#038;p=7699"},"modified":"2026-04-15T17:44:21","modified_gmt":"2026-04-15T20:44:21","slug":"obsbot-tail-2-ai-powered-ptzr-4k-live-production-camera","status":"publish","type":"product","link":"https:\/\/proservice.com.ar\/index.php\/product\/obsbot-tail-2-ai-powered-ptzr-4k-live-production-camera\/","title":{"rendered":"OBSBOT Tail 2 AI-Powered PTZR 4K Live Production Camera"},"content":{"rendered":"<p>A\u00f1ade una potente c\u00e1mara de transmisi\u00f3n a tu entorno remoto, en casa o en la sala de conferencias que te siga por toda la sala con la c\u00e1mara de producci\u00f3n en vivo PTZR 4K con IA OBSBOT Tail 2. La Tail 2 actualiza las caracter\u00edsticas de la Tail Air con un potente sensor CMOS de 1\/1.5&#8243; y 50 MP; seguimiento de personas, animales y objetos con IA actualizado; control de gestos 2.0 actualizado; salida de transmisi\u00f3n HDMI\/SDI\/USB-C\/IP; conectores de entrada de audio de 3.5 mm para micr\u00f3fono\/l\u00ednea; compatibilidad con NDI; y rendimiento de alta calidad en condiciones de poca luz.<\/p>\n<p>Seguimiento de IA<\/p>\n<p>El algoritmo de seguimiento inteligente mejorado mantiene al sujeto en el encuadre sin interrupciones, lo que permite usar las manos libres para concentrarse en capturar videos excepcionales. La nueva funci\u00f3n &#8220;Solo yo&#8221; garantiza un enfoque preciso en el sujeto seleccionado. Para grupos, nuestro algoritmo de IA mejorado ofrece un preciso seguimiento de grupo.<br \/>\nLas funciones mejoradas de seguimiento de animales y objetos ahora son m\u00e1s precisas e inteligentes que nunca, lo que hace que sea m\u00e1s f\u00e1cil mostrar m\u00e1s de 30 tipos de animales y m\u00e1s de 200 tipos de objetos.<\/p>\n<p>Controles de seguimiento f\u00e1ciles<\/p>\n<p>Iniciar el seguimiento ahora es m\u00e1s sencillo que nunca: simplemente haz doble clic en tu objetivo en la vista previa de Obsbot Start para activar al instante el Seguimiento con IA. Con el motor de reconocimiento mejorado y la base de datos ampliada, puedes fijar la mira en cualquier objetivo compatible con una m\u00ednima demora.<br \/>\nHay ajustes flexibles de velocidad de seguimiento que se adaptan a los patrones de movimiento del sujeto. Ajuste la velocidad de seguimiento en un amplio rango o cree configuraciones personalizadas para garantizar un seguimiento fluido y preciso, independientemente del ritmo.<\/p>\n","protected":false},"excerpt":{"rendered":"<p>OBSBOT Tail 2<\/p>\n","protected":false},"featured_media":7704,"template":"","meta":{"om_disable_all_campaigns":false},"pwb-brand":[],"product_brand":[],"product_cat":[15,545],"product_tag":[675],"class_list":{"0":"post-7699","1":"product","2":"type-product","3":"status-publish","4":"has-post-thumbnail","6":"product_cat-camera","7":"product_cat-obsbot","8":"product_tag-oab-2305-cw","10":"first","11":"outofstock","12":"shipping-taxable","13":"purchasable","14":"product-type-simple"},"aioseo_notices":[],"jetpack_sharing_enabled":true,"brands":[],"_links":{"self":[{"href":"https:\/\/proservice.com.ar\/index.php\/wp-json\/wp\/v2\/product\/7699","targetHints":{"allow":["GET"]}}],"collection":[{"href":"https:\/\/proservice.com.ar\/index.php\/wp-json\/wp\/v2\/product"}],"about":[{"href":"https:\/\/proservice.com.ar\/index.php\/wp-json\/wp\/v2\/types\/product"}],"wp:featuredmedia":[{"embeddable":true,"href":"https:\/\/proservice.com.ar\/index.php\/wp-json\/wp\/v2\/media\/7704"}],"wp:attachment":[{"href":"https:\/\/proservice.com.ar\/index.php\/wp-json\/wp\/v2\/media?parent=7699"}],"wp:term":[{"taxonomy":"pwb-brand","embeddable":true,"href":"https:\/\/proservice.com.ar\/index.php\/wp-json\/wp\/v2\/pwb-brand?post=7699"},{"taxonomy":"product_brand","embeddable":true,"href":"https:\/\/proservice.com.ar\/index.php\/wp-json\/wp\/v2\/product_brand?post=7699"},{"taxonomy":"product_cat","embeddable":true,"href":"https:\/\/proservice.com.ar\/index.php\/wp-json\/wp\/v2\/product_cat?post=7699"},{"taxonomy":"product_tag","embeddable":true,"href":"https:\/\/proservice.com.ar\/index.php\/wp-json\/wp\/v2\/product_tag?post=7699"}],"curies":[{"name":"wp","href":"https:\/\/api.w.org\/{rel}","templated":true}]}}