{"id":7717,"date":"2025-08-28T15:33:52","date_gmt":"2025-08-28T18:33:52","guid":{"rendered":"https:\/\/proservice.com.ar\/?post_type=product&#038;p=7717"},"modified":"2026-03-31T15:08:58","modified_gmt":"2026-03-31T18:08:58","slug":"hollyland-lark-a1-duo-2-person-wireless-microphone-system-with-usb-c-connector-for-mobile-devices","status":"publish","type":"product","link":"https:\/\/proservice.com.ar\/index.php\/product\/hollyland-lark-a1-duo-2-person-wireless-microphone-system-with-usb-c-connector-for-mobile-devices\/","title":{"rendered":"Hollyland LARK A1 Duo 2-Person Wireless Microphone System with USB-C Connector for Mobile Devices"},"content":{"rendered":"<p>El LARK A1 es un micr\u00f3fono inal\u00e1mbrico dise\u00f1ado para una conexi\u00f3n sencilla y directa con smartphones, que ofrece una experiencia plug-and-play. Ofrece un audio de alta fidelidad excepcional de 48 kHz\/24 bits, capturando con precisi\u00f3n cada matiz sutil, mientras que su cancelaci\u00f3n inteligente de ruido de 3 niveles garantiza un sonido puro al eliminar el ruido ambiental. El micr\u00f3fono ofrece audio personalizable con ecualizador ajustable, reverberaci\u00f3n y control de ganancia de 6 niveles. Su funci\u00f3n inteligente de limitaci\u00f3n autom\u00e1tica equilibra los niveles de volumen para mantener un audio estable y libre de distorsiones. Gracias al estuche de carga, puede alternar dos transmisores de forma continua para ofrecer hasta 54 horas de funcionamiento ininterrumpido.<\/p>\n<p>Alta fidelidad<br \/>\nde 48 kHz\/24 bits<br \/>\nEl LARK A1 es ideal para videobloggers, transmisores en vivo y creadores de contenido que buscan un audio claro y profesional sin configuraciones complicadas.Disfrute de un sonido n\u00edtido y claro con grabaci\u00f3n a 48 kHz \/ 24 bits. Este formato de alta resoluci\u00f3n captura un rango din\u00e1mico m\u00e1s amplio y mayor profundidad, lo que garantiza que su voz suene rica, natural y con gran fidelidad. Desde un susurro hasta una voz potente, cada matiz se reproduce con extraordinaria precisi\u00f3n, ideal para creadores que exigen una calidad de audio impecable.<\/p>\n<p>Nivel de presi\u00f3n sonora de entrada de 120 dB<br \/>\nCon un alto nivel de presi\u00f3n sonora de 120 dB SPL, el LARK A1 maneja f\u00e1cilmente ruidos fuertes repentinos, evitando eficazmente la distorsi\u00f3n. Captura cada matiz, desde los graves profundos hasta los agudos n\u00edtidos, con una precisi\u00f3n impecable.<\/p>\n<p>Dise\u00f1ado para creadores que requieren una calidad de audio excepcional, el LARK A1 incorpora un sistema de cancelaci\u00f3n de ruido adaptable a distintos entornos, ya sea para grabaciones al aire libre, transmisiones en vivo o producci\u00f3n de v\u00eddeos breves. Filtra eficazmente el ruido ambiental, incluyendo viento, tr\u00e1fico, bocinas, el zumbido del aire acondicionado y la reverberaci\u00f3n del ambiente. Los tres niveles de reducci\u00f3n de ruido (bajo, medio y alto) se adaptan a diferentes entornos, manteniendo una voz natural y clara.<\/p>\n<p>Sonido sin distorsi\u00f3n<br \/>\nProtecci\u00f3n autom\u00e1tica contra saturaci\u00f3n<br \/>\nLa protecci\u00f3n autom\u00e1tica contra saturaci\u00f3n del LARK A1 no solo reduce los ruidos repentinos, sino que tambi\u00e9n equilibra inteligentemente los niveles de volumen excesivos para mantener una estabilidad y claridad de audio consistentes a lo largo de todo el rango din\u00e1mico.<br \/>\nAjuste con precisi\u00f3n su audio mediante los ajustes predeterminados profesionales de ecualizaci\u00f3n del LARK A1: Balance, bajos, agudos. Mejore a\u00fan m\u00e1s sus grabaciones con la reverberaci\u00f3n ajustable: Baja, media o alta.<br \/>\nEl LARK A1 le permite personalizar su sonido con precisi\u00f3n, modulando la claridad, profundidad y textura mediante el ecualizador y la reverberaci\u00f3n, transformando el audio en una experiencia envolvente.<\/p>\n","protected":false},"excerpt":{"rendered":"<p>Hollyland LARK A1 Duo<\/p>\n","protected":false},"featured_media":7719,"template":"","meta":{"om_disable_all_campaigns":false},"pwb-brand":[],"product_brand":[],"product_cat":[55,77,641],"product_tag":[677],"class_list":{"0":"post-7717","1":"product","2":"type-product","3":"status-publish","4":"has-post-thumbnail","6":"product_cat-audio","7":"product_cat-hollyland","8":"product_cat-microfonos","9":"product_tag-lark-a1-duo","11":"first","12":"instock","13":"shipping-taxable","14":"purchasable","15":"product-type-simple"},"aioseo_notices":[],"jetpack_sharing_enabled":true,"brands":[],"_links":{"self":[{"href":"https:\/\/proservice.com.ar\/index.php\/wp-json\/wp\/v2\/product\/7717","targetHints":{"allow":["GET"]}}],"collection":[{"href":"https:\/\/proservice.com.ar\/index.php\/wp-json\/wp\/v2\/product"}],"about":[{"href":"https:\/\/proservice.com.ar\/index.php\/wp-json\/wp\/v2\/types\/product"}],"wp:featuredmedia":[{"embeddable":true,"href":"https:\/\/proservice.com.ar\/index.php\/wp-json\/wp\/v2\/media\/7719"}],"wp:attachment":[{"href":"https:\/\/proservice.com.ar\/index.php\/wp-json\/wp\/v2\/media?parent=7717"}],"wp:term":[{"taxonomy":"pwb-brand","embeddable":true,"href":"https:\/\/proservice.com.ar\/index.php\/wp-json\/wp\/v2\/pwb-brand?post=7717"},{"taxonomy":"product_brand","embeddable":true,"href":"https:\/\/proservice.com.ar\/index.php\/wp-json\/wp\/v2\/product_brand?post=7717"},{"taxonomy":"product_cat","embeddable":true,"href":"https:\/\/proservice.com.ar\/index.php\/wp-json\/wp\/v2\/product_cat?post=7717"},{"taxonomy":"product_tag","embeddable":true,"href":"https:\/\/proservice.com.ar\/index.php\/wp-json\/wp\/v2\/product_tag?post=7717"}],"curies":[{"name":"wp","href":"https:\/\/api.w.org\/{rel}","templated":true}]}}