{"id":7724,"date":"2025-08-28T16:04:07","date_gmt":"2025-08-28T19:04:07","guid":{"rendered":"https:\/\/proservice.com.ar\/?post_type=product&#038;p=7724"},"modified":"2026-04-01T11:07:57","modified_gmt":"2026-04-01T14:07:57","slug":"hollyland-solidcom-se-global-2s-2-person-full-duplex-single-ear-noise-canceling-headset-intercom-system-2-4-ghz-2","status":"publish","type":"product","link":"https:\/\/proservice.com.ar\/index.php\/product\/hollyland-solidcom-se-global-2s-2-person-full-duplex-single-ear-noise-canceling-headset-intercom-system-2-4-ghz-2\/","title":{"rendered":"Hollyland Solidcom SE Global 2S 2-Person Full-Duplex Single-Ear Noise-Canceling Headset Intercom System (2.4 GHz)"},"content":{"rendered":"<p>El Solidcom SE Global Version es lo que necesitan los peque\u00f1os equipos de producci\u00f3n para llevar su experiencia de comunicaci\u00f3n al siguiente nivel. El sistema de comunicaci\u00f3n full duplex de 2,4 GHz, dise\u00f1ado para ser asequible sin comprometer la calidad, tiene un dise\u00f1o ligero, cancelaci\u00f3n avanzada del ruido ambiental y resistencia al agua, entre otras caracter\u00edsticas, lo que permite a los miembros del equipo colaborar eficazmente en diversos entornos, como la producci\u00f3n de v\u00eddeos comerciales y las operaciones acu\u00e1ticas.<\/p>\n<p>Al funcionar en la banda de frecuencias de 2,4\u00a0GHz, el Solidcom SE Global Version garantiza una conexi\u00f3n estable y constante a distancias de hasta 350\u00a0m, lo que la hace ideal tanto para interiores como para exteriores.<\/p>\n<p>El Solidcom SE Global Version permite conectar varios auriculares remotos, lo que responde a las necesidades de comunicaci\u00f3n de los usuarios en distintos entornos, desde eventos de colaboraci\u00f3n de peque\u00f1o a mediano tama\u00f1o.<\/p>\n<p>El sistema tambi\u00e9n cuenta con la tecnolog\u00eda de salto de frecuencia autom\u00e1tico, que permite saltar de frecuencia autom\u00e1ticamente al encontrar interferencias, lo que hace que el sistema de comunicaci\u00f3n sea m\u00e1s estable y fiable.<\/p>\n<p>Tanto si se encuentra en medio de los ritmos din\u00e1micos de un festival de m\u00fasica donde el p\u00fablico canta a coro, como en una acalorada reuni\u00f3n donde la discusi\u00f3n parece no acabar nunca, la cancelaci\u00f3n del ruido ambiental le proporciona un oasis de tranquilidad.<\/p>\n<p>El Solidcom SE Global Version est\u00e1 listo para usar nada m\u00e1s sacarlo de la caja, ya que todos los auriculares vienen preemparejados de f\u00e1brica. Adem\u00e1s de la funci\u00f3n Pulsa y habla, el sistema cuenta con un brazo de micr\u00f3fono m\u00f3vil para controlar la conversaci\u00f3n y un dise\u00f1o de enclavamiento que permite cambiar entre silencio y conversaci\u00f3n con una sola presi\u00f3n. Garantizando as\u00ed un uso fluido y sin complicaciones.<\/p>\n<div id=\"page\" class=\"site\">\n<div class=\"solidcom-se\">\n<div class=\"section-ready\">\n<div class=\"large-width\">\n<div class=\"section-container\">\n<div class=\"section-video\">\n<div class=\"section-list\">\n<div class=\"section-item\">En rodajes lluviosos o durante actividades relacionadas con el agua, puede estar tranquilo sabiendo que el sistema seguir\u00e1 funcionando, garantizando que su producci\u00f3n se desarrolle sin problemas de principio a fin.<\/div>\n<div>Los auriculares, fabricados con materiales m\u00e1s ligeros y duraderos, son superligeros y pesan aproximadamente lo mismo que un smartphone. Olv\u00eddese de las molestias durante un uso prolongado.<\/div>\n<\/div>\n<\/div>\n<\/div>\n<\/div>\n<\/div>\n<div class=\"section-setup\">\n<div class=\"medium-width\">\n<div class=\"swiper setup-swiper swiper-initialized swiper-horizontal swiper-pointer-events\">\n<div id=\"swiper-wrapper-a9723f416856a719\" class=\"swiper-wrapper\" aria-live=\"polite\">\n<div class=\"swiper-slide swiper-slide-duplicate\" role=\"group\" data-swiper-slide-index=\"7\" aria-label=\"8 \/ 9\"><\/div>\n<div class=\"swiper-slide swiper-slide-duplicate swiper-slide-prev\" role=\"group\" data-swiper-slide-index=\"8\" aria-label=\"9 \/ 9\"><\/div>\n<div class=\"swiper-slide swiper-slide-active\" role=\"group\" data-swiper-slide-index=\"0\" aria-label=\"1 \/ 9\"><\/div>\n<div class=\"swiper-slide\" role=\"group\" data-swiper-slide-index=\"2\" aria-label=\"3 \/ 9\"><\/div>\n<div class=\"swiper-slide\" role=\"group\" data-swiper-slide-index=\"3\" aria-label=\"4 \/ 9\">\n<div class=\"section-slidetitle\"><\/div>\n<\/div>\n<div class=\"swiper-slide\" role=\"group\" data-swiper-slide-index=\"4\" aria-label=\"5 \/ 9\">\n<div class=\"section-slidetitle\"><\/div>\n<\/div>\n<div class=\"swiper-slide\" role=\"group\" data-swiper-slide-index=\"5\" aria-label=\"6 \/ 9\">\n<div class=\"section-slidetitle\"><\/div>\n<\/div>\n<div class=\"swiper-slide\" role=\"group\" data-swiper-slide-index=\"6\" aria-label=\"7 \/ 9\">\n<div class=\"section-slidetitle\"><\/div>\n<\/div>\n<div class=\"swiper-slide\" role=\"group\" data-swiper-slide-index=\"7\" aria-label=\"8 \/ 9\">\n<div class=\"section-slidetitle\"><\/div>\n<\/div>\n<div class=\"swiper-slide swiper-slide-duplicate-prev\" role=\"group\" data-swiper-slide-index=\"8\" aria-label=\"9 \/ 9\"><\/div>\n<div class=\"swiper-slide swiper-slide-duplicate swiper-slide-duplicate-next\" role=\"group\" data-swiper-slide-index=\"1\" aria-label=\"2 \/ 9\"><\/div>\n<\/div>\n<\/div>\n<\/div>\n<\/div>\n<\/div>\n<\/div>\n<div class=\"wpc-filters-overlay\"><\/div>\n","protected":false},"excerpt":{"rendered":"<p>Solidcom SE Global 2S<\/p>\n","protected":false},"featured_media":7731,"template":"","meta":{"om_disable_all_campaigns":false},"pwb-brand":[],"product_brand":[],"product_cat":[55,77,640],"product_tag":[679],"class_list":{"0":"post-7724","1":"product","2":"type-product","3":"status-publish","4":"has-post-thumbnail","6":"product_cat-audio","7":"product_cat-hollyland","8":"product_cat-intercom","9":"product_tag-solidcom-se-global-2s","11":"first","12":"instock","13":"shipping-taxable","14":"purchasable","15":"product-type-simple"},"aioseo_notices":[],"jetpack_sharing_enabled":true,"brands":[],"_links":{"self":[{"href":"https:\/\/proservice.com.ar\/index.php\/wp-json\/wp\/v2\/product\/7724","targetHints":{"allow":["GET"]}}],"collection":[{"href":"https:\/\/proservice.com.ar\/index.php\/wp-json\/wp\/v2\/product"}],"about":[{"href":"https:\/\/proservice.com.ar\/index.php\/wp-json\/wp\/v2\/types\/product"}],"wp:featuredmedia":[{"embeddable":true,"href":"https:\/\/proservice.com.ar\/index.php\/wp-json\/wp\/v2\/media\/7731"}],"wp:attachment":[{"href":"https:\/\/proservice.com.ar\/index.php\/wp-json\/wp\/v2\/media?parent=7724"}],"wp:term":[{"taxonomy":"pwb-brand","embeddable":true,"href":"https:\/\/proservice.com.ar\/index.php\/wp-json\/wp\/v2\/pwb-brand?post=7724"},{"taxonomy":"product_brand","embeddable":true,"href":"https:\/\/proservice.com.ar\/index.php\/wp-json\/wp\/v2\/product_brand?post=7724"},{"taxonomy":"product_cat","embeddable":true,"href":"https:\/\/proservice.com.ar\/index.php\/wp-json\/wp\/v2\/product_cat?post=7724"},{"taxonomy":"product_tag","embeddable":true,"href":"https:\/\/proservice.com.ar\/index.php\/wp-json\/wp\/v2\/product_tag?post=7724"}],"curies":[{"name":"wp","href":"https:\/\/api.w.org\/{rel}","templated":true}]}}