{"id":7735,"date":"2025-08-28T16:18:06","date_gmt":"2025-08-28T19:18:06","guid":{"rendered":"https:\/\/proservice.com.ar\/?post_type=product&#038;p=7735"},"modified":"2026-04-09T13:28:25","modified_gmt":"2026-04-09T16:28:25","slug":"hollyland-solidcom-se-8s","status":"publish","type":"product","link":"https:\/\/proservice.com.ar\/index.php\/product\/hollyland-solidcom-se-8s\/","title":{"rendered":"Hollyland Solidcom SE  8S"},"content":{"rendered":"<p>Solidcom SE es lo que necesitan los peque\u00f1os equipos de producci\u00f3n para llevar su experiencia de comunicaci\u00f3n al siguiente nivel. Dise\u00f1ado con un enfoque en la asequibilidad sin comprometer la calidad, el sistema de comunicaci\u00f3n full-duplex de 1.9 GHz cuenta con un dise\u00f1o ligero, cancelaci\u00f3n avanzada de ruido ambiental y resistencia al agua, entre otras caracter\u00edsticas, lo que permite a los miembros del equipo colaborar eficazmente en diversos entornos, como la producci\u00f3n de video comercial y las operaciones en la costa.<\/p>\n<p>Al operar en la banda de frecuencia de 1,9 GHz, Solidcom SE garantiza una conexi\u00f3n estable y estable en distancias de hasta 1100 pies (350 m), lo que lo hace ideal tanto para entornos interiores como exteriores.<\/p>\n<p>Solidcom SE puede expandirse hasta un m\u00e1ximo de 8 auriculares, satisfaciendo las necesidades de comunicaci\u00f3n de los clientes en diferentes entornos, desde eventos colaborativos de tama\u00f1o peque\u00f1o a mediano.<\/p>\n<div id=\"page\" class=\"site\">\n<div class=\"solidcom-se\">\n<div class=\"section-advanced\">\n<div class=\"large-width\">\n<div class=\"section-wrapper\">\n<div class=\"section-description hl-fade\"><span dir=\"auto\">El sistema tambi\u00e9n cuenta con tecnolog\u00eda de salto de frecuencia autom\u00e1tico, que permite el salto de frecuencia autom\u00e1tico cuando se encuentran interferencias, haciendo que el sistema de comunicaci\u00f3n sea m\u00e1s estable y confiable.<\/span><\/div>\n<\/div>\n<\/div>\n<\/div>\n<div id=\"dual\" class=\"section-dual hl-section\">\n<div class=\"section-wrapper\">\n<div class=\"section-title hl-fade\"><span dir=\"auto\">ENC de doble micr\u00f3fono. Sonido superior.<\/span><\/div>\n<\/div>\n<\/div>\n<div class=\"section-loud\">\n<div class=\"section-wrapper\">\n<div class=\"large-width\">\n<div class=\"section-title hl-fade\"><span dir=\"auto\">Alto y claro.<\/span><\/div>\n<div class=\"section-description hl-fade\"><span dir=\"auto\">La avanzada tecnolog\u00eda de Cancelaci\u00f3n de Ruido Ambiental con micr\u00f3fono dual procesa el sonido de forma que cancela el ruido ambiental, garantizando que tu voz se escuche alta y clara incluso en entornos ruidosos. Con una relaci\u00f3n se\u00f1al-ruido de 71 dB, Solidcom SE permite una reproducci\u00f3n fiel del audio, ofreciendo una experiencia inmersiva.<\/span><\/div>\n<\/div>\n<\/div>\n<div class=\"section-wrapper bottom-wrapper\">\n<div class=\"large-width\">\n<div class=\"section-list\">\n<div class=\"section-item hl-fade\">\n<div class=\"section-item-wrapper\">\n<div class=\"section-item-content\">\n<div class=\"section-item-description is-pc\"><span dir=\"auto\">Cancelaci\u00f3n de ruido<\/span><\/div>\n<\/div>\n<\/div>\n<\/div>\n<\/div>\n<\/div>\n<\/div>\n<\/div>\n<div class=\"section-quiet\">\n<div class=\"section-wrapper-sticky\">\n<div class=\"section-screen\">\n<div class=\"large-width\">\n<div class=\"section-wrapper\">\n<div class=\"section-title hl-fade\"><span dir=\"auto\">Tranquilo y silencioso.<\/span><\/div>\n<div class=\"section-description hl-fade\"><span dir=\"auto\">Ya sea que se encuentre en medio de los ritmos din\u00e1micos de un festival de m\u00fasica donde el p\u00fablico canta, o en una reuni\u00f3n acalorada donde la discusi\u00f3n parece no terminar nunca, la cancelaci\u00f3n de ruido ambiental le proporciona un oasis de tranquilidad.<\/span><\/div>\n<\/div>\n<\/div>\n<\/div>\n<\/div>\n<\/div>\n<div id=\"hassle\" class=\"section-hassle hl-section\">\n<div class=\"section-wrapper-sticky\">\n<div class=\"section-screen\">\n<div class=\"section-title\"><span dir=\"auto\">Operaci\u00f3n sin complicaciones.<\/span><\/div>\n<\/div>\n<\/div>\n<\/div>\n<div class=\"section-ready\">\n<div class=\"large-width\">\n<div class=\"section-wrapper\">\n<div class=\"section-title hl-fade\"><span dir=\"auto\">Listo para usar.<\/span><\/div>\n<div class=\"section-description hl-fade\">Solidcom SE is ready to use right out of the box because all headsets are pre-paired at the factory. In addition to the Push-to-Talk function, the system features a moveable microphone boom for control of talking and a latching design that allows you to switch between mute and talk with just one press. All of these ensure smooth and hassle-free usage.<\/div>\n<\/div>\n<div class=\"section-container\">\n<div class=\"section-video\">\n<div class=\"section-list\">\n<div class=\"section-item active\"><\/div>\n<div class=\"section-item\"><\/div>\n<\/div>\n<\/div>\n<div class=\"section-progress\">\n<div class=\"progress-list\">\n<div class=\"progress-item active\">\n<div class=\"progress-icon text-icon\">\n<div class=\"progress-icon-bar\"><\/div>\n<\/div>\n<\/div>\n<\/div>\n<\/div>\n<\/div>\n<\/div>\n<\/div>\n<\/div>\n<\/div>\n","protected":false},"excerpt":{"rendered":"<p>Solidcom SE es lo que necesitan los peque\u00f1os equipos de producci\u00f3n para llevar su experiencia de comunicaci\u00f3n al siguiente nivel. Dise\u00f1ado con un enfoque en la asequibilidad sin comprometer la calidad, el sistema de comunicaci\u00f3n full-duplex de 1.9 GHz cuenta con un dise\u00f1o ligero, cancelaci\u00f3n avanzada de ruido ambiental y resistencia al agua, entre otras [&hellip;]<\/p>\n","protected":false},"featured_media":7736,"template":"","meta":{"om_disable_all_campaigns":false},"pwb-brand":[],"product_brand":[],"product_cat":[15],"product_tag":[],"class_list":{"0":"post-7735","1":"product","2":"type-product","3":"status-publish","4":"has-post-thumbnail","6":"product_cat-camera","8":"first","9":"instock","10":"shipping-taxable","11":"purchasable","12":"product-type-simple"},"aioseo_notices":[],"jetpack_sharing_enabled":true,"brands":[],"_links":{"self":[{"href":"https:\/\/proservice.com.ar\/index.php\/wp-json\/wp\/v2\/product\/7735","targetHints":{"allow":["GET"]}}],"collection":[{"href":"https:\/\/proservice.com.ar\/index.php\/wp-json\/wp\/v2\/product"}],"about":[{"href":"https:\/\/proservice.com.ar\/index.php\/wp-json\/wp\/v2\/types\/product"}],"wp:featuredmedia":[{"embeddable":true,"href":"https:\/\/proservice.com.ar\/index.php\/wp-json\/wp\/v2\/media\/7736"}],"wp:attachment":[{"href":"https:\/\/proservice.com.ar\/index.php\/wp-json\/wp\/v2\/media?parent=7735"}],"wp:term":[{"taxonomy":"pwb-brand","embeddable":true,"href":"https:\/\/proservice.com.ar\/index.php\/wp-json\/wp\/v2\/pwb-brand?post=7735"},{"taxonomy":"product_brand","embeddable":true,"href":"https:\/\/proservice.com.ar\/index.php\/wp-json\/wp\/v2\/product_brand?post=7735"},{"taxonomy":"product_cat","embeddable":true,"href":"https:\/\/proservice.com.ar\/index.php\/wp-json\/wp\/v2\/product_cat?post=7735"},{"taxonomy":"product_tag","embeddable":true,"href":"https:\/\/proservice.com.ar\/index.php\/wp-json\/wp\/v2\/product_tag?post=7735"}],"curies":[{"name":"wp","href":"https:\/\/api.w.org\/{rel}","templated":true}]}}