{"id":7743,"date":"2024-09-08T15:27:56","date_gmt":"2024-09-08T18:27:56","guid":{"rendered":"https:\/\/proservice.com.ar\/?post_type=product&#038;p=7743"},"modified":"2026-02-23T12:57:16","modified_gmt":"2026-02-23T15:57:16","slug":"camera-ptz-moertek-mc8420-4k-12x-sdi-ip","status":"publish","type":"product","link":"https:\/\/proservice.com.ar\/index.php\/product\/camera-ptz-moertek-mc8420-4k-12x-sdi-ip\/","title":{"rendered":"Camera PTZ MOERTEK MC8420 4K 12X SDI IP"},"content":{"rendered":"<p>4K Ultra HD: sensor CMOS SONY 4K de alta calidad de 1\/2,8 pulgadas; 8,50 megap\u00edxeles, la resoluci\u00f3n es de hasta 4K (3840 x 2160) a 30 FPS.<\/p>\n<p>Zoom \u00f3ptico : zoom \u00f3ptico de 12X con \u00e1ngulo de visi\u00f3n de 70\u00b0.<\/p>\n<p>Tecnolog\u00eda de enfoque autom\u00e1tico avanzada: la tecnolog\u00eda de enfoque autom\u00e1tico avanzada permite que la c\u00e1mara se mueva de manera r\u00e1pida, precisa y estable.<\/p>\n<p>Bajo ruido y alta relaci\u00f3n se\u00f1al-ruido (SNR): El CMOS de bajo ruido proporciona una alta relaci\u00f3n se\u00f1al-ruido (SNR). El uso de tecnolog\u00eda l\u00edder de reducci\u00f3n de ruido 2D y 3D reduce a\u00fan m\u00e1s el ruido sin comprometer la claridad de la imagen.<\/p>\n<p>Conexiones m\u00faltiples: admite HDMI, SDI, USB3.0, LAN cableada y PoE. USB3.0 admite transmisi\u00f3n dual y SDI admite transmisi\u00f3n de 100 metros a 1080P60.<\/p>\n<p>M\u00faltiples formatos de compresi\u00f3n de audio: Compatible con los formatos de codificaci\u00f3n de v\u00eddeo YUY2 , MJPEG , H.264 , H.265 y NV12. La resoluci\u00f3n de 3840 x 2160 a 30 FPS est\u00e1 disponible en los formatos MJPEG , H.264 y H.265. Formatos de compresi\u00f3n de audio: AAC , MP3 , G.711A<\/p>\n<p>Conector de entrada de audio: Admite codificaci\u00f3n de audio en AAC , MP3 y G.711A. Ofrece frecuencias de muestreo de 16000 , 32000 , 44100 y 48000 en los formatos AAC y MPS.<\/p>\n<p>Sensor de gravedad incorporado : tiene un sensor de gravedad incorporado, admite giro autom\u00e1tico PTZ, lo que lo hace m\u00e1s f\u00e1cil de configurar para el ingeniero.<\/p>\n<p>M\u00faltiples protocolos de red: Admite protocolos de ONVIF , GB\/T28181 , RTSP , RTMP , VISCA OVER IP , IP VISCA , RTMPS , SRT, modo RTMP Push, modo de multidifusi\u00f3n RTP, lo que facilita la vinculaci\u00f3n con el servidor de transmisi\u00f3n multimedia (Wowza , FMS)<\/p>\n<p>Jack de control: RS422 compatible con RS485, RS232-IN, RS232-OUT, el jack RS232 es capaz de conectarse en cascada.<\/p>\n<p>Protocolos de control m\u00faltiples: admite los protocolos de control de VISCA, PELCO-D, PELCO-P y puede identificar autom\u00e1ticamente los protocolos.<\/p>\n<p>Movimiento PTZ s\u00faper silencioso: la adopci\u00f3n de un mecanismo de motor de accionamiento por pasos y un controlador de accionamiento del motor con alta precisi\u00f3n garantiza que el PTZ funcione sin problemas a baja velocidad y sin ruido.<\/p>\n<p>Modo de suspensi\u00f3n de bajo consumo: Permite el modo de suspensi\u00f3n\/activaci\u00f3n de bajo consumo. El consumo de energ\u00eda en modo de suspensi\u00f3n es inferior a 400 mW.<\/p>\n<p>M\u00faltiples ajustes preestablecidos: Admite 255 ajustes preestablecidos (10 ajustes preestablecidos llamados mediante control remoto)<\/p>\n<p>Control remoto inal\u00e1mbrico y por infrarrojos: el control remoto inal\u00e1mbrico y por infrarrojos se encuentran disponibles como opciones.<\/p>\n<p>Detecci\u00f3n humana por IA: con un procesador de alta velocidad y un algoritmo avanzado de procesamiento y an\u00e1lisis de im\u00e1genes, la c\u00e1mara admite seguimiento en tiempo real y seguimiento de zonas.<\/p>\n<p>Amplia aplicaci\u00f3n: se aplica en ense\u00f1anza remota, sistema de conferencias, capacitaci\u00f3n en l\u00ednea y telemedicina.<\/p>\n","protected":false},"excerpt":{"rendered":"<p>Camera PTZ MOERTEK MC8420 4K 12X SDI IP<\/p>\n","protected":false},"featured_media":7748,"template":"","meta":{"om_disable_all_campaigns":false},"pwb-brand":[],"product_brand":[],"product_cat":[15,571],"product_tag":[681],"class_list":{"0":"post-7743","1":"product","2":"type-product","3":"status-publish","4":"has-post-thumbnail","6":"product_cat-camera","7":"product_cat-moertek","8":"product_tag-mc8420b-ai","10":"first","11":"outofstock","12":"shipping-taxable","13":"purchasable","14":"product-type-simple"},"aioseo_notices":[],"jetpack_sharing_enabled":true,"brands":[],"_links":{"self":[{"href":"https:\/\/proservice.com.ar\/index.php\/wp-json\/wp\/v2\/product\/7743","targetHints":{"allow":["GET"]}}],"collection":[{"href":"https:\/\/proservice.com.ar\/index.php\/wp-json\/wp\/v2\/product"}],"about":[{"href":"https:\/\/proservice.com.ar\/index.php\/wp-json\/wp\/v2\/types\/product"}],"wp:featuredmedia":[{"embeddable":true,"href":"https:\/\/proservice.com.ar\/index.php\/wp-json\/wp\/v2\/media\/7748"}],"wp:attachment":[{"href":"https:\/\/proservice.com.ar\/index.php\/wp-json\/wp\/v2\/media?parent=7743"}],"wp:term":[{"taxonomy":"pwb-brand","embeddable":true,"href":"https:\/\/proservice.com.ar\/index.php\/wp-json\/wp\/v2\/pwb-brand?post=7743"},{"taxonomy":"product_brand","embeddable":true,"href":"https:\/\/proservice.com.ar\/index.php\/wp-json\/wp\/v2\/product_brand?post=7743"},{"taxonomy":"product_cat","embeddable":true,"href":"https:\/\/proservice.com.ar\/index.php\/wp-json\/wp\/v2\/product_cat?post=7743"},{"taxonomy":"product_tag","embeddable":true,"href":"https:\/\/proservice.com.ar\/index.php\/wp-json\/wp\/v2\/product_tag?post=7743"}],"curies":[{"name":"wp","href":"https:\/\/api.w.org\/{rel}","templated":true}]}}