{"id":7771,"date":"2025-10-06T17:06:54","date_gmt":"2025-10-06T20:06:54","guid":{"rendered":"https:\/\/proservice.com.ar\/?post_type=product&#038;p=7771"},"modified":"2026-01-07T11:07:59","modified_gmt":"2026-01-07T14:07:59","slug":"telycam-drive-se-dp300-20h-ptz-1080p-zoom-optico-20x-negro","status":"publish","type":"product","link":"https:\/\/proservice.com.ar\/index.php\/product\/telycam-drive-se-dp300-20h-ptz-1080p-zoom-optico-20x-negro\/","title":{"rendered":"Telycam Drive+ SE DP300-20H PTZ 1080p \u2014 Zoom \u00f3ptico 20\u00d7 (Negro)"},"content":{"rendered":"<p>La Telycam Drive+ SE DP300-20H es una c\u00e1mara PTZ dise\u00f1ada para producci\u00f3n en vivo y transmisi\u00f3n profesional. Ofrece imagen Full HD hasta 1080p60 con un sensor 1\/2.8&#8243; y zoom \u00f3ptico 20\u00d7 que permite capturar detalles a distancia. Sus salidas NDI|HX, HDMI y USB 3.0 facilitan la integraci\u00f3n en flujos de trabajo de streaming y conferencias, mientras que el soporte PoE+ simplifica la instalaci\u00f3n con alimentaci\u00f3n y red sobre un solo cable. La c\u00e1mara admite m\u00faltiples protocolos de streaming y control, presets y funciones como image flip y fast format switching, lo que la hace vers\u00e1til para instalaciones fijas y m\u00f3viles.<\/p>\n<div class=\"title_OMS5rN7R1Z\">\n<div class=\"text_TAw0W35QK_ comfy_TAw0W35QK_ sizeTitle4_TAw0W35QK_ weightBold_TAw0W35QK_ primary_i3MsQsqoe0\" data-selenium=\"sellingPointsTitle\"><strong><span dir=\"auto\">Caracter\u00edsticas principales<\/span><\/strong><\/div>\n<\/div>\n<ul class=\"list_OMS5rN7R1Z\">\n<li class=\"listItem_OMS5rN7R1Z\" data-selenium=\"sellingPointsListItem\"><span dir=\"auto\">C\u00e1mara PTZ con transmisi\u00f3n en vivo<\/span><\/li>\n<li class=\"listItem_OMS5rN7R1Z\" data-selenium=\"sellingPointsListItem\"><span dir=\"auto\">Resoluci\u00f3n de video de hasta 1080p60<\/span><\/li>\n<li class=\"listItem_OMS5rN7R1Z\" data-selenium=\"sellingPointsListItem\"><span dir=\"auto\">Conectividad NDI|HX\/HDMI\/USB 3.0<\/span><\/li>\n<li class=\"listItem_OMS5rN7R1Z\" data-selenium=\"sellingPointsListItem\"><span dir=\"auto\">Sensor CMOS de 1\/2,8&#8243;<\/span><\/li>\n<li class=\"listItem_OMS5rN7R1Z\" data-selenium=\"sellingPointsListItem\"><span dir=\"auto\">Zoom \u00f3ptico de 20x<\/span><\/li>\n<li class=\"listItem_OMS5rN7R1Z\" data-selenium=\"sellingPointsListItem\"><span dir=\"auto\">Campo de visi\u00f3n horizontal de 60\u00b0<\/span><\/li>\n<li class=\"listItem_OMS5rN7R1Z\" data-selenium=\"sellingPointsListItem\"><span dir=\"auto\">Compatibilidad con PoE+<\/span><\/li>\n<\/ul>\n<p>&nbsp;<\/p>\n","protected":false},"excerpt":{"rendered":"<p>C\u00e1mara PTZ profesional Full HD 1080p60 con sensor 1\/2.8&#8243;, zoom \u00f3ptico 20\u00d7, NDI|HX\/HDMI\/USB 3.0 y PoE+; ideal para iglesias, aulas, auditorios y streaming.<br \/>\nDESCRIPCI\u00d3N LARGA (para campo &#8220;Long description&#8221;)<\/p>\n","protected":false},"featured_media":7774,"template":"","meta":{"om_disable_all_campaigns":false},"pwb-brand":[],"product_brand":[],"product_cat":[15,683],"product_tag":[684],"class_list":{"0":"post-7771","1":"product","2":"type-product","3":"status-publish","4":"has-post-thumbnail","6":"product_cat-camera","7":"product_cat-telycam","8":"product_tag-telycam-drive-se","10":"first","11":"instock","12":"shipping-taxable","13":"purchasable","14":"product-type-simple"},"aioseo_notices":[],"jetpack_sharing_enabled":true,"brands":[],"_links":{"self":[{"href":"https:\/\/proservice.com.ar\/index.php\/wp-json\/wp\/v2\/product\/7771","targetHints":{"allow":["GET"]}}],"collection":[{"href":"https:\/\/proservice.com.ar\/index.php\/wp-json\/wp\/v2\/product"}],"about":[{"href":"https:\/\/proservice.com.ar\/index.php\/wp-json\/wp\/v2\/types\/product"}],"wp:featuredmedia":[{"embeddable":true,"href":"https:\/\/proservice.com.ar\/index.php\/wp-json\/wp\/v2\/media\/7774"}],"wp:attachment":[{"href":"https:\/\/proservice.com.ar\/index.php\/wp-json\/wp\/v2\/media?parent=7771"}],"wp:term":[{"taxonomy":"pwb-brand","embeddable":true,"href":"https:\/\/proservice.com.ar\/index.php\/wp-json\/wp\/v2\/pwb-brand?post=7771"},{"taxonomy":"product_brand","embeddable":true,"href":"https:\/\/proservice.com.ar\/index.php\/wp-json\/wp\/v2\/product_brand?post=7771"},{"taxonomy":"product_cat","embeddable":true,"href":"https:\/\/proservice.com.ar\/index.php\/wp-json\/wp\/v2\/product_cat?post=7771"},{"taxonomy":"product_tag","embeddable":true,"href":"https:\/\/proservice.com.ar\/index.php\/wp-json\/wp\/v2\/product_tag?post=7771"}],"curies":[{"name":"wp","href":"https:\/\/api.w.org\/{rel}","templated":true}]}}