{"id":7786,"date":"2024-10-15T11:15:34","date_gmt":"2024-10-15T14:15:34","guid":{"rendered":"https:\/\/proservice.com.ar\/?post_type=product&#038;p=7786"},"modified":"2026-01-07T11:37:15","modified_gmt":"2026-01-07T14:37:15","slug":"sony-pxw-z200-4k-1-cmos-sensor-xdcam-camcorder","status":"publish","type":"product","link":"https:\/\/proservice.com.ar\/index.php\/product\/sony-pxw-z200-4k-1-cmos-sensor-xdcam-camcorder\/","title":{"rendered":"Sony PXW-Z200 4K 1&#8243; CMOS Sensor XDCAM Camcorder"},"content":{"rendered":"<p>Graba, transmite y comparte 12G-SDI 4K HDR<br \/>\nLos creadores que buscan enfoque y encuadre autom\u00e1ticos r\u00e1pidos y compartir contenido r\u00e1pidamente en un formato compacto pueden optar por la videoc\u00e1mara Sony PXW-Z200 4K con sensor CMOS de 1&#8243; XDCAM . Dise\u00f1ada para una alta movilidad, esta sucesora de la PXWZ190 cuenta con un sensor CMOS Exmor RS de 1&#8243; para una resoluci\u00f3n de hasta UHD 4K, enfoque y encuadre autom\u00e1ticos asistidos por IA, un filtro ND electr\u00f3nico variable, procesamiento BIONZ XR y compatibilidad de color con las c\u00e1maras Sony Cinema Line. Incorpora un zoom \u00f3ptico de 20x m\u00e1s largo e integra Wi-Fi de doble banda de 2,4\/5 GHz y Ethernet para transmisi\u00f3n directa mediante protocolos RTMP\/RTMPS, SRT y FTP. Use la aplicaci\u00f3n Sony Monitor &amp; Control para visualizar sus capturas en su tel\u00e9fono inteligente o tableta. El encapsulado MXF, compatible con transmisiones, estar\u00e1 disponible con una actualizaci\u00f3n de firmware programada para el verano de 2025.<\/p>\n<p>Sensor CMOS Exmor RS de 1&#8243;<br \/>\nEl sensor CMOS Exmor RS de 1.0&#8243; de la PXW-Z200 utiliza su dise\u00f1o apilado para ofrecer una calidad de imagen \u00f3ptima, mayor velocidad de lectura y un excelente rendimiento en condiciones de poca luz. Produce im\u00e1genes 4K extraordinarias mediante sobremuestreo 5K con lectura de p\u00edxel completo.<br \/>\nZoom \u00f3ptico de 20x m\u00e1s largo<br \/>\nCapture vistas desde primeros planos hasta \u00e1ngulos amplios en interiores estrechos con el zoom 20x de la serie G, equivalente a un zoom de fotograma completo de 35 mm de 24-480 mm. Utilice la funci\u00f3n Zoom de Imagen Clara para ampliar el rango de zoom a 30x en 4K y 40x en HD.<br \/>\nProcesamiento BIONZ XR<br \/>\nEl nuevo procesador de imagen BIONZ XR\u2122 permite velocidades de fotogramas m\u00e1s altas, un enfoque autom\u00e1tico m\u00e1s r\u00e1pido, un control ATW mejorado y una excelente reducci\u00f3n de ruido. Al maximizar el rendimiento del sensor de imagen de alta resoluci\u00f3n, podr\u00e1 capturar las texturas m\u00e1s sutiles y los detalles m\u00e1s finos. El sobremuestreo 5K con lectura de p\u00edxeles completos condensa una amplia informaci\u00f3n de la imagen en un impresionante v\u00eddeo UHD 4K60<\/p>\n<p>Enfoque autom\u00e1tico avanzado asistido por IA<\/p>\n<p>El aprendizaje profundo asistido por IA del PXW-Z200 proporciona un reconocimiento preciso del sujeto humano.<br \/>\nCon una cobertura del 81%, su sistema de enfoque autom\u00e1tico h\u00edbrido r\u00e1pido ofrece un mejor soporte tanto para el AF de reconocimiento de sujeto como para el seguimiento en tiempo real.<br \/>\nEncuadre autom\u00e1tico<br \/>\nSigue de cerca a tus sujetos con la funci\u00f3n de Encuadre Autom\u00e1tico, que reconoce autom\u00e1ticamente las formas humanas y ajusta el encuadre para mantener al sujeto centrado. Especialmente \u00fatil para fot\u00f3grafos en solitario, el Encuadre Autom\u00e1tico imita la captura manual y te permite conectar con tu sujeto.<br \/>\nVelocidades de cuadro flexibles<br \/>\nGraba video en resoluci\u00f3n hasta UHD 4K60 y altas velocidades de cuadro de hasta UHD 4K120 y 1080p HD a 240 fps. Las velocidades de c\u00e1mara lenta incluyen 4x a 4K30 y 5x a 4K24p con enfoque autom\u00e1tico de alta velocidad para mantener al sujeto n\u00edtido.<br \/>\nLooks profesionales para transmisiones y pel\u00edculas<\/p>\n<p>Los ajustes preestablecidos para S-Cinetone, ITU709, 709tone, HLG Live, HLG Mild y HLG Natural se pueden ajustar a\u00fan m\u00e1s con negro, matriz y otros ajustes.<br \/>\nEl contenido del PXW-Z200 se puede combinar con im\u00e1genes de otras c\u00e1maras Sony Broadcast y Cinema Line.<br \/>\nConectividad 12G-SDI<br \/>\nLa interfaz de esta videoc\u00e1mara incluye salida de hasta 12G-SDI, entrada y salida de c\u00f3digo de tiempo, genlock, USB-A, USB-C, LAN, REMOTE y conectores adicionales.<br \/>\nModo totalmente autom\u00e1tico<br \/>\nCuando la acci\u00f3n se vuelve demasiado intensa, puedes cambiar al modo totalmente autom\u00e1tico con un solo interruptor. Los ajustes autom\u00e1ticos incluyen los modos ND, Iris, Ganancia, Obturador y Balance de blancos.<br \/>\nFiltro ND variable incorporado<\/p>\n<p>La PXW-Z200 incorpora una funci\u00f3n de filtro ND variable.<br \/>\nProporciona un amplio rango ND de 1\/4 a 1\/128.<br \/>\nUtilice el ND variable para ajustar sin problemas su exposici\u00f3n con solo girar un dial.<br \/>\nTransferencias de archivos f\u00e1ciles<br \/>\nLa PXW-Z200 permite subir clips proxy y originales directamente desde una tarjeta de memoria a un servidor en la nube o FTP. Transfiere archivos autom\u00e1ticamente al detener cada grabaci\u00f3n tras registrar el servidor de destino en la c\u00e1mara. Incluso puedes grabar clips proxy en segmentos y transferirlos secuencialmente durante la grabaci\u00f3n. La aplicaci\u00f3n opcional de pago Creator&#8217;s Cloud for Enterprise C3 Portal facilita las transferencias a la nube, con una disponibilidad a\u00fan m\u00e1s r\u00e1pida de los archivos de v\u00eddeo para editarlos y compartirlos.<\/p>\n","protected":false},"excerpt":{"rendered":"<p>Sony PXW-Z200 4K 1&#8243; CMOS Sensor XDCAM Camcorder<\/p>\n","protected":false},"featured_media":7793,"template":"","meta":{"om_disable_all_campaigns":false},"pwb-brand":[],"product_brand":[],"product_cat":[15,527],"product_tag":[687],"class_list":{"0":"post-7786","1":"product","2":"type-product","3":"status-publish","4":"has-post-thumbnail","6":"product_cat-camera","7":"product_cat-sony","8":"product_tag-pxw-z200","10":"first","11":"onbackorder","12":"shipping-taxable","13":"product-type-simple"},"aioseo_notices":[],"jetpack_sharing_enabled":true,"brands":[],"_links":{"self":[{"href":"https:\/\/proservice.com.ar\/index.php\/wp-json\/wp\/v2\/product\/7786","targetHints":{"allow":["GET"]}}],"collection":[{"href":"https:\/\/proservice.com.ar\/index.php\/wp-json\/wp\/v2\/product"}],"about":[{"href":"https:\/\/proservice.com.ar\/index.php\/wp-json\/wp\/v2\/types\/product"}],"wp:featuredmedia":[{"embeddable":true,"href":"https:\/\/proservice.com.ar\/index.php\/wp-json\/wp\/v2\/media\/7793"}],"wp:attachment":[{"href":"https:\/\/proservice.com.ar\/index.php\/wp-json\/wp\/v2\/media?parent=7786"}],"wp:term":[{"taxonomy":"pwb-brand","embeddable":true,"href":"https:\/\/proservice.com.ar\/index.php\/wp-json\/wp\/v2\/pwb-brand?post=7786"},{"taxonomy":"product_brand","embeddable":true,"href":"https:\/\/proservice.com.ar\/index.php\/wp-json\/wp\/v2\/product_brand?post=7786"},{"taxonomy":"product_cat","embeddable":true,"href":"https:\/\/proservice.com.ar\/index.php\/wp-json\/wp\/v2\/product_cat?post=7786"},{"taxonomy":"product_tag","embeddable":true,"href":"https:\/\/proservice.com.ar\/index.php\/wp-json\/wp\/v2\/product_tag?post=7786"}],"curies":[{"name":"wp","href":"https:\/\/api.w.org\/{rel}","templated":true}]}}