{"id":7794,"date":"2024-10-15T15:11:06","date_gmt":"2024-10-15T18:11:06","guid":{"rendered":"https:\/\/proservice.com.ar\/?post_type=product&#038;p=7794"},"modified":"2026-04-01T11:24:00","modified_gmt":"2026-04-01T14:24:00","slug":"hollyland-venusliv-air-all-in-one-live-streaming-camera","status":"publish","type":"product","link":"https:\/\/proservice.com.ar\/index.php\/product\/hollyland-venusliv-air-all-in-one-live-streaming-camera\/","title":{"rendered":"Hollyland VenusLiv Air All-in-One Live Streaming Camera"},"content":{"rendered":"<p>Transmite en vivo y graba f\u00e1cilmente hasta 4K30 con la c\u00e1mara de transmisi\u00f3n en vivo todo en uno VenusLiv Air de Hollyland . La c\u00e1mara cuenta con un sensor de imagen CMOS de 1\/1.3&#8243; y un objetivo f\/1.05 personalizado, capaz de capturar im\u00e1genes de alta calidad en tu pr\u00f3xima transmisi\u00f3n en vivo o grabaci\u00f3n de podcast. El ajuste con IA integrado desbloquea nuevas funciones creativas para resoluciones profesionales. Esta innovadora c\u00e1mara cuenta con todo lo necesario para transmitir en vivo 24\/7 gracias a su compatibilidad con transmisi\u00f3n SRT\/RTMP\/RTMPS, modos horizontal o vertical y dise\u00f1o con disipaci\u00f3n de calor.<\/p>\n<p>Im\u00e1genes en 4K<br \/>\nGraba videos de hasta 4K30 con el sensor de imagen CMOS de 1\/1.3&#8243; y 50 MP de resoluci\u00f3n. El objetivo integrado equivalente a 25 mm cuenta con una apertura de AF\/1.05 para un desenfoque de fondo suave. Un algoritmo de eliminaci\u00f3n de ruido con IA ofrece im\u00e1genes sin ruido al grabar en condiciones de poca o poca luz. Un algoritmo avanzado de restauraci\u00f3n del color reproduce colores realistas.<\/p>\n<p>Ajuste de IA<br \/>\nUn algoritmo de inteligencia artificial incorporado analiza autom\u00e1ticamente su entorno de iluminaci\u00f3n para optimizar los par\u00e1metros de la imagen en tiempo real sin necesidad de conocimientos profesionales de c\u00e1maras.<\/p>\n<p>Configuraci\u00f3n Plug-and-Play<br \/>\nConecta la VenusLiv Air directamente a tu ordenador mediante USB-C y graba en directo sin necesidad de una tarjeta de captura. Conecta la c\u00e1mara a un switcher mediante la salida HDMI 2.0 para flujos de trabajo multic\u00e1mara o monitorizaci\u00f3n en tiempo real. Graba tu transmisi\u00f3n en directo con solo pulsar los controles integrados en la ranura para tarjetas SD o en tu dispositivo conectado.<\/p>\n<p>Transmisi\u00f3n inal\u00e1mbrica en vivo<br \/>\nTransmite en vivo sin computadora y transmite directamente a Facebook, YouTube, Twitch o incluso a dos plataformas a la vez con un solo toque. Escanea el c\u00f3digo QR e inicia sesi\u00f3n en tu cuenta. Tambi\u00e9n puedes transmitir mediante los protocolos SRT, RTMP o RTMPS escaneando el c\u00f3digo QR e ingresando la URL y la clave de transmisi\u00f3n. Todo se sincroniza con la c\u00e1mara a trav\u00e9s de la nube.<\/p>\n<p>Controles de imagen avanzados<br \/>\nPantalla verde: la tecnolog\u00eda de incrustaci\u00f3n crom\u00e1tica le proporciona una incrustaci\u00f3n limpia y de calidad profesional.<br \/>\nSuperposici\u00f3n de im\u00e1genes: mejore su transmisi\u00f3n agregando superposiciones como animaciones o im\u00e1genes directamente desde la biblioteca incorporada de VenusLiv Air o cargando su propio contenido.<br \/>\nBelleza de la Piel: El avanzado algoritmo de belleza de Hollyland detecta tu rostro y piel para diferenciarte del resto. Tambi\u00e9n puede iluminar tu piel, suavizar cualquier textura y corregir el tono.<br \/>\nMagia de correcci\u00f3n de color: El control RGB de espectro completo y la optimizaci\u00f3n de color espec\u00edfica te permiten ajustar colores espec\u00edficos. Ajusta con precisi\u00f3n el tono, el brillo y la saturaci\u00f3n para lograr el aspecto deseado. Tambi\u00e9n puedes acceder a esta configuraci\u00f3n mediante la aplicaci\u00f3n m\u00f3vil VenusCam.<\/p>\n<p>Monitoreo y control remoto<br \/>\nConecte su tel\u00e9fono o PC a la misma red Wi-Fi que VenusLiv Air para tener acceso completo a la transmisi\u00f3n en vivo y controlar su dispositivo. La aplicaci\u00f3n m\u00f3vil VenusCam facilita la monitorizaci\u00f3n de la c\u00e1mara en tiempo real, la grabaci\u00f3n, el control del dispositivo, el ajuste de escena, el ajuste de color y el bloqueo de la exposici\u00f3n, entre otras funciones. El software para PC Hollyland CAM facilita la pantalla verde, la superposici\u00f3n de im\u00e1genes, el embellecimiento de la piel, la monitorizaci\u00f3n de la c\u00e1mara en tiempo real, la grabaci\u00f3n y el control del dispositivo de par\u00e1metros similares.<\/p>\n<p>Pantalla t\u00e1ctil abatible<br \/>\nUna pantalla t\u00e1ctil giratoria de 3&#8243; se puede ajustar 180\u00b0 para filmar tanto en orientaci\u00f3n horizontal como vertical.<\/p>\n","protected":false},"excerpt":{"rendered":"<p>Hollyland VenusLiv Air All-in-One Live Streaming Camera<\/p>\n","protected":false},"featured_media":7795,"template":"","meta":{"om_disable_all_campaigns":false},"pwb-brand":[],"product_brand":[],"product_cat":[15,77],"product_tag":[688],"class_list":{"0":"post-7794","1":"product","2":"type-product","3":"status-publish","4":"has-post-thumbnail","6":"product_cat-camera","7":"product_cat-hollyland","8":"product_tag-venusliv-air","10":"first","11":"onbackorder","12":"shipping-taxable","13":"product-type-simple"},"aioseo_notices":[],"jetpack_sharing_enabled":true,"brands":[],"_links":{"self":[{"href":"https:\/\/proservice.com.ar\/index.php\/wp-json\/wp\/v2\/product\/7794","targetHints":{"allow":["GET"]}}],"collection":[{"href":"https:\/\/proservice.com.ar\/index.php\/wp-json\/wp\/v2\/product"}],"about":[{"href":"https:\/\/proservice.com.ar\/index.php\/wp-json\/wp\/v2\/types\/product"}],"wp:featuredmedia":[{"embeddable":true,"href":"https:\/\/proservice.com.ar\/index.php\/wp-json\/wp\/v2\/media\/7795"}],"wp:attachment":[{"href":"https:\/\/proservice.com.ar\/index.php\/wp-json\/wp\/v2\/media?parent=7794"}],"wp:term":[{"taxonomy":"pwb-brand","embeddable":true,"href":"https:\/\/proservice.com.ar\/index.php\/wp-json\/wp\/v2\/pwb-brand?post=7794"},{"taxonomy":"product_brand","embeddable":true,"href":"https:\/\/proservice.com.ar\/index.php\/wp-json\/wp\/v2\/product_brand?post=7794"},{"taxonomy":"product_cat","embeddable":true,"href":"https:\/\/proservice.com.ar\/index.php\/wp-json\/wp\/v2\/product_cat?post=7794"},{"taxonomy":"product_tag","embeddable":true,"href":"https:\/\/proservice.com.ar\/index.php\/wp-json\/wp\/v2\/product_tag?post=7794"}],"curies":[{"name":"wp","href":"https:\/\/api.w.org\/{rel}","templated":true}]}}