{"id":7796,"date":"2025-10-16T09:51:49","date_gmt":"2025-10-16T12:51:49","guid":{"rendered":"https:\/\/proservice.com.ar\/?post_type=product&#038;p=7796"},"modified":"2026-01-07T11:08:23","modified_gmt":"2026-01-07T14:08:23","slug":"telycam-vision-n3-ndi-auto-tracking-live-streaming-ptz-camera-with-30x-optical-zoom-black","status":"publish","type":"product","link":"https:\/\/proservice.com.ar\/index.php\/product\/telycam-vision-n3-ndi-auto-tracking-live-streaming-ptz-camera-with-30x-optical-zoom-black\/","title":{"rendered":"Telycam Vision+ N3 NDI Auto Tracking &amp; Live Streaming PTZ Camera with 30x Optical Zoom (Black)"},"content":{"rendered":"<p>Conectividad total<\/p>\n<p>La Vision+ N3 ofrece salidas NDI\u00aeHX3, 3G-SDI, HDMI y USB 2.0, permitiendo emitir im\u00e1genes simult\u00e1neamente seg\u00fan las necesidades de tu flujo de trabajo.<\/p>\n<p>3G-SDI y HDMI: ideales para producciones profesionales en vivo.<\/p>\n<p>USB 2.0: funciona como una c\u00e1mara web de alta gama, perfecta para streaming o videoconferencias de calidad superior.<\/p>\n<p>Integraci\u00f3n con entornos virtuales \u2013 Tecnolog\u00eda FreeD<\/p>\n<p>La compatibilidad nativa con el protocolo FreeD permite transmitir datos de Pan, Tilt, Zoom y Focus (PTZF) con precisi\u00f3n milim\u00e9trica hacia sistemas de seguimiento virtual.<br \/>\nTotalmente compatible con las principales plataformas del mercado \u2014Brainstorm, Vizrt, Zero Density, Aximmetry, Unreal Engine y VSet3D\u2014, Vision+ N3 facilita producciones inmersivas y din\u00e1micas tanto en entornos reales como virtuales.<br \/>\nLuces indicadoras integradas (Tally)<\/p>\n<p>La serie Vision+ N3 incorpora luces tally compatibles con NDI, que se iluminan autom\u00e1ticamente para indicar el estado de la c\u00e1mara:<\/p>\n<p>Rojo: c\u00e1mara activa al aire (Programa)<\/p>\n<p>Verde: c\u00e1mara en espera (Vista previa)<br \/>\nTodo sin necesidad de sistemas de control adicionales, garantizando una producci\u00f3n \u00e1gil y sin errores.<\/p>\n<p>Audio profesional sincronizado<\/p>\n<p>Su entrada de l\u00ednea est\u00e9reo de 3,5 mm permite conectar fuentes de audio externas para lograr un sonido claro, sincronizado y de calidad profesional, ofreciendo la flexibilidad necesaria para transmisiones y grabaciones exigentes.<\/p>\n<p>Configuraci\u00f3n sencilla con SSDP<\/p>\n<p>La configuraci\u00f3n de la c\u00e1mara es r\u00e1pida y sin complicaciones gracias a la integraci\u00f3n con SSDP, que detecta autom\u00e1ticamente la direcci\u00f3n IP en redes locales. Ideal para producciones multic\u00e1mara: solo conect\u00e1 la c\u00e1mara por Ethernet y comenz\u00e1 a trabajar.<\/p>\n<p>Seguimiento autom\u00e1tico con IA<\/p>\n<p>El sistema de auto-tracking inteligente basado en inteligencia artificial sigue de manera precisa a los sujetos en movimiento, asegurando una experiencia de producci\u00f3n fluida, natural y sin intervenci\u00f3n manual.<\/p>\n","protected":false},"excerpt":{"rendered":"<p>Telycam Vision+ N3 NDI Auto Tracking &amp; Live Streaming PTZ Camera with 30x Optical Zoom<\/p>\n","protected":false},"featured_media":7799,"template":"","meta":{"om_disable_all_campaigns":false},"pwb-brand":[],"product_brand":[],"product_cat":[15,683],"product_tag":[689],"class_list":{"0":"post-7796","1":"product","2":"type-product","3":"status-publish","4":"has-post-thumbnail","6":"product_cat-camera","7":"product_cat-telycam","8":"product_tag-telycam-vision-n3","10":"first","11":"instock","12":"shipping-taxable","13":"purchasable","14":"product-type-simple"},"aioseo_notices":[],"jetpack_sharing_enabled":true,"brands":[],"_links":{"self":[{"href":"https:\/\/proservice.com.ar\/index.php\/wp-json\/wp\/v2\/product\/7796","targetHints":{"allow":["GET"]}}],"collection":[{"href":"https:\/\/proservice.com.ar\/index.php\/wp-json\/wp\/v2\/product"}],"about":[{"href":"https:\/\/proservice.com.ar\/index.php\/wp-json\/wp\/v2\/types\/product"}],"wp:featuredmedia":[{"embeddable":true,"href":"https:\/\/proservice.com.ar\/index.php\/wp-json\/wp\/v2\/media\/7799"}],"wp:attachment":[{"href":"https:\/\/proservice.com.ar\/index.php\/wp-json\/wp\/v2\/media?parent=7796"}],"wp:term":[{"taxonomy":"pwb-brand","embeddable":true,"href":"https:\/\/proservice.com.ar\/index.php\/wp-json\/wp\/v2\/pwb-brand?post=7796"},{"taxonomy":"product_brand","embeddable":true,"href":"https:\/\/proservice.com.ar\/index.php\/wp-json\/wp\/v2\/product_brand?post=7796"},{"taxonomy":"product_cat","embeddable":true,"href":"https:\/\/proservice.com.ar\/index.php\/wp-json\/wp\/v2\/product_cat?post=7796"},{"taxonomy":"product_tag","embeddable":true,"href":"https:\/\/proservice.com.ar\/index.php\/wp-json\/wp\/v2\/product_tag?post=7796"}],"curies":[{"name":"wp","href":"https:\/\/api.w.org\/{rel}","templated":true}]}}