{"id":7808,"date":"2024-10-16T15:16:29","date_gmt":"2024-10-16T18:16:29","guid":{"rendered":"https:\/\/proservice.com.ar\/?post_type=product&#038;p=7808"},"modified":"2026-04-14T14:19:44","modified_gmt":"2026-04-14T17:19:44","slug":"obsbot-tiny-2-lite-ai-powered-4k-ptz-webcam","status":"publish","type":"product","link":"https:\/\/proservice.com.ar\/index.php\/product\/obsbot-tiny-2-lite-ai-powered-4k-ptz-webcam\/","title":{"rendered":"OBSBOT Tiny 2 Lite AI-Powered 4K PTZ Webcam"},"content":{"rendered":"<p>Aumente la productividad de captura de contenido sin salirse de su presupuesto con la c\u00e1mara web PTZ 4K con IA OBSBOT Tiny 2 Lite . La OBSBOT Tiny 2 Lite cuenta con funciones avanzadas de IA, como seguimiento autom\u00e1tico con zoom autom\u00e1tico, Control de Gestos 2.0, preselecci\u00f3n de tres posiciones y micr\u00f3fonos omnidireccionales duales con cancelaci\u00f3n de ruido ajustable.<\/p>\n<p>V\u00eddeo hasta UHD 4K30<br \/>\nUn sensor CMOS de 1\/2&#8243; permite a la Tiny 2 Lite capturar im\u00e1genes de alta calidad con HDR (alto rango din\u00e1mico) en condiciones de luz intensa y una captura \u00f3ptima con poca luz. Esta c\u00e1mara PTZ admite resoluciones de video de hasta UHD 4K30 y 1080p60.<\/p>\n<p>Seguimiento de IA con zoom autom\u00e1tico<br \/>\nLos creadores de contenido en solitario apreciar\u00e1n el seguimiento autom\u00e1tico mejorado del Tiny 2 Lite, que incluye zoom autom\u00e1tico y una concentraci\u00f3n en los movimientos de la parte superior del cuerpo y los primeros planos para mantenerlo en el centro de atenci\u00f3n.<\/p>\n<p>Modos preestablecidos<br \/>\nPreestablezca hasta tres posiciones, controle la configuraci\u00f3n de la imagen y desenfoque el fondo para acceder r\u00e1pidamente a los looks que desea.<\/p>\n<p>Control de gestos 2.0<br \/>\nAl\u00e9jese de la c\u00e1mara y a\u00fan podr\u00e1 activar las configuraciones de seguimiento autom\u00e1tico y zoom usando las funciones Gesture Control 2.0 del Tiny 2 Lite.<\/p>\n<p>Enfoque autom\u00e1tico de precisi\u00f3n<br \/>\nMant\u00e9ngase a usted mismo y a sus accesorios destacados bien enfocados gracias a la r\u00e1pida tecnolog\u00eda PDAF (enfoque autom\u00e1tico con detecci\u00f3n de fase) del Tiny 2 Lite.<\/p>\n<p>Micr\u00f3fonos duales<br \/>\nLos micr\u00f3fonos omnidireccionales duales, el aumento de voz y la tecnolog\u00eda de cancelaci\u00f3n de ruido permiten que Tiny 2 Lite produzca un audio claro y de alta calidad, incluso en entornos ruidosos.<\/p>\n<p>Privacidad del modo de suspensi\u00f3n 2.0<br \/>\nLas funciones de privacidad integradas incluyen el Modo de suspensi\u00f3n 2.0, que le permite seleccionar una imagen est\u00e1tica como escudo contra transmisiones no deseadas cuando no est\u00e1 en c\u00e1mara.<br \/>\nSalida de video\/alimentaci\u00f3n USB-C<br \/>\nEl compacto Tiny 2 Lite utiliza un puerto USB-C tanto para la alimentaci\u00f3n como para la transmisi\u00f3n de video, lo que le ahorra el desorden de varios cables.<br \/>\nOpciones de software y control<br \/>\nDescargue el panel OSBOT Center para Mac o Windows para acceder al control PTZ, un modo de belleza, modos preestablecidos y m\u00e1s.<br \/>\nCombine el Tiny Lite 2 con un Elgato Stream Deck disponible por separado.<br \/>\nLos desarrolladores y m\u00fasicos pueden usar OSC para un mejor control de la c\u00e1mara.<br \/>\nUtilice el SDK para integrar a\u00fan m\u00e1s Tiny 2 Lite en su flujo de trabajo.<br \/>\nCompre el control remoto inteligente disponible por separado.<br \/>\nUtilice teclas de acceso r\u00e1pido externas para funciones aceleradas.<\/p>\n","protected":false},"excerpt":{"rendered":"<p>OBSBOT Tiny 2 Lite AI-Powered 4K PTZ Webcam<\/p>\n","protected":false},"featured_media":7815,"template":"","meta":{"om_disable_all_campaigns":false},"pwb-brand":[],"product_brand":[],"product_cat":[545],"product_tag":[693,692],"class_list":{"0":"post-7808","1":"product","2":"type-product","3":"status-publish","4":"has-post-thumbnail","6":"product_cat-obsbot","7":"product_tag-obsbot","8":"product_tag-tiny-2-lite","10":"first","11":"instock","12":"shipping-taxable","13":"purchasable","14":"product-type-simple"},"aioseo_notices":[],"jetpack_sharing_enabled":true,"brands":[],"_links":{"self":[{"href":"https:\/\/proservice.com.ar\/index.php\/wp-json\/wp\/v2\/product\/7808","targetHints":{"allow":["GET"]}}],"collection":[{"href":"https:\/\/proservice.com.ar\/index.php\/wp-json\/wp\/v2\/product"}],"about":[{"href":"https:\/\/proservice.com.ar\/index.php\/wp-json\/wp\/v2\/types\/product"}],"wp:featuredmedia":[{"embeddable":true,"href":"https:\/\/proservice.com.ar\/index.php\/wp-json\/wp\/v2\/media\/7815"}],"wp:attachment":[{"href":"https:\/\/proservice.com.ar\/index.php\/wp-json\/wp\/v2\/media?parent=7808"}],"wp:term":[{"taxonomy":"pwb-brand","embeddable":true,"href":"https:\/\/proservice.com.ar\/index.php\/wp-json\/wp\/v2\/pwb-brand?post=7808"},{"taxonomy":"product_brand","embeddable":true,"href":"https:\/\/proservice.com.ar\/index.php\/wp-json\/wp\/v2\/product_brand?post=7808"},{"taxonomy":"product_cat","embeddable":true,"href":"https:\/\/proservice.com.ar\/index.php\/wp-json\/wp\/v2\/product_cat?post=7808"},{"taxonomy":"product_tag","embeddable":true,"href":"https:\/\/proservice.com.ar\/index.php\/wp-json\/wp\/v2\/product_tag?post=7808"}],"curies":[{"name":"wp","href":"https:\/\/api.w.org\/{rel}","templated":true}]}}