{"id":7825,"date":"2025-10-21T14:07:25","date_gmt":"2025-10-21T17:07:25","guid":{"rendered":"https:\/\/proservice.com.ar\/?post_type=product&#038;p=7825"},"modified":"2025-10-21T14:07:26","modified_gmt":"2025-10-21T17:07:26","slug":"blackmagic-2110-ip-updowncross-12g","status":"publish","type":"product","link":"https:\/\/proservice.com.ar\/index.php\/product\/blackmagic-2110-ip-updowncross-12g\/","title":{"rendered":"Blackmagic 2110 IP UpDownCross 12G"},"content":{"rendered":"<p>Este conversor profesional permite conectar equipos IP SMPTE 2110, SDI 12G y<br \/>\nHDMI. Brinda compatibilidad con todos los formatos en definici\u00f3n SD, HD o UHD e<br \/>\nincluye una entrada para se\u00f1ales de referencia que facilita la sincronizaci\u00f3n, as\u00ed<br \/>\ncomo fuentes de alimentaci\u00f3n para garantizar el suministro el\u00e9ctrico.<\/p>\n<div class=\"title_OMS5rN7R1Z\">\n<div class=\"text_TAw0W35QK_ comfy_TAw0W35QK_ sizeTitle4_TAw0W35QK_ weightBold_TAw0W35QK_ primary_i3MsQsqoe0\" data-selenium=\"sellingPointsTitle\"><strong><span dir=\"auto\">Caracter\u00edsticas principales:\u00a0<\/span><\/strong><\/div>\n<\/div>\n<ul class=\"list_OMS5rN7R1Z\">\n<li class=\"listItem_OMS5rN7R1Z\" data-selenium=\"sellingPointsListItem\"><span dir=\"auto\">Conversi\u00f3n ascendente\/descendente\/cruzada de IP\/12G 2110<\/span><\/li>\n<li class=\"listItem_OMS5rN7R1Z\" data-selenium=\"sellingPointsListItem\"><span dir=\"auto\">Dise\u00f1o de montaje en rack, controles en el panel frontal<\/span><\/li>\n<li class=\"listItem_OMS5rN7R1Z\" data-selenium=\"sellingPointsListItem\"><span dir=\"auto\">Entrada 12G-SDI, salida de bucle 12G-SDI<\/span><\/li>\n<li class=\"listItem_OMS5rN7R1Z\" data-selenium=\"sellingPointsListItem\"><span dir=\"auto\">Resincroniza las entradas SDI con el reloj PTP com\u00fan<\/span><\/li>\n<li class=\"listItem_OMS5rN7R1Z\" data-selenium=\"sellingPointsListItem\"><span dir=\"auto\">C\u00f3dec Blackmagic IP10 de baja latencia<\/span><\/li>\n<li class=\"listItem_OMS5rN7R1Z\" data-selenium=\"sellingPointsListItem\"><span dir=\"auto\">Altavoz de monitoreo de audio incorporado<\/span><\/li>\n<li class=\"listItem_OMS5rN7R1Z\" data-selenium=\"sellingPointsListItem\"><span dir=\"auto\">Entrada y salida de referencia BNC<\/span><\/li>\n<\/ul>\n","protected":false},"excerpt":{"rendered":"<p>Este conversor profesional permite conectar equipos IP SMPTE 2110, SDI 12G y HDMI. Brinda compatibilidad con todos los formatos en definici\u00f3n SD, HD o UHD e incluye una entrada para se\u00f1ales de referencia que facilita la sincronizaci\u00f3n, as\u00ed como fuentes de alimentaci\u00f3n para garantizar el suministro el\u00e9ctrico. Caracter\u00edsticas principales:\u00a0 Conversi\u00f3n ascendente\/descendente\/cruzada de IP\/12G 2110 Dise\u00f1o [&hellip;]<\/p>\n","protected":false},"featured_media":7827,"template":"","meta":{"om_disable_all_campaigns":false},"pwb-brand":[],"product_brand":[],"product_cat":[71,57],"product_tag":[],"class_list":{"0":"post-7825","1":"product","2":"type-product","3":"status-publish","4":"has-post-thumbnail","6":"product_cat-blackmagic-design","7":"product_cat-converter","9":"first","10":"outofstock","11":"shipping-taxable","12":"product-type-simple"},"aioseo_notices":[],"jetpack_sharing_enabled":true,"brands":[],"_links":{"self":[{"href":"https:\/\/proservice.com.ar\/index.php\/wp-json\/wp\/v2\/product\/7825","targetHints":{"allow":["GET"]}}],"collection":[{"href":"https:\/\/proservice.com.ar\/index.php\/wp-json\/wp\/v2\/product"}],"about":[{"href":"https:\/\/proservice.com.ar\/index.php\/wp-json\/wp\/v2\/types\/product"}],"wp:featuredmedia":[{"embeddable":true,"href":"https:\/\/proservice.com.ar\/index.php\/wp-json\/wp\/v2\/media\/7827"}],"wp:attachment":[{"href":"https:\/\/proservice.com.ar\/index.php\/wp-json\/wp\/v2\/media?parent=7825"}],"wp:term":[{"taxonomy":"pwb-brand","embeddable":true,"href":"https:\/\/proservice.com.ar\/index.php\/wp-json\/wp\/v2\/pwb-brand?post=7825"},{"taxonomy":"product_brand","embeddable":true,"href":"https:\/\/proservice.com.ar\/index.php\/wp-json\/wp\/v2\/product_brand?post=7825"},{"taxonomy":"product_cat","embeddable":true,"href":"https:\/\/proservice.com.ar\/index.php\/wp-json\/wp\/v2\/product_cat?post=7825"},{"taxonomy":"product_tag","embeddable":true,"href":"https:\/\/proservice.com.ar\/index.php\/wp-json\/wp\/v2\/product_tag?post=7825"}],"curies":[{"name":"wp","href":"https:\/\/api.w.org\/{rel}","templated":true}]}}