{"id":7830,"date":"2024-10-22T14:09:23","date_gmt":"2024-10-22T17:09:23","guid":{"rendered":"https:\/\/proservice.com.ar\/?post_type=product&#038;p=7830"},"modified":"2025-10-29T11:12:26","modified_gmt":"2025-10-29T14:12:26","slug":"smallrig-ra-d85-parabolic-softbox-33-1-x-22-4","status":"publish","type":"product","link":"https:\/\/proservice.com.ar\/index.php\/product\/smallrig-ra-d85-parabolic-softbox-33-1-x-22-4\/","title":{"rendered":"SmallRig RA-D85 Parabolic Softbox (33.1 x 22.4&#8243;)"},"content":{"rendered":"<p>Cree una luz principal hermosa y uniforme para producciones de fotograf\u00eda o video con el flexible softbox parab\u00f3lico RA-D85 de SmallRig . Dise\u00f1ado para instalarse y guardarse r\u00e1pidamente en el estuche de transporte incluido, el softbox tiene una abertura de 84,5 x 57,2 cm para una salida de luz potente, suave y controlable. Suavice la salida de luz con el difusor interno incluido o ret\u00edrelo para aumentarla. Puede combinar los difusores, ya sea interno o externo, para suavizar la luz.<\/p>\n<p>Coloque la rejilla de panal incluida para dar forma y direccionalidad a la salida de luz. Esta softbox es ideal para uso en altura sobre una p\u00e9rtiga o soporte, como luz de belleza, luz de producto, luz principal o luz de relleno. Es f\u00e1cil de instalar gracias a sus nervaduras de soporte en el exterior que no interfieren con la salida de luz, creando un haz uniforme que complementa los rostros y los productos.<\/p>\n<p>Anillo de velocidad de liberaci\u00f3n r\u00e1pida<br \/>\nEl anillo de velocidad compatible con Bowens viaja con el softbox acoplado o plegado, y presenta un dise\u00f1o innovador que le permite expandir el softbox r\u00e1pidamente sin tener que insertar postes en el anillo de velocidad.<br \/>\nInterior reflectante<br \/>\nEl interior plateado altamente reflectante ayuda a evitar que la luz se escape a trav\u00e9s de la tela, lo que aumenta la eficiencia y el rendimiento del softbox y, al mismo tiempo, ayuda a crear una salida suave.<br \/>\nDifusi\u00f3n<br \/>\nViene con un tejido de difusi\u00f3n externo y un deflector de difusi\u00f3n interno.<br \/>\nRejilla de panal<br \/>\nLa rejilla de tela de alta calidad ayuda a enfocar el \u00e1ngulo del haz de luz a 45\u00b0 para un mayor control de la iluminaci\u00f3n.<br \/>\nExterior impermeable<br \/>\nEl exterior del softbox est\u00e1 hecho con material de celos\u00eda Oxford, que es resistente al agua, a la luz y al polvo para beneficiar el trabajo al aire libre y evitar que la luz se escape del softbox.<\/p>\n","protected":false},"excerpt":{"rendered":"<div class=\"title_RiltKdop13\"><\/div>\n<div class=\"metaShare_RiltKdop13\">\n<div class=\"meta_RiltKdop13\">\n<div class=\"element_kcQ1qlyqn6\">SmallRig RA-D85 Parabolic Softbox (33.1 x 22.4&#8243;)<\/div>\n<\/div>\n<\/div>\n","protected":false},"featured_media":7833,"template":"","meta":{"om_disable_all_campaigns":false},"pwb-brand":[],"product_brand":[],"product_cat":[62,83],"product_tag":[695],"class_list":{"0":"post-7830","1":"product","2":"type-product","3":"status-publish","4":"has-post-thumbnail","6":"product_cat-lighting","7":"product_cat-smallrig","8":"product_tag-695","10":"first","11":"instock","12":"shipping-taxable","13":"purchasable","14":"product-type-simple"},"aioseo_notices":[],"jetpack_sharing_enabled":true,"brands":[],"_links":{"self":[{"href":"https:\/\/proservice.com.ar\/index.php\/wp-json\/wp\/v2\/product\/7830","targetHints":{"allow":["GET"]}}],"collection":[{"href":"https:\/\/proservice.com.ar\/index.php\/wp-json\/wp\/v2\/product"}],"about":[{"href":"https:\/\/proservice.com.ar\/index.php\/wp-json\/wp\/v2\/types\/product"}],"wp:featuredmedia":[{"embeddable":true,"href":"https:\/\/proservice.com.ar\/index.php\/wp-json\/wp\/v2\/media\/7833"}],"wp:attachment":[{"href":"https:\/\/proservice.com.ar\/index.php\/wp-json\/wp\/v2\/media?parent=7830"}],"wp:term":[{"taxonomy":"pwb-brand","embeddable":true,"href":"https:\/\/proservice.com.ar\/index.php\/wp-json\/wp\/v2\/pwb-brand?post=7830"},{"taxonomy":"product_brand","embeddable":true,"href":"https:\/\/proservice.com.ar\/index.php\/wp-json\/wp\/v2\/product_brand?post=7830"},{"taxonomy":"product_cat","embeddable":true,"href":"https:\/\/proservice.com.ar\/index.php\/wp-json\/wp\/v2\/product_cat?post=7830"},{"taxonomy":"product_tag","embeddable":true,"href":"https:\/\/proservice.com.ar\/index.php\/wp-json\/wp\/v2\/product_tag?post=7830"}],"curies":[{"name":"wp","href":"https:\/\/api.w.org\/{rel}","templated":true}]}}