{"id":7843,"date":"2025-10-22T14:23:04","date_gmt":"2025-10-22T17:23:04","guid":{"rendered":"https:\/\/proservice.com.ar\/?post_type=product&#038;p=7843"},"modified":"2025-11-28T13:52:59","modified_gmt":"2025-11-28T16:52:59","slug":"smallrig-camera-cage-for-sony-a7s-iii","status":"publish","type":"product","link":"https:\/\/proservice.com.ar\/index.php\/product\/smallrig-camera-cage-for-sony-a7s-iii\/","title":{"rendered":"SmallRig Camera Cage for Sony a7S III"},"content":{"rendered":"<div class=\"productDescription_UbV5SNP5Eo\" data-selenium=\"overviewLongDescription\">\n<div class=\"js-injected-html text_UbV5SNP5Eo\">\n<p><span dir=\"auto\">La ligera\u00a0<\/span><span dir=\"auto\">jaula para c\u00e1mara<\/span><span dir=\"auto\">\u00a0de\u00a0<\/span><span dir=\"auto\">SmallRig<\/span><span dir=\"auto\">\u00a0permite montar y proteger accesorios para su c\u00e1mara sin espejo a7S III. La c\u00e1mara se monta en esta jaula de aluminio ajustable con un tornillo integrado de 1\/4&#8243;-20. Incorpora un dise\u00f1o antitorsi\u00f3n con acolchado en la base para protegerla de ara\u00f1azos. Mantiene el acceso a los controles y la zapata de la c\u00e1mara, y ofrece diversas opciones de montaje.<\/span><\/p>\n<p><span dir=\"auto\">Adem\u00e1s de una montura de zapata integrada y m\u00faltiples roscas para accesorios de 1\/4&#8243;-20 y 3\/8&#8243;-16, la jaula cuenta con roscas estilo ARRI para evitar que los accesorios se tuerzan al montarla. Tambi\u00e9n cuenta con un riel NATO en el lateral y roscas de montaje en la parte frontal para un adaptador de lente (disponible por separado). Una llave Allen se guarda en la parte inferior mediante un im\u00e1n para apretar el tornillo de la c\u00e1mara.<\/span><\/p>\n<\/div>\n<\/div>\n<div class=\"feature_UbV5SNP5Eo\">\n<div class=\"feature_UbV5SNP5Eo\">\n<div class=\"feature_UbV5SNP5Eo\">\n<div class=\"featureHeader_UbV5SNP5Eo\">\n<div class=\"text_TAw0W35QK_ comfy_TAw0W35QK_ sizeTitle2_TAw0W35QK_ weightNormal_TAw0W35QK_ primary_i3MsQsqoe0\"><span dir=\"auto\">Compatibilidad<\/span><\/div>\n<\/div>\n<div>\n<div class=\"js-injected-html text_UbV5SNP5Eo\">\n<ul class=\"listCategory_keaLWVlNiE\">\n<li class=\"liModel_keaLWVlNiE\"><span dir=\"auto\">Sony Alpha A7S III<\/span><\/li>\n<\/ul>\n<\/div>\n<\/div>\n<\/div>\n<\/div>\n<\/div>\n","protected":false},"excerpt":{"rendered":"<p>SmallRig Camera Cage for Sony a7S III<\/p>\n","protected":false},"featured_media":7844,"template":"","meta":{"om_disable_all_campaigns":false},"pwb-brand":[],"product_brand":[],"product_cat":[59,83],"product_tag":[697],"class_list":{"0":"post-7843","1":"product","2":"type-product","3":"status-publish","4":"has-post-thumbnail","6":"product_cat-camera-cage-and-kit","7":"product_cat-smallrig","8":"product_tag-697","10":"first","11":"outofstock","12":"shipping-taxable","13":"purchasable","14":"product-type-simple"},"aioseo_notices":[],"jetpack_sharing_enabled":true,"brands":[],"_links":{"self":[{"href":"https:\/\/proservice.com.ar\/index.php\/wp-json\/wp\/v2\/product\/7843","targetHints":{"allow":["GET"]}}],"collection":[{"href":"https:\/\/proservice.com.ar\/index.php\/wp-json\/wp\/v2\/product"}],"about":[{"href":"https:\/\/proservice.com.ar\/index.php\/wp-json\/wp\/v2\/types\/product"}],"wp:featuredmedia":[{"embeddable":true,"href":"https:\/\/proservice.com.ar\/index.php\/wp-json\/wp\/v2\/media\/7844"}],"wp:attachment":[{"href":"https:\/\/proservice.com.ar\/index.php\/wp-json\/wp\/v2\/media?parent=7843"}],"wp:term":[{"taxonomy":"pwb-brand","embeddable":true,"href":"https:\/\/proservice.com.ar\/index.php\/wp-json\/wp\/v2\/pwb-brand?post=7843"},{"taxonomy":"product_brand","embeddable":true,"href":"https:\/\/proservice.com.ar\/index.php\/wp-json\/wp\/v2\/product_brand?post=7843"},{"taxonomy":"product_cat","embeddable":true,"href":"https:\/\/proservice.com.ar\/index.php\/wp-json\/wp\/v2\/product_cat?post=7843"},{"taxonomy":"product_tag","embeddable":true,"href":"https:\/\/proservice.com.ar\/index.php\/wp-json\/wp\/v2\/product_tag?post=7843"}],"curies":[{"name":"wp","href":"https:\/\/api.w.org\/{rel}","templated":true}]}}