{"id":7850,"date":"2023-10-22T14:23:50","date_gmt":"2023-10-22T17:23:50","guid":{"rendered":"https:\/\/proservice.com.ar\/?post_type=product&#038;p=7850"},"modified":"2026-04-14T13:55:39","modified_gmt":"2026-04-14T16:55:39","slug":"smallrig-lightweight-camera-cage-for-sony-a7s-iii-2","status":"publish","type":"product","link":"https:\/\/proservice.com.ar\/index.php\/product\/smallrig-lightweight-camera-cage-for-sony-a7s-iii-2\/","title":{"rendered":"SmallRig Lightweight Camera Cage for Sony a7S III"},"content":{"rendered":"<p>A\u00f1ade protecci\u00f3n y accesorios sin a\u00f1adir peso a tu c\u00e1mara sin espejo Sony a7S III con esta jaula ligera para c\u00e1mara de SmallRig . Esta jaula actualizada est\u00e1 fabricada con una aleaci\u00f3n de magnesio y aluminio ligera y duradera, por lo que solo a\u00f1ade 127 g a tu equipo. La c\u00e1mara se monta en esta jaula ajustable con un tornillo integrado de 1\/4&#8243;-20 e incorpora un dise\u00f1o antitorsi\u00f3n con un tornillo M2.5 adicional en el lateral. Cuenta con acolchado en la parte superior e inferior de la jaula para proteger la c\u00e1mara de ara\u00f1azos. Mantiene el acceso a los controles y la zapata de la c\u00e1mara, as\u00ed como a todos los controles y puertos de la c\u00e1mara.<\/p>\n<p>Adem\u00e1s de una montura de zapata integrada y m\u00faltiples roscas para accesorios de 1\/4&#8243;-20 y 3\/8&#8243;-16, la jaula cuenta con roscas estilo ARRI para evitar que los accesorios se tuerzan al montarse. La jaula tambi\u00e9n cuenta con un riel NATO en el lateral para opciones de montaje adicionales. Una llave Allen se guarda en la parte inferior mediante un im\u00e1n para apretar el tornillo de la c\u00e1mara.<\/p>\n<p>Compatibilidad<br \/>\nC\u00e1mara sin espejo Sony a7S III<\/p>\n","protected":false},"excerpt":{"rendered":"<p>SmallRig Lightweight Camera Cage for Sony a7S III<\/p>\n","protected":false},"featured_media":7852,"template":"","meta":{"om_disable_all_campaigns":false},"pwb-brand":[],"product_brand":[],"product_cat":[59,83],"product_tag":[124],"class_list":{"0":"post-7850","1":"product","2":"type-product","3":"status-publish","4":"has-post-thumbnail","6":"product_cat-camera-cage-and-kit","7":"product_cat-smallrig","8":"product_tag-124","10":"first","11":"instock","12":"shipping-taxable","13":"purchasable","14":"product-type-simple"},"aioseo_notices":[],"jetpack_sharing_enabled":true,"brands":[],"_links":{"self":[{"href":"https:\/\/proservice.com.ar\/index.php\/wp-json\/wp\/v2\/product\/7850","targetHints":{"allow":["GET"]}}],"collection":[{"href":"https:\/\/proservice.com.ar\/index.php\/wp-json\/wp\/v2\/product"}],"about":[{"href":"https:\/\/proservice.com.ar\/index.php\/wp-json\/wp\/v2\/types\/product"}],"wp:featuredmedia":[{"embeddable":true,"href":"https:\/\/proservice.com.ar\/index.php\/wp-json\/wp\/v2\/media\/7852"}],"wp:attachment":[{"href":"https:\/\/proservice.com.ar\/index.php\/wp-json\/wp\/v2\/media?parent=7850"}],"wp:term":[{"taxonomy":"pwb-brand","embeddable":true,"href":"https:\/\/proservice.com.ar\/index.php\/wp-json\/wp\/v2\/pwb-brand?post=7850"},{"taxonomy":"product_brand","embeddable":true,"href":"https:\/\/proservice.com.ar\/index.php\/wp-json\/wp\/v2\/product_brand?post=7850"},{"taxonomy":"product_cat","embeddable":true,"href":"https:\/\/proservice.com.ar\/index.php\/wp-json\/wp\/v2\/product_cat?post=7850"},{"taxonomy":"product_tag","embeddable":true,"href":"https:\/\/proservice.com.ar\/index.php\/wp-json\/wp\/v2\/product_tag?post=7850"}],"curies":[{"name":"wp","href":"https:\/\/api.w.org\/{rel}","templated":true}]}}