{"id":7856,"date":"2023-10-22T14:36:52","date_gmt":"2023-10-22T17:36:52","guid":{"rendered":"https:\/\/proservice.com.ar\/?post_type=product&#038;p=7856"},"modified":"2026-04-14T13:55:12","modified_gmt":"2026-04-14T16:55:12","slug":"micro-converter-sdi-to-hdmi-3g-wpsu","status":"publish","type":"product","link":"https:\/\/proservice.com.ar\/index.php\/product\/micro-converter-sdi-to-hdmi-3g-wpsu\/","title":{"rendered":"Micro Converter SDI to HDMI 3G wPSU"},"content":{"rendered":"<p>Este modelo ha sido dise\u00f1ado espec\u00edficamente con el prop\u00f3sito de supervisar la calidad de las im\u00e1genes. Incluye una tabla de conversi\u00f3n (LUT) 3D de 17 puntos para calibrar monitores, proyectores o\u00a0televisores, que adem\u00e1s se puede aplicar a\u00a0la se\u00f1al transmitida mediante la salida SDI derivada. Cabe destacar asimismo que el conversor brinda compatibilidad con formatos y\u00a0frecuencias de imagen DCI, por ejemplo, 1080p24, 1080p47.95 y\u00a01080p48. Incluye fuente de alimentaci\u00f3n para corriente alterna (CA) de 110-240 V\u00a0con adaptadores para distintas tomas de\u00a0corriente.<\/p>\n","protected":false},"excerpt":{"rendered":"<p>Micro Converter SDI to HDMI 3G wPSU<\/p>\n","protected":false},"featured_media":7929,"template":"","meta":{"om_disable_all_campaigns":false},"pwb-brand":[],"product_brand":[],"product_cat":[71,57],"product_tag":[698],"class_list":{"0":"post-7856","1":"product","2":"type-product","3":"status-publish","4":"has-post-thumbnail","6":"product_cat-blackmagic-design","7":"product_cat-converter","8":"product_tag-micro-converter-sdi-to-hdmi-3g-wpsu","10":"first","11":"instock","12":"shipping-taxable","13":"purchasable","14":"product-type-simple"},"aioseo_notices":[],"jetpack_sharing_enabled":true,"brands":[],"_links":{"self":[{"href":"https:\/\/proservice.com.ar\/index.php\/wp-json\/wp\/v2\/product\/7856","targetHints":{"allow":["GET"]}}],"collection":[{"href":"https:\/\/proservice.com.ar\/index.php\/wp-json\/wp\/v2\/product"}],"about":[{"href":"https:\/\/proservice.com.ar\/index.php\/wp-json\/wp\/v2\/types\/product"}],"wp:featuredmedia":[{"embeddable":true,"href":"https:\/\/proservice.com.ar\/index.php\/wp-json\/wp\/v2\/media\/7929"}],"wp:attachment":[{"href":"https:\/\/proservice.com.ar\/index.php\/wp-json\/wp\/v2\/media?parent=7856"}],"wp:term":[{"taxonomy":"pwb-brand","embeddable":true,"href":"https:\/\/proservice.com.ar\/index.php\/wp-json\/wp\/v2\/pwb-brand?post=7856"},{"taxonomy":"product_brand","embeddable":true,"href":"https:\/\/proservice.com.ar\/index.php\/wp-json\/wp\/v2\/product_brand?post=7856"},{"taxonomy":"product_cat","embeddable":true,"href":"https:\/\/proservice.com.ar\/index.php\/wp-json\/wp\/v2\/product_cat?post=7856"},{"taxonomy":"product_tag","embeddable":true,"href":"https:\/\/proservice.com.ar\/index.php\/wp-json\/wp\/v2\/product_tag?post=7856"}],"curies":[{"name":"wp","href":"https:\/\/api.w.org\/{rel}","templated":true}]}}