{"id":7861,"date":"2024-10-22T14:38:32","date_gmt":"2024-10-22T17:38:32","guid":{"rendered":"https:\/\/proservice.com.ar\/?post_type=product&#038;p=7861"},"modified":"2026-02-10T14:16:11","modified_gmt":"2026-02-10T17:16:11","slug":"blackmagic-design-micro-converter-sdi-to-hdmi-12g-with-power-supply","status":"publish","type":"product","link":"https:\/\/proservice.com.ar\/index.php\/product\/blackmagic-design-micro-converter-sdi-to-hdmi-12g-with-power-supply\/","title":{"rendered":"Blackmagic Design Micro Converter SDI to HDMI 12G with Power Supply"},"content":{"rendered":"<p>Este conversor profesional compacto ha sido espec\u00edficamente dise\u00f1ado para realizar una supervisi\u00f3n profesional de las im\u00e1genes. Incluye una tabla de conversi\u00f3n (LUT) 3D de 17 puntos para calibrar monitores, proyectores o televisores, y es compatible con todos los formatos NTSC, PAL, 720p, 1080p, 1080PsF, 1080i y 2160p, inclusive DCI 4K a 24\/47.95\/48 f\/s. Adem\u00e1s, dispone de una fuente de alimentaci\u00f3n universal con adaptadores para corriente alterna, y puede alimentarse mediante cargadores comunes a trav\u00e9s del puerto USB.<\/p>\n","protected":false},"excerpt":{"rendered":"<p>Blackmagic Design Micro Converter SDI to HDMI 12G with Power Supply<\/p>\n","protected":false},"featured_media":7928,"template":"","meta":{"om_disable_all_campaigns":false},"pwb-brand":[],"product_brand":[],"product_cat":[71,57],"product_tag":[89],"class_list":{"0":"post-7861","1":"product","2":"type-product","3":"status-publish","4":"has-post-thumbnail","6":"product_cat-blackmagic-design","7":"product_cat-converter","8":"product_tag-convcmic-sh12g-wpsu","10":"first","11":"instock","12":"shipping-taxable","13":"purchasable","14":"product-type-simple"},"aioseo_notices":[],"jetpack_sharing_enabled":true,"brands":[],"_links":{"self":[{"href":"https:\/\/proservice.com.ar\/index.php\/wp-json\/wp\/v2\/product\/7861","targetHints":{"allow":["GET"]}}],"collection":[{"href":"https:\/\/proservice.com.ar\/index.php\/wp-json\/wp\/v2\/product"}],"about":[{"href":"https:\/\/proservice.com.ar\/index.php\/wp-json\/wp\/v2\/types\/product"}],"wp:featuredmedia":[{"embeddable":true,"href":"https:\/\/proservice.com.ar\/index.php\/wp-json\/wp\/v2\/media\/7928"}],"wp:attachment":[{"href":"https:\/\/proservice.com.ar\/index.php\/wp-json\/wp\/v2\/media?parent=7861"}],"wp:term":[{"taxonomy":"pwb-brand","embeddable":true,"href":"https:\/\/proservice.com.ar\/index.php\/wp-json\/wp\/v2\/pwb-brand?post=7861"},{"taxonomy":"product_brand","embeddable":true,"href":"https:\/\/proservice.com.ar\/index.php\/wp-json\/wp\/v2\/product_brand?post=7861"},{"taxonomy":"product_cat","embeddable":true,"href":"https:\/\/proservice.com.ar\/index.php\/wp-json\/wp\/v2\/product_cat?post=7861"},{"taxonomy":"product_tag","embeddable":true,"href":"https:\/\/proservice.com.ar\/index.php\/wp-json\/wp\/v2\/product_tag?post=7861"}],"curies":[{"name":"wp","href":"https:\/\/api.w.org\/{rel}","templated":true}]}}