{"id":7863,"date":"2023-10-22T14:42:46","date_gmt":"2023-10-22T17:42:46","guid":{"rendered":"https:\/\/proservice.com.ar\/?post_type=product&#038;p=7863"},"modified":"2026-04-14T13:54:54","modified_gmt":"2026-04-14T16:54:54","slug":"blackmagic-design-micro-converter-hdmi-to-sdi-12g-with-power-supply","status":"publish","type":"product","link":"https:\/\/proservice.com.ar\/index.php\/product\/blackmagic-design-micro-converter-hdmi-to-sdi-12g-with-power-supply\/","title":{"rendered":"Blackmagic Design Micro Converter HDMI to SDI 12G with Power Supply"},"content":{"rendered":"<p>Este conversor profesional compacto es ideal para conectar c\u00e1maras HDMI y equipos inform\u00e1ticos a dispositivos SDI. Incluye dos salidas SDI 12G (nivel A o B para se\u00f1ales SDI 3G) y es compatible con todos los formatos NTSC, PAL, 720p, 1080p, 1080i y 2160p, inclusive DCI 4K a 24\/47.95\/48 f\/s. Adem\u00e1s, dispone de una fuente de alimentaci\u00f3n universal con adaptadores para corriente alterna, y puede alimentarse mediante cargadores comunes a trav\u00e9s del puerto USB.<\/p>\n","protected":false},"excerpt":{"rendered":"<p>Blackmagic Design Micro Converter HDMI to SDI 12G with Power Supply<\/p>\n","protected":false},"featured_media":7931,"template":"","meta":{"om_disable_all_campaigns":false},"pwb-brand":[],"product_brand":[],"product_cat":[71,57],"product_tag":[90],"class_list":{"0":"post-7863","1":"product","2":"type-product","3":"status-publish","4":"has-post-thumbnail","6":"product_cat-blackmagic-design","7":"product_cat-converter","8":"product_tag-convcmic-hs12g-wpsu","10":"first","11":"instock","12":"shipping-taxable","13":"purchasable","14":"product-type-simple"},"aioseo_notices":[],"jetpack_sharing_enabled":true,"brands":[],"_links":{"self":[{"href":"https:\/\/proservice.com.ar\/index.php\/wp-json\/wp\/v2\/product\/7863","targetHints":{"allow":["GET"]}}],"collection":[{"href":"https:\/\/proservice.com.ar\/index.php\/wp-json\/wp\/v2\/product"}],"about":[{"href":"https:\/\/proservice.com.ar\/index.php\/wp-json\/wp\/v2\/types\/product"}],"wp:featuredmedia":[{"embeddable":true,"href":"https:\/\/proservice.com.ar\/index.php\/wp-json\/wp\/v2\/media\/7931"}],"wp:attachment":[{"href":"https:\/\/proservice.com.ar\/index.php\/wp-json\/wp\/v2\/media?parent=7863"}],"wp:term":[{"taxonomy":"pwb-brand","embeddable":true,"href":"https:\/\/proservice.com.ar\/index.php\/wp-json\/wp\/v2\/pwb-brand?post=7863"},{"taxonomy":"product_brand","embeddable":true,"href":"https:\/\/proservice.com.ar\/index.php\/wp-json\/wp\/v2\/product_brand?post=7863"},{"taxonomy":"product_cat","embeddable":true,"href":"https:\/\/proservice.com.ar\/index.php\/wp-json\/wp\/v2\/product_cat?post=7863"},{"taxonomy":"product_tag","embeddable":true,"href":"https:\/\/proservice.com.ar\/index.php\/wp-json\/wp\/v2\/product_tag?post=7863"}],"curies":[{"name":"wp","href":"https:\/\/api.w.org\/{rel}","templated":true}]}}