{"id":7869,"date":"2023-10-22T14:48:33","date_gmt":"2023-10-22T17:48:33","guid":{"rendered":"https:\/\/proservice.com.ar\/?post_type=product&#038;p=7869"},"modified":"2026-02-11T09:38:48","modified_gmt":"2026-02-11T12:38:48","slug":"smallrig-full-camera-cage-for-sony-a7-iii-a7r-iii","status":"publish","type":"product","link":"https:\/\/proservice.com.ar\/index.php\/product\/smallrig-full-camera-cage-for-sony-a7-iii-a7r-iii\/","title":{"rendered":"SmallRig Full Camera Cage for Sony a7 III &amp; a7R III"},"content":{"rendered":"<p><span dir=\"auto\">Dise\u00f1ada para la Sony a7 III y a7R III, este cage<\/span><span dir=\"auto\">\u00a0SmallRig<\/span><span dir=\"auto\">\u00a0protege tu c\u00e1mara y ampl\u00eda sus posibilidades de montaje. La jaula permite el acceso a los puertos y controles de la c\u00e1mara y se fija al dispositivo mediante tornillos de 1\/4&#8243;-20 y M2.5. Las m\u00faltiples roscas antitorsi\u00f3n ARRI de 1\/4&#8243;-20 y 3\/8&#8243;-16 permiten montar accesorios como brazos articulados o abrazaderas para cables.<\/span><\/p>\n<p><span dir=\"auto\">Dos zapatas fr\u00edas en la parte superior de la jaula permiten alojar una luz LED de relleno y un monitor secundario. Conecte un asa lateral compatible mediante el riel NATO y utilice el conector QD en la parte inferior para fijar las correas de hombro. Una placa tipo Arca integrada permite una transici\u00f3n eficiente de la c\u00e1mara de grabaci\u00f3n a mano al grabar con estabilizadores compatibles de la serie DJI RS.<\/span><\/p>\n","protected":false},"excerpt":{"rendered":"<p>SmallRig Full Camera Cage for Sony a7 III &amp; a7R III<\/p>\n","protected":false},"featured_media":7871,"template":"","meta":{"om_disable_all_campaigns":false},"pwb-brand":[],"product_brand":[],"product_cat":[59,83],"product_tag":[699],"class_list":{"0":"post-7869","1":"product","2":"type-product","3":"status-publish","4":"has-post-thumbnail","6":"product_cat-camera-cage-and-kit","7":"product_cat-smallrig","8":"product_tag-2087d","10":"first","11":"outofstock","12":"shipping-taxable","13":"product-type-simple"},"aioseo_notices":[],"jetpack_sharing_enabled":true,"brands":[],"_links":{"self":[{"href":"https:\/\/proservice.com.ar\/index.php\/wp-json\/wp\/v2\/product\/7869","targetHints":{"allow":["GET"]}}],"collection":[{"href":"https:\/\/proservice.com.ar\/index.php\/wp-json\/wp\/v2\/product"}],"about":[{"href":"https:\/\/proservice.com.ar\/index.php\/wp-json\/wp\/v2\/types\/product"}],"wp:featuredmedia":[{"embeddable":true,"href":"https:\/\/proservice.com.ar\/index.php\/wp-json\/wp\/v2\/media\/7871"}],"wp:attachment":[{"href":"https:\/\/proservice.com.ar\/index.php\/wp-json\/wp\/v2\/media?parent=7869"}],"wp:term":[{"taxonomy":"pwb-brand","embeddable":true,"href":"https:\/\/proservice.com.ar\/index.php\/wp-json\/wp\/v2\/pwb-brand?post=7869"},{"taxonomy":"product_brand","embeddable":true,"href":"https:\/\/proservice.com.ar\/index.php\/wp-json\/wp\/v2\/product_brand?post=7869"},{"taxonomy":"product_cat","embeddable":true,"href":"https:\/\/proservice.com.ar\/index.php\/wp-json\/wp\/v2\/product_cat?post=7869"},{"taxonomy":"product_tag","embeddable":true,"href":"https:\/\/proservice.com.ar\/index.php\/wp-json\/wp\/v2\/product_tag?post=7869"}],"curies":[{"name":"wp","href":"https:\/\/api.w.org\/{rel}","templated":true}]}}