{"id":7874,"date":"2025-10-22T14:59:16","date_gmt":"2025-10-22T17:59:16","guid":{"rendered":"https:\/\/proservice.com.ar\/?post_type=product&#038;p=7874"},"modified":"2026-03-31T09:25:26","modified_gmt":"2026-03-31T12:25:26","slug":"smallrig-ap-02-lightweight-aluminum-travel-tripod-with-arca-type-ball-head","status":"publish","type":"product","link":"https:\/\/proservice.com.ar\/index.php\/product\/smallrig-ap-02-lightweight-aluminum-travel-tripod-with-arca-type-ball-head\/","title":{"rendered":"SmallRig AP-02 Lightweight Aluminum Travel Tripod with Arca-Type Ball Head"},"content":{"rendered":"<div class=\"productDescription_UbV5SNP5Eo\" data-selenium=\"overviewLongDescription\">\n<div class=\"js-injected-html text_UbV5SNP5Eo\">\n<p><span dir=\"auto\">El\u00a0<\/span><span dir=\"auto\">tr\u00edpode de viaje ligero de aluminio AP-02<\/span><span dir=\"auto\">\u00a0de\u00a0<\/span><span dir=\"auto\">SmallRig<\/span><span dir=\"auto\">\u00a0es vers\u00e1til y compacto, con una capacidad de carga de 8 kg y una altura m\u00e1xima de 158 cm. Pesa solo 1,1 kg y se pliega hasta alcanzar una longitud de 53 cm, lo que facilita su transporte en una mochila. Las patas y la columna central de aluminio ligero tienen una forma facetada para mayor resistencia y rigidez.<\/span><\/p>\n<p><span dir=\"auto\">La r\u00f3tula incluida cuenta con una palanca de bloqueo para realizar ajustes r\u00e1pidos, adem\u00e1s de una perilla de bloqueo independiente para su base panor\u00e1mica. Incorpora una abrazadera de liberaci\u00f3n r\u00e1pida tipo Arca con perilla de bloqueo cl\u00e1sica e incluye una placa de liberaci\u00f3n r\u00e1pida. La r\u00f3tula tambi\u00e9n cuenta con dos niveles de burbuja para un posicionamiento preciso.<\/span><\/p>\n<\/div>\n<\/div>\n<div class=\"feature_UbV5SNP5Eo\">\n<div class=\"feature_UbV5SNP5Eo\">\n<div class=\"feature_UbV5SNP5Eo\">\n<div>\n<div class=\"js-injected-html text_UbV5SNP5Eo\">\n<ul>\n<li><span dir=\"auto\">Columna central reversible y extra\u00edble para disparos invertidos<\/span><\/li>\n<li><span dir=\"auto\">Gancho de lastre de la columna central para mayor estabilidad<\/span><\/li>\n<li><span dir=\"auto\">Apertura de piernas independiente<\/span><\/li>\n<li><span dir=\"auto\">\u00c1ngulos de bloqueo de las patas: 23, 55 y 80\u00b0<\/span><\/li>\n<li><span dir=\"auto\">Juntas Flip-lock para una instalaci\u00f3n r\u00e1pida<\/span><\/li>\n<li><span dir=\"auto\">Patas de acero con p\u00faas y cubiertas de goma<\/span><\/li>\n<li><span dir=\"auto\">Di\u00e1metro de almacenamiento plegado: 1,96&#8243;<\/span><\/li>\n<li><span dir=\"auto\">Soporte para accesorios con rosca de 1\/4&#8243;-20 para monitor o micr\u00f3fono<\/span><\/li>\n<\/ul>\n<\/div>\n<\/div>\n<\/div>\n<\/div>\n<\/div>\n","protected":false},"excerpt":{"rendered":"<p>SmallRig AP-02 Lightweight Aluminum Travel Tripod with Arca-Type Ball Head<\/p>\n","protected":false},"featured_media":7876,"template":"","meta":{"om_disable_all_campaigns":false},"pwb-brand":[],"product_brand":[],"product_cat":[83,299],"product_tag":[700],"class_list":{"0":"post-7874","1":"product","2":"type-product","3":"status-publish","4":"has-post-thumbnail","6":"product_cat-smallrig","7":"product_cat-tripods","8":"product_tag-4222b","10":"first","11":"outofstock","12":"shipping-taxable","13":"purchasable","14":"product-type-simple"},"aioseo_notices":[],"jetpack_sharing_enabled":true,"brands":[],"_links":{"self":[{"href":"https:\/\/proservice.com.ar\/index.php\/wp-json\/wp\/v2\/product\/7874","targetHints":{"allow":["GET"]}}],"collection":[{"href":"https:\/\/proservice.com.ar\/index.php\/wp-json\/wp\/v2\/product"}],"about":[{"href":"https:\/\/proservice.com.ar\/index.php\/wp-json\/wp\/v2\/types\/product"}],"wp:featuredmedia":[{"embeddable":true,"href":"https:\/\/proservice.com.ar\/index.php\/wp-json\/wp\/v2\/media\/7876"}],"wp:attachment":[{"href":"https:\/\/proservice.com.ar\/index.php\/wp-json\/wp\/v2\/media?parent=7874"}],"wp:term":[{"taxonomy":"pwb-brand","embeddable":true,"href":"https:\/\/proservice.com.ar\/index.php\/wp-json\/wp\/v2\/pwb-brand?post=7874"},{"taxonomy":"product_brand","embeddable":true,"href":"https:\/\/proservice.com.ar\/index.php\/wp-json\/wp\/v2\/product_brand?post=7874"},{"taxonomy":"product_cat","embeddable":true,"href":"https:\/\/proservice.com.ar\/index.php\/wp-json\/wp\/v2\/product_cat?post=7874"},{"taxonomy":"product_tag","embeddable":true,"href":"https:\/\/proservice.com.ar\/index.php\/wp-json\/wp\/v2\/product_tag?post=7874"}],"curies":[{"name":"wp","href":"https:\/\/api.w.org\/{rel}","templated":true}]}}